{"id":282848,"date":"2025-07-14T11:21:19","date_gmt":"2025-07-14T09:21:19","guid":{"rendered":"https:\/\/www.huntersfriend.eu\/product\/alps-outdoorz-dreibein-hocker\/"},"modified":"2026-03-26T13:45:26","modified_gmt":"2026-03-26T11:45:26","slug":"alps-outdoorz-dreibein-hocker","status":"publish","type":"product","link":"https:\/\/www.huntersfriend.eu\/de\/produkt\/alps-outdoorz-dreibein-hocker\/","title":{"rendered":"Alps outdoorz Dreibein-Hocker"},"content":{"rendered":"<p>Der Dreibein-Hocker ist ideal, wenn Platz begrenzt und Gewicht ein Faktor ist. Der Dreibein-Hocker l\u00e4sst sich zusammenklappen und passt kompakt in eine Tragetasche. Der 0,9 Kilogramm schwere Hocker besteht aus einem pulverbeschichteten Stahlrahmen und verf\u00fcgt \u00fcber ein verst\u00e4rkendes zus\u00e4tzliches Mittelst\u00fctzsystem, das bis zu 113 Kilogramm tragen kann. Der Stoff besteht aus strapazierf\u00e4higem 600D Polyester. Zudem ist am Dreibein-Hocker ein Tragegurt befestigt, falls Sie die Tragetasche nicht mitnehmen m\u00f6chten.    <\/p>\n<p>\u2022 Zus\u00e4tzliche Mittelst\u00fctze<\/p>\n<p>\u2022 Gurtband-Trageriemen inbegriffen<\/p>\n<p>\u2022 Unteres Gurtband f\u00fcr zus\u00e4tzliche Stabilit\u00e4t<\/p>\n<p>\u2022 Pulverbeschichteter Stahlrahmen<\/p>\n<p>\u2022 Transporttasche mit Kordelzug<\/p>\n<table border=\"3\">\n<tbody>\n<tr align=\"CENTER\">\n<td><b>Sitzbreite<\/b><\/td>\n<td>35,56 cm<\/td>\n<\/tr>\n<tr align=\"CENTER\">\n<td><b>Sitztiefe<\/b><\/td>\n<td>33,02 cm<\/td>\n<\/tr>\n<tr align=\"CENTER\">\n<td><b>Sitzh\u00f6he<\/b><\/td>\n<td>43,18 cm<\/td>\n<\/tr>\n<tr align=\"CENTER\">\n<td><b>Verpackungsma\u00dfe<\/b><\/td>\n<td>58,42 cm L x 8,89 cm B x 8,89 cm H<\/td>\n<\/tr>\n<tr align=\"CENTER\">\n<td><b>Gewicht<\/b><\/td>\n<td>0,91 kg<\/td>\n<\/tr>\n<tr align=\"CENTER\">\n<td><b>Maximalbelastung<\/b><\/td>\n<td>113,4 kg<\/td>\n<\/tr>\n<\/tbody>\n<\/table>\n","protected":false},"excerpt":{"rendered":"<p>Der Dreibein-Hocker ist ideal, wenn Platz begrenzt und Gewicht ein Faktor ist. Der Dreibein-Hocker l\u00e4sst sich zusammenklappen und passt kompakt in eine Tragetasche. Der 0,9 Kilogramm schwere Hocker besteht aus einem pulverbeschichteten Stahlrahmen und verf\u00fcgt \u00fcber ein verst\u00e4rkendes zus\u00e4tzliches Mittelst\u00fctzsystem, das bis zu 113 Kilogramm tragen kann. Der Stoff besteht aus strapazierf\u00e4higem 600D Polyester. Zudem [&#8230;]\n","protected":false},"featured_media":282792,"comment_status":"open","ping_status":"closed","template":"","meta":[],"product_brand":[],"product_cat":[2050,1364,1171,1222],"product_tag":[],"class_list":{"0":"post-282848","1":"product","2":"type-product","3":"status-publish","4":"has-post-thumbnail","6":"product_cat-campingzubehor","7":"product_cat-blind-sitz","8":"product_cat-sitz-und-schirm-zubehoer","9":"product_cat-sonderangebote","11":"first","12":"instock","13":"sale","14":"taxable","15":"shipping-taxable","16":"purchasable","17":"product-type-variable"},"composite_virtual":false,"composite_layout":"","composite_add_to_cart_form_location":"","composite_editable_in_cart":false,"composite_sold_individually_context":"","composite_shop_price_calc":"","composite_components":[],"composite_scenarios":[],"group_of_quantity":0,"min_quantity":0,"max_quantity":"","exclude_order_quantity_value_rules":"no","exclude_category_quantity_rules":"no","combine_variations":"no","exclude_global_add_ons":[],"addons":[],"_links":{"self":[{"href":"https:\/\/www.huntersfriend.eu\/de\/wp-json\/wp\/v2\/product\/282848","targetHints":{"allow":["GET"]}}],"collection":[{"href":"https:\/\/www.huntersfriend.eu\/de\/wp-json\/wp\/v2\/product"}],"about":[{"href":"https:\/\/www.huntersfriend.eu\/de\/wp-json\/wp\/v2\/types\/product"}],"replies":[{"embeddable":true,"href":"https:\/\/www.huntersfriend.eu\/de\/wp-json\/wp\/v2\/comments?post=282848"}],"wp:featuredmedia":[{"embeddable":true,"href":"https:\/\/www.huntersfriend.eu\/de\/wp-json\/wp\/v2\/media\/282792"}],"wp:attachment":[{"href":"https:\/\/www.huntersfriend.eu\/de\/wp-json\/wp\/v2\/media?parent=282848"}],"wp:term":[{"taxonomy":"product_brand","embeddable":true,"href":"https:\/\/www.huntersfriend.eu\/de\/wp-json\/wp\/v2\/product_brand?post=282848"},{"taxonomy":"product_cat","embeddable":true,"href":"https:\/\/www.huntersfriend.eu\/de\/wp-json\/wp\/v2\/product_cat?post=282848"},{"taxonomy":"product_tag","embeddable":true,"href":"https:\/\/www.huntersfriend.eu\/de\/wp-json\/wp\/v2\/product_tag?post=282848"}],"curies":[{"name":"wp","href":"https:\/\/api.w.org\/{rel}","templated":true}]}}