{"id":282843,"date":"2025-07-14T11:39:45","date_gmt":"2025-07-14T09:39:45","guid":{"rendered":"https:\/\/www.huntersfriend.eu\/product\/annihilator-3-klingen-einzelfase\/"},"modified":"2025-11-25T12:21:13","modified_gmt":"2025-11-25T10:21:13","slug":"annihilator-3-klingen-einzelfase","status":"publish","type":"product","link":"https:\/\/www.huntersfriend.eu\/de\/produkt\/annihilator-3-klingen-einzelfase\/","title":{"rendered":"Annihilator 3-Klingen-Einzelfase"},"content":{"rendered":"<p>Packung mit (3) SINGLE BEVEL 100 Grain Standard oder XL Annihilator Broadheads<\/p>\n<div>\n<p>Gebaut auf der gleichen Plattform wie die Originalserie. Wir haben die Art und Weise, wie wir schleifen, modifiziert, um die SCH\u00c4RFSTEN ANNIHILATORS \u00fcberhaupt herzustellen. Erwarten Sie eine erh\u00f6hte Penetration und schneller mehr Blut auf dem Boden im Vergleich zu den OG-Doppelfasen.  <\/p>\n<p><em><strong>\u00dcBER ANNIHILATORS:<\/strong><\/em><\/p>\n<p>Annihilator Broadheads sind so konstruiert, dass sie wie Feldspitzen fliegen, nahezu unzerst\u00f6rbar sind, Tiere durchdringen und die T\u00f6dlichkeit gegen\u00fcber anderen Designs erh\u00f6hen. Der Annihilator ist eine neue Form, die eine Evolution in der Broadhead-Effizienz definiert, um Wild ethisch mit einem Bogen oder einer Armbrust zu erlegen. Lesen Sie unser <a title=\"Warum sind Annihilator Broadheads die besten Broadheads?\" href=\"https:\/\/cdn.shopify.com\/s\/files\/1\/0590\/3283\/0135\/files\/Why_Annihilator.pdf?v=1652116220\" target=\"_blank\" rel=\"noopener\">Warum Annihilator PDF<\/a> f\u00fcr weitere Details.  <\/p>\n<\/div>\n<p class=\"p1\"><strong>Tiere sterben schneller mit dem Annihilator<\/strong><\/p>\n<ul>\n<li>Stanzt L\u00f6cher durch Wildtiere jeder Gr\u00f6\u00dfe<\/li>\n<li>Nicht schlie\u00dfende Wundkan\u00e4le<\/li>\n<li>Reduziert die Reibung auf dem Pfeilschaft oder Bolzen<\/li>\n<li>Induziert Druckver\u00e4nderungen im K\u00f6rper eines Tieres<\/li>\n<\/ul>\n<p><strong>Annihilators treffen ins Schwarze und halten ein Leben lang<\/strong><\/p>\n<ul>\n<li>L\u00e4sst sich leicht nachsch\u00e4rfen und ist wiederverwendbar<\/li>\n<li>Praktisch unzerst\u00f6rbar<\/li>\n<li>Langstrecken-Feldpunktgenauigkeit<\/li>\n<li>Verwendung mit Compoundb\u00f6gen, Armbr\u00fcsten, traditionellen B\u00f6gen, Langb\u00f6gen<\/li>\n<li>Funktioniert sowohl bei hohen als auch bei niedrigen Pfeilgeschwindigkeiten gleicherma\u00dfen<\/li>\n<\/ul>\n<p><strong>Spezifikationen:<\/strong><\/p>\n<ul>\n<li>Annihilators werden stolz zu 100 % in den USA entwickelt und hergestellt und werden mit einer lebenslangen Garantie gegen Herstellungsfehler geliefert.<\/li>\n<li>Annihilators in Standardgr\u00f6\u00dfe haben stolz einen Schnittdurchmesser von 0,910 Zoll und passen nicht durch einen 7\/8-Zoll-Ring (0,875).<\/li>\n<li>Annihilators haben eine Schneidfl\u00e4chenfl\u00e4che von 0,180 Quadratzoll; die gr\u00f6\u00dfte Schneidfl\u00e4chenfl\u00e4che aller anderen Broadheads. Details finden Sie in der Tabelle unter den Produktbildern. <\/li>\n<li>Hergestellt aus einem einzigen St\u00fcck 4140-Legierungsstahl, geh\u00e4rtet auf Rockwell RC: 52 mit 30 Grad abgeschr\u00e4gten Kanten f\u00fcr \u00fcberlegene Schnitthaltigkeit und extreme Haltbarkeit.<\/li>\n<li>Die Standardschaftl\u00e4nge betr\u00e4gt 0,590&#8243; und passt f\u00fcr die meisten Insert-, Halbsert- oder Outsert-Systeme, die ein Standard-8\/32-Gewindemuster verwenden. Annihilators bei\u00dfen mit weniger als 1 voller Umdrehung und richten sich konzentrisch selbst auf den Pfeileinsatz aus. Es kann jedoch sein, dass 100-Grain-Annihilators mit bestimmten Ethics-Eins\u00e4tzen und HIT-Eins\u00e4tzen (abh\u00e4ngig von der Tiefe, in der HITs geklebt werden) nicht die empfohlenen 2 vollen Umdrehungen erreichen.  <\/li>\n<li>Die K\u00f6pfe sind pro Packung in Match-Qualit\u00e4t, was garantiert, dass alle 3 Broadheads innerhalb von 0,2 Grain voneinander wiegen.<\/li>\n<\/ul>\n","protected":false},"excerpt":{"rendered":"<p>Packung mit (3) SINGLE BEVEL 100 Grain Standard oder XL Annihilator Broadheads Gebaut auf der gleichen Plattform wie die Originalserie. Wir haben die Art und Weise, wie wir schleifen, modifiziert, um die SCH\u00c4RFSTEN ANNIHILATORS \u00fcberhaupt herzustellen. Erwarten Sie eine erh\u00f6hte Penetration und schneller mehr Blut auf dem Boden im Vergleich zu den OG-Doppelfasen. \u00dcBER ANNIHILATORS: [&#8230;]\n","protected":false},"featured_media":282821,"comment_status":"open","ping_status":"closed","template":"","meta":[],"product_brand":[],"product_cat":[1079],"product_tag":[],"class_list":{"0":"post-282843","1":"product","2":"type-product","3":"status-publish","4":"has-post-thumbnail","6":"product_cat-jagd-spitzen","8":"first","9":"instock","10":"taxable","11":"shipping-taxable","12":"purchasable","13":"product-type-variable"},"composite_virtual":false,"composite_layout":"","composite_add_to_cart_form_location":"","composite_editable_in_cart":false,"composite_sold_individually_context":"","composite_shop_price_calc":"","composite_components":[],"composite_scenarios":[],"group_of_quantity":0,"min_quantity":0,"max_quantity":"","exclude_order_quantity_value_rules":"no","exclude_category_quantity_rules":"no","combine_variations":"no","exclude_global_add_ons":[],"addons":[],"_links":{"self":[{"href":"https:\/\/www.huntersfriend.eu\/de\/wp-json\/wp\/v2\/product\/282843","targetHints":{"allow":["GET"]}}],"collection":[{"href":"https:\/\/www.huntersfriend.eu\/de\/wp-json\/wp\/v2\/product"}],"about":[{"href":"https:\/\/www.huntersfriend.eu\/de\/wp-json\/wp\/v2\/types\/product"}],"replies":[{"embeddable":true,"href":"https:\/\/www.huntersfriend.eu\/de\/wp-json\/wp\/v2\/comments?post=282843"}],"wp:featuredmedia":[{"embeddable":true,"href":"https:\/\/www.huntersfriend.eu\/de\/wp-json\/wp\/v2\/media\/282821"}],"wp:attachment":[{"href":"https:\/\/www.huntersfriend.eu\/de\/wp-json\/wp\/v2\/media?parent=282843"}],"wp:term":[{"taxonomy":"product_brand","embeddable":true,"href":"https:\/\/www.huntersfriend.eu\/de\/wp-json\/wp\/v2\/product_brand?post=282843"},{"taxonomy":"product_cat","embeddable":true,"href":"https:\/\/www.huntersfriend.eu\/de\/wp-json\/wp\/v2\/product_cat?post=282843"},{"taxonomy":"product_tag","embeddable":true,"href":"https:\/\/www.huntersfriend.eu\/de\/wp-json\/wp\/v2\/product_tag?post=282843"}],"curies":[{"name":"wp","href":"https:\/\/api.w.org\/{rel}","templated":true}]}}