{"id":282839,"date":"2025-07-14T11:52:32","date_gmt":"2025-07-14T10:05:41","guid":{"rendered":"https:\/\/www.huntersfriend.eu\/product\/alps-outdoorz-high-caliber-reisetasche\/"},"modified":"2025-10-30T11:53:30","modified_gmt":"2025-10-30T09:53:30","slug":"alps-outdoorz-high-caliber-reisetasche","status":"publish","type":"product","link":"https:\/\/www.huntersfriend.eu\/de\/produkt\/alps-outdoorz-high-caliber-reisetasche\/","title":{"rendered":"Alps outdoorz High Caliber Reisetasche"},"content":{"rendered":"<p>Die High Caliber Reisetaschen sind in drei verschiedenen Gr\u00f6\u00dfen erh\u00e4ltlich: Standard (61 cm lang), Gro\u00df (76 cm lang) und Extra-Gro\u00df (91 cm lang). Sie verf\u00fcgen \u00fcber einen gepolsterten Schultergurt, sodass Sie sie bei erheblichem Gewicht \u00fcber die Schulter tragen k\u00f6nnen. Der Schultergurt ist bei Bedarf abnehmbar. Zudem gibt es einen gepolsterten Handgriff, der ein einfaches Aufheben und Tragen der Tasche erm\u00f6glicht. Das U-f\u00f6rmige Hauptfach bietet eine gro\u00dfe \u00d6ffnung, sodass Sie Ihr Gep\u00e4ck leicht verstauen und entnehmen k\u00f6nnen. Eine Fronttasche dient zur separaten und leicht zug\u00e4nglichen Aufbewahrung kleinerer Gegenst\u00e4nde. Zus\u00e4tzlich befinden sich an beiden Enden Taschen f\u00fcr weitere Ausr\u00fcstung. Die High Caliber Reisetaschen eignen sich hervorragend f\u00fcr den Transport Ihrer gesamten Ausr\u00fcstung, sei es beim Camping, auf der Jagd oder auf Reisen!       <\/p>\n<p>Hauptmerkmale:<\/p>\n<ul>\n<li> Taschen: Hauptfach, zwei Seiten- und eine Fronttasche<\/li>\n<li>U-f\u00f6rmiges Hauptfach mit robustem #10 Rei\u00dfverschluss<\/li>\n<li>Verstellbarer, abnehmbarer gepolsterter Schultergurt<\/li>\n<li>Gepolsterter Handgriff\u00fcberzug<\/li>\n<li>Zus\u00e4tzliche Griffe an beiden Enden<\/li>\n<li>600D Realtree\u00ae Edge\u2122 Gewebe<\/li>\n<li>Fassungsverm\u00f6gen 55 Liter<\/li>\n<li>Ma\u00dfe: 61 cm x 30,5 cm x 30,5 cm<\/li>\n<\/ul>\n","protected":false},"excerpt":{"rendered":"<p>Die High Caliber Reisetaschen sind in drei verschiedenen Gr\u00f6\u00dfen erh\u00e4ltlich: Standard (61 cm lang), Gro\u00df (76 cm lang) und Extra-Gro\u00df (91 cm lang). Sie verf\u00fcgen \u00fcber einen gepolsterten Schultergurt, sodass Sie sie bei erheblichem Gewicht \u00fcber die Schulter tragen k\u00f6nnen. Der Schultergurt ist bei Bedarf abnehmbar. Zudem gibt es einen gepolsterten Handgriff, der ein einfaches [&#8230;]\n","protected":false},"featured_media":282835,"comment_status":"open","ping_status":"closed","template":"","meta":[],"product_brand":[],"product_cat":[1774],"product_tag":[],"class_list":{"0":"post-282839","1":"product","2":"type-product","3":"status-publish","4":"has-post-thumbnail","6":"product_cat-jagd-rucksacke","8":"first","9":"instock","10":"taxable","11":"shipping-taxable","12":"purchasable","13":"product-type-variable"},"composite_virtual":false,"composite_layout":"","composite_add_to_cart_form_location":"","composite_editable_in_cart":false,"composite_sold_individually_context":"","composite_shop_price_calc":"","composite_components":[],"composite_scenarios":[],"group_of_quantity":0,"min_quantity":0,"max_quantity":"","exclude_order_quantity_value_rules":"no","exclude_category_quantity_rules":"no","combine_variations":"no","exclude_global_add_ons":[],"addons":[],"_links":{"self":[{"href":"https:\/\/www.huntersfriend.eu\/de\/wp-json\/wp\/v2\/product\/282839","targetHints":{"allow":["GET"]}}],"collection":[{"href":"https:\/\/www.huntersfriend.eu\/de\/wp-json\/wp\/v2\/product"}],"about":[{"href":"https:\/\/www.huntersfriend.eu\/de\/wp-json\/wp\/v2\/types\/product"}],"replies":[{"embeddable":true,"href":"https:\/\/www.huntersfriend.eu\/de\/wp-json\/wp\/v2\/comments?post=282839"}],"wp:featuredmedia":[{"embeddable":true,"href":"https:\/\/www.huntersfriend.eu\/de\/wp-json\/wp\/v2\/media\/282835"}],"wp:attachment":[{"href":"https:\/\/www.huntersfriend.eu\/de\/wp-json\/wp\/v2\/media?parent=282839"}],"wp:term":[{"taxonomy":"product_brand","embeddable":true,"href":"https:\/\/www.huntersfriend.eu\/de\/wp-json\/wp\/v2\/product_brand?post=282839"},{"taxonomy":"product_cat","embeddable":true,"href":"https:\/\/www.huntersfriend.eu\/de\/wp-json\/wp\/v2\/product_cat?post=282839"},{"taxonomy":"product_tag","embeddable":true,"href":"https:\/\/www.huntersfriend.eu\/de\/wp-json\/wp\/v2\/product_tag?post=282839"}],"curies":[{"name":"wp","href":"https:\/\/api.w.org\/{rel}","templated":true}]}}