{"id":282693,"date":"2025-06-13T00:39:26","date_gmt":"2025-06-12T22:39:26","guid":{"rendered":"https:\/\/www.huntersfriend.eu\/product\/primedge-ergosteel-ii-messerschaerfer\/"},"modified":"2025-10-25T11:23:34","modified_gmt":"2025-10-25T09:23:34","slug":"primedge-ergosteel-ii-messerschaerfer","status":"publish","type":"product","link":"https:\/\/www.huntersfriend.eu\/de\/produkt\/primedge-ergosteel-ii-messerschaerfer\/","title":{"rendered":"PRIMedge ErgoSteel II Messersch\u00e4rfer"},"content":{"rendered":"<p data-start=\"0\" data-end=\"413\">Mit dem benutzerfreundlichen PRIMEdge ErgoSteel II Messersch\u00e4rfer k\u00f6nnen Sie die Sch\u00e4rfe Ihrer Messer bequem erhalten. Dieser Wartungssch\u00e4rfer wurde f\u00fcr den professionellen Einsatz entwickelt und verf\u00fcgt \u00fcber \u00fcberlappende Stahlst\u00e4be, die pr\u00e4zise gespannt sind, um den perfekten Widerstand zwischen Messer und St\u00e4ben zu gew\u00e4hrleisten. So werden beide Seiten der Klinge gleichzeitig schnell und m\u00fchelos gesch\u00e4rft. <\/p>\n<p data-start=\"415\" data-end=\"598\">Der PRIMEdge ErgoSteel II Sch\u00e4rfer kann entweder an der Kante eines Tisches montiert oder auf seinen mitgelieferten St\u00e4nder gestellt werden. Der leichte, kompakte St\u00e4nder ist einfach zu verstauen, zu warten und zu reinigen. <\/p>\n<p data-start=\"600\" data-end=\"619\"><strong data-start=\"600\" data-end=\"617\">Hauptmerkmale:<\/strong><\/p>\n<ul data-start=\"620\" data-end=\"902\" data-is-last-node=\"\" data-is-only-node=\"\">\n<li data-start=\"620\" data-end=\"635\">\n<p data-start=\"622\" data-end=\"635\">Einfach zu bedienen<\/p>\n<\/li>\n<li data-start=\"636\" data-end=\"706\">\n<p data-start=\"638\" data-end=\"706\">Schnelles Messersch\u00e4rfen \u2013 perfekter Klingenwinkel in Sekunden<\/p>\n<\/li>\n<li data-start=\"707\" data-end=\"796\">\n<p data-start=\"709\" data-end=\"796\">F\u00fcr den professionellen Einsatz konzipiert; h\u00e4ufig in der Lebensmittelindustrie und in Schlachth\u00f6fen verwendet<\/p>\n<\/li>\n<li data-start=\"797\" data-end=\"863\">\n<p data-start=\"799\" data-end=\"863\">Kann an einer Tischkante montiert oder auf den mitgelieferten St\u00e4nder gestellt werden<\/p>\n<\/li>\n<li data-start=\"864\" data-end=\"902\" data-is-last-node=\"\">\n<p data-start=\"866\" data-end=\"902\" data-is-last-node=\"\">Einfach und schnell zu warten und zu reinigen<\/p>\n<\/li>\n<\/ul>\n","protected":false},"excerpt":{"rendered":"<p>Mit dem benutzerfreundlichen PRIMEdge ErgoSteel II Messersch\u00e4rfer k\u00f6nnen Sie die Sch\u00e4rfe Ihrer Messer bequem erhalten. Dieser Wartungssch\u00e4rfer wurde f\u00fcr den professionellen Einsatz entwickelt und verf\u00fcgt \u00fcber \u00fcberlappende Stahlst\u00e4be, die pr\u00e4zise gespannt sind, um den perfekten Widerstand zwischen Messer und St\u00e4ben zu gew\u00e4hrleisten. So werden beide Seiten der Klinge gleichzeitig schnell und m\u00fchelos gesch\u00e4rft. Der PRIMEdge [&#8230;]\n","protected":false},"featured_media":295738,"comment_status":"open","ping_status":"closed","template":"","meta":[],"product_brand":[],"product_cat":[1134],"product_tag":[],"class_list":{"0":"post-282693","1":"product","2":"type-product","3":"status-publish","4":"has-post-thumbnail","6":"product_cat-messer-aexte-und-schaerfer","8":"first","9":"instock","10":"taxable","11":"shipping-taxable","12":"purchasable","13":"product-type-simple"},"composite_virtual":false,"composite_layout":"","composite_add_to_cart_form_location":"","composite_editable_in_cart":false,"composite_sold_individually_context":"","composite_shop_price_calc":"","composite_components":[],"composite_scenarios":[],"group_of_quantity":0,"min_quantity":0,"max_quantity":"","exclude_order_quantity_value_rules":"no","exclude_category_quantity_rules":"no","combine_variations":"no","exclude_global_add_ons":[],"addons":[],"_links":{"self":[{"href":"https:\/\/www.huntersfriend.eu\/de\/wp-json\/wp\/v2\/product\/282693","targetHints":{"allow":["GET"]}}],"collection":[{"href":"https:\/\/www.huntersfriend.eu\/de\/wp-json\/wp\/v2\/product"}],"about":[{"href":"https:\/\/www.huntersfriend.eu\/de\/wp-json\/wp\/v2\/types\/product"}],"replies":[{"embeddable":true,"href":"https:\/\/www.huntersfriend.eu\/de\/wp-json\/wp\/v2\/comments?post=282693"}],"wp:featuredmedia":[{"embeddable":true,"href":"https:\/\/www.huntersfriend.eu\/de\/wp-json\/wp\/v2\/media\/295738"}],"wp:attachment":[{"href":"https:\/\/www.huntersfriend.eu\/de\/wp-json\/wp\/v2\/media?parent=282693"}],"wp:term":[{"taxonomy":"product_brand","embeddable":true,"href":"https:\/\/www.huntersfriend.eu\/de\/wp-json\/wp\/v2\/product_brand?post=282693"},{"taxonomy":"product_cat","embeddable":true,"href":"https:\/\/www.huntersfriend.eu\/de\/wp-json\/wp\/v2\/product_cat?post=282693"},{"taxonomy":"product_tag","embeddable":true,"href":"https:\/\/www.huntersfriend.eu\/de\/wp-json\/wp\/v2\/product_tag?post=282693"}],"curies":[{"name":"wp","href":"https:\/\/api.w.org\/{rel}","templated":true}]}}