{"id":282488,"date":"2020-02-11T15:40:31","date_gmt":"2025-06-23T12:07:57","guid":{"rendered":"https:\/\/www.huntersfriend.eu\/product\/hamskea-hybrid-target-pro\/"},"modified":"2025-10-10T23:02:37","modified_gmt":"2025-10-10T21:02:37","slug":"hamskea-hybrid-target-pro","status":"publish","type":"product","link":"https:\/\/www.huntersfriend.eu\/de\/produkt\/hamskea-hybrid-target-pro\/","title":{"rendered":"Hamskea Hybrid Target Pro"},"content":{"rendered":"<p><b>Die Hybrid Pro Series Pfeilauflage bietet bew\u00e4hrte Pr\u00e4zision und Haltbarkeit in einem leichten Paket f\u00fcr alle Zielschie\u00dfanwendungen.<\/b><\/p>\n<p><span data-sheets-value=\"{\"1\":2,\"2\":\"The Hybrid Target Pro\u2122 takes design elements from the proven VersaRest\u2122 platform and puts them in a more streamline package that is 26% lighter. The Zero Tolerance Technology\u2122 is key to ensure that there is no lateral play in the shaft and the rotation action is silky smooth. The launcher shaft rides on two over-sized sealed stainless steel ball bearings that won\u2019t wear out, but continue to rotate smoothly shot after shot.\\n\\nThe Hybrid Target Pro\u2122 also adopts adjustment features like Zero Stop Technology\u2122 for the up and down positions of the launcher which makes for an absolute repeatable launcher position ensuring accuracy. The Hybrid Target Pro\u2122 comes with the wide target launcher and backer plate. The baker plate keeps the launcher from bending while used in the cable driven or limb actuated modes.\\n\\nTunability, is critical for all target archers, the Hybrid Target Pro\u2122 allows for ultimate tunability, the textured spring knob provides multiple adjust positions to change the rotation tension of the launcher shaft. Coupled with the 8 sided, nonslip, compression clamp design for the lever arm and anti-bounce back dampening coil and you have everything you need to maximize your accuracy. To make setup easy and fast, we have introduced the universal limb clamp assembly that can be adjusted to put the patented in-line dampening coil under the exact tension for optimum performance. The cord itself is a heavy duty no-stretch material unlike so many other nylon based materials and is positioned on the limb with a universal rubber nonslip limb pad. \\n\\nAttach Document: Hamskea Hybrid Pro Series Installation Instructions.docx\"}\" data-sheets-userformat=\"{\"2\":15105,\"3\":{\"1\":0},\"11\":4,\"12\":0,\"14\":[null,2,0],\"15\":\"Arial\",\"16\":9}\">Der Hybrid Target Pro \u00fcbernimmt Designelemente der bew\u00e4hrten VersaRest-Plattform und pr\u00e4sentiert sie in einem stromlinienf\u00f6rmigeren Paket, das 26% leichter ist. Die Zero Tolerance Technology ist entscheidend, um sicherzustellen, dass keine seitliche Bewegung des Schafts auftritt und die Rotationsbewegung seidenweich ist. Der Launcher-Schaft l\u00e4uft auf zwei \u00fcberdimensionierten, versiegelten Edelstahl-Kugellagern, die nicht verschlei\u00dfen, sondern Schuss f\u00fcr Schuss weiterhin reibungslos rotieren.  <\/span><\/p>\n<p>Der Hybrid Target Pro \u00fcbernimmt auch Einstellungsfunktionen wie die Zero Stop Technology f\u00fcr die Auf- und Abpositionen des Launchers, was f\u00fcr eine absolut wiederholbare Launcherposition sorgt und Genauigkeit gew\u00e4hrleistet. Der Hybrid Target Pro wird mit dem breiten Target-Launcher und der R\u00fcckenplatte geliefert. Die R\u00fcckenplatte verhindert ein Verbiegen des Launchers bei Verwendung in den kabelgesteuerten oder bogenarmaktivierten Modi.  <\/p>\n<p>Abstimmbarkeit ist f\u00fcr alle Zielsch\u00fctzen von entscheidender Bedeutung. Der Hybrid Target Pro erm\u00f6glicht eine ultimative Abstimmbarkeit. Der strukturierte Federknopf bietet mehrere Einstellpositionen, um die Rotationsspannung des Launcher-Schafts zu \u00e4ndern. In Verbindung mit dem 8-seitigen, rutschfesten Kompressionsklemmdesign f\u00fcr den Hebelarm und der Anti-R\u00fcckprall-D\u00e4mpfungsspule haben Sie alles, was Sie ben\u00f6tigen, um Ihre Genauigkeit zu maximieren. Um die Einrichtung einfach und schnell zu gestalten, haben wir die universelle Bogenarm-Klemmvorrichtung eingef\u00fchrt, die so eingestellt werden kann, dass die patentierte In-Line-D\u00e4mpfungsspule unter der exakten Spannung f\u00fcr optimale Leistung steht. Die Schnur selbst besteht aus einem strapazierf\u00e4higen, dehnungsfreien Material, im Gegensatz zu vielen anderen nylonbasierten Materialien, und wird mit einem universellen, rutschfesten Gummi-Bogenarmpolster am Bogenarm positioniert.   <\/p>\n","protected":false},"excerpt":{"rendered":"<p>Klingenauflage, Rechtshand, Mikroeinstellung schwarz<\/p>\n","protected":false},"featured_media":185517,"comment_status":"open","ping_status":"closed","template":"","meta":[],"product_brand":[],"product_cat":[1229],"product_tag":[],"class_list":{"0":"post-282488","1":"product","2":"type-product","3":"status-publish","4":"has-post-thumbnail","6":"product_cat-compound-blade-rest","8":"first","9":"instock","10":"taxable","11":"shipping-taxable","12":"purchasable","13":"product-type-variable"},"composite_virtual":false,"composite_layout":"","composite_add_to_cart_form_location":"","composite_editable_in_cart":false,"composite_sold_individually_context":"","composite_shop_price_calc":"","composite_components":[],"composite_scenarios":[],"group_of_quantity":0,"min_quantity":0,"max_quantity":"","exclude_order_quantity_value_rules":"no","exclude_category_quantity_rules":"no","combine_variations":"no","exclude_global_add_ons":[],"addons":[],"_links":{"self":[{"href":"https:\/\/www.huntersfriend.eu\/de\/wp-json\/wp\/v2\/product\/282488","targetHints":{"allow":["GET"]}}],"collection":[{"href":"https:\/\/www.huntersfriend.eu\/de\/wp-json\/wp\/v2\/product"}],"about":[{"href":"https:\/\/www.huntersfriend.eu\/de\/wp-json\/wp\/v2\/types\/product"}],"replies":[{"embeddable":true,"href":"https:\/\/www.huntersfriend.eu\/de\/wp-json\/wp\/v2\/comments?post=282488"}],"wp:featuredmedia":[{"embeddable":true,"href":"https:\/\/www.huntersfriend.eu\/de\/wp-json\/wp\/v2\/media\/185517"}],"wp:attachment":[{"href":"https:\/\/www.huntersfriend.eu\/de\/wp-json\/wp\/v2\/media?parent=282488"}],"wp:term":[{"taxonomy":"product_brand","embeddable":true,"href":"https:\/\/www.huntersfriend.eu\/de\/wp-json\/wp\/v2\/product_brand?post=282488"},{"taxonomy":"product_cat","embeddable":true,"href":"https:\/\/www.huntersfriend.eu\/de\/wp-json\/wp\/v2\/product_cat?post=282488"},{"taxonomy":"product_tag","embeddable":true,"href":"https:\/\/www.huntersfriend.eu\/de\/wp-json\/wp\/v2\/product_tag?post=282488"}],"curies":[{"name":"wp","href":"https:\/\/api.w.org\/{rel}","templated":true}]}}