{"id":282487,"date":"2020-02-10T12:20:25","date_gmt":"2020-02-10T10:20:25","guid":{"rendered":"https:\/\/www.huntersfriend.eu\/product\/hamskea-insight-standard-peep-kit\/"},"modified":"2026-03-26T13:44:20","modified_gmt":"2026-03-26T11:44:20","slug":"hamskea-insight-standard-peep-kit","status":"publish","type":"product","link":"https:\/\/www.huntersfriend.eu\/de\/produkt\/hamskea-insight-standard-peep-kit\/","title":{"rendered":"Hamskea Insight Standard Peep Kit"},"content":{"rendered":"<p>Dieses Kit bietet Ihnen 6 verschiedene Blendengr\u00f6\u00dfen, die es Ihnen erm\u00f6glichen, eine optimale Leistung unter allen Lichtverh\u00e4ltnissen fein abzustimmen und zu erzielen. Schrauben Sie einfach ein und aus, um die Gr\u00f6\u00dfe zu finden, die Ihrem Schie\u00dfstil am besten entspricht. <\/p>\n<p>Dieses Kit beinhaltet 6 Blenden (1\/32&#8243;, 3\/64&#8243;, 1\/16&#8243;, 3\/32&#8243;, 1\/8&#8243;, 5\/32&#8243;), ein Werkzeug zur Blendeninstallation und ein Schutzgeh\u00e4use.<\/p>\n","protected":false},"excerpt":{"rendered":"<p>6 Blenden\/Werkzeug, Geh\u00e4use<\/p>\n","protected":false},"featured_media":228856,"comment_status":"open","ping_status":"closed","template":"","meta":[],"product_brand":[],"product_cat":[1145],"product_tag":[],"class_list":{"0":"post-282487","1":"product","2":"type-product","3":"status-publish","4":"has-post-thumbnail","6":"product_cat-sonstiges","8":"first","9":"outofstock","10":"sale","11":"taxable","12":"shipping-taxable","13":"purchasable","14":"product-type-simple"},"composite_virtual":false,"composite_layout":"","composite_add_to_cart_form_location":"","composite_editable_in_cart":false,"composite_sold_individually_context":"","composite_shop_price_calc":"","composite_components":[],"composite_scenarios":[],"group_of_quantity":0,"min_quantity":0,"max_quantity":"","exclude_order_quantity_value_rules":"no","exclude_category_quantity_rules":"no","combine_variations":"no","exclude_global_add_ons":[],"addons":[],"_links":{"self":[{"href":"https:\/\/www.huntersfriend.eu\/de\/wp-json\/wp\/v2\/product\/282487","targetHints":{"allow":["GET"]}}],"collection":[{"href":"https:\/\/www.huntersfriend.eu\/de\/wp-json\/wp\/v2\/product"}],"about":[{"href":"https:\/\/www.huntersfriend.eu\/de\/wp-json\/wp\/v2\/types\/product"}],"replies":[{"embeddable":true,"href":"https:\/\/www.huntersfriend.eu\/de\/wp-json\/wp\/v2\/comments?post=282487"}],"wp:featuredmedia":[{"embeddable":true,"href":"https:\/\/www.huntersfriend.eu\/de\/wp-json\/wp\/v2\/media\/228856"}],"wp:attachment":[{"href":"https:\/\/www.huntersfriend.eu\/de\/wp-json\/wp\/v2\/media?parent=282487"}],"wp:term":[{"taxonomy":"product_brand","embeddable":true,"href":"https:\/\/www.huntersfriend.eu\/de\/wp-json\/wp\/v2\/product_brand?post=282487"},{"taxonomy":"product_cat","embeddable":true,"href":"https:\/\/www.huntersfriend.eu\/de\/wp-json\/wp\/v2\/product_cat?post=282487"},{"taxonomy":"product_tag","embeddable":true,"href":"https:\/\/www.huntersfriend.eu\/de\/wp-json\/wp\/v2\/product_tag?post=282487"}],"curies":[{"name":"wp","href":"https:\/\/api.w.org\/{rel}","templated":true}]}}