{"id":282486,"date":"2020-01-31T20:20:30","date_gmt":"2025-06-23T12:07:56","guid":{"rendered":"https:\/\/www.huntersfriend.eu\/product\/b3-king-drehzapfen-ausloese\/"},"modified":"2025-06-23T14:07:56","modified_gmt":"2025-06-23T12:07:56","slug":"b3-king-drehzapfen-ausloese","status":"publish","type":"product","link":"https:\/\/www.huntersfriend.eu\/de\/produkt\/b3-king-drehzapfen-ausloese\/","title":{"rendered":"B3 King Drehzapfen-Ausl\u00f6se"},"content":{"rendered":"<p><img decoding=\"async\" class=\"alignnone size-full wp-image-386\" src=\"https:\/\/b3archery.com\/app\/uploads\/2018\/11\/king-logo.jpg\" alt=\"\" width=\"125\" height=\"50\"><\/p>\n<div class=\"page\" title=\"Seite 4\">\n<div class=\"section\">\n<div class=\"layoutArea\">\n<div class=\"column\">\n<p><b>B3&#8217;s NEUESTE AUSL\u00d6SE IM EINZELZANGEN-STIL.<\/b><\/p>\n<p><strong>Der King<\/strong> bietet innovative Funktionen wie einen vollst\u00e4ndig abgerundeten, geschw\u00e4rzten Edelstahlkiefer, einen abgewinkelten ger\u00e4ndelten Ausl\u00f6ser und ein einstellbares Rollensperre-Design. Wenn Sie sich mit dem King anschnallen, werden Sie seinen Komfort, Stil und seine Vielseitigkeit genie\u00dfen. Der King wird mit dem Handgelenkgurt in Standardgr\u00f6\u00dfe und einem blauen Drehzapfen geliefert. Sollten Sie ein anderes Handgelenkgurtformat f\u00fcr Ihre Ausl\u00f6se w\u00fcnschen, z\u00f6gern Sie bitte nicht, uns zu kontaktieren.   <\/p>\n<p><strong>Verf\u00fcgbare Verbindungselemente:<\/strong><br \/>\nDrehzapfen \u2014 7 L\u00e4ngeneinstellungen<br \/>\nPatentierter Laschenverschluss-Drehzapfen<br \/>\nPatentierter Flex-Verbinder<\/p>\n<\/div>\n<\/div>\n<\/div>\n<\/div>\n","protected":false},"excerpt":{"rendered":"<p>Drehzapfen schwarz<\/p>\n","protected":false},"featured_media":210172,"comment_status":"open","ping_status":"closed","template":"","meta":[],"product_brand":[],"product_cat":[1095],"product_tag":[],"class_list":{"0":"post-282486","1":"product","2":"type-product","3":"status-publish","4":"has-post-thumbnail","6":"product_cat-handgelenks-release","8":"first","9":"instock","10":"taxable","11":"shipping-taxable","12":"purchasable","13":"product-type-simple"},"composite_virtual":false,"composite_layout":"","composite_add_to_cart_form_location":"","composite_editable_in_cart":false,"composite_sold_individually_context":"","composite_shop_price_calc":"","composite_components":[],"composite_scenarios":[],"group_of_quantity":0,"min_quantity":0,"max_quantity":"","exclude_order_quantity_value_rules":"no","exclude_category_quantity_rules":"no","combine_variations":"no","exclude_global_add_ons":[],"addons":[],"_links":{"self":[{"href":"https:\/\/www.huntersfriend.eu\/de\/wp-json\/wp\/v2\/product\/282486","targetHints":{"allow":["GET"]}}],"collection":[{"href":"https:\/\/www.huntersfriend.eu\/de\/wp-json\/wp\/v2\/product"}],"about":[{"href":"https:\/\/www.huntersfriend.eu\/de\/wp-json\/wp\/v2\/types\/product"}],"replies":[{"embeddable":true,"href":"https:\/\/www.huntersfriend.eu\/de\/wp-json\/wp\/v2\/comments?post=282486"}],"wp:featuredmedia":[{"embeddable":true,"href":"https:\/\/www.huntersfriend.eu\/de\/wp-json\/wp\/v2\/media\/210172"}],"wp:attachment":[{"href":"https:\/\/www.huntersfriend.eu\/de\/wp-json\/wp\/v2\/media?parent=282486"}],"wp:term":[{"taxonomy":"product_brand","embeddable":true,"href":"https:\/\/www.huntersfriend.eu\/de\/wp-json\/wp\/v2\/product_brand?post=282486"},{"taxonomy":"product_cat","embeddable":true,"href":"https:\/\/www.huntersfriend.eu\/de\/wp-json\/wp\/v2\/product_cat?post=282486"},{"taxonomy":"product_tag","embeddable":true,"href":"https:\/\/www.huntersfriend.eu\/de\/wp-json\/wp\/v2\/product_tag?post=282486"}],"curies":[{"name":"wp","href":"https:\/\/api.w.org\/{rel}","templated":true}]}}