{"id":282479,"date":"2019-12-04T11:49:48","date_gmt":"2025-06-23T12:07:55","guid":{"rendered":"https:\/\/www.huntersfriend.eu\/product\/parabolischer-gateway-feather-4\/"},"modified":"2025-07-10T03:54:31","modified_gmt":"2025-07-10T01:54:31","slug":"parabolischer-gateway-feather-4","status":"publish","type":"product","link":"https:\/\/www.huntersfriend.eu\/de\/produkt\/parabolischer-gateway-feather-4\/","title":{"rendered":"Parabolischer Gateway Feather 4&#8243;"},"content":{"rendered":"<p>4&#8243; Steuerfedern f\u00fcr Rechtsdrehung von Gateway<\/p>\n<p><strong>Hauptmerkmale:<\/strong><\/p>\n<ul>\n<li>Pr\u00e4zisionsgeschnittene, nat\u00fcrliche Federfahnen f\u00fcr schnellen und fehlerverzeihenden Pfeilflug<\/li>\n<li>Schildf\u00f6rmiger Schnitt<\/li>\n<li>Geeignet f\u00fcr die Verwendung auf allen Schaftmaterialien<\/li>\n<li>Beliebte Gr\u00f6\u00dfe, die normalerweise f\u00fcr die Verwendung auf Sch\u00e4ften mit gr\u00f6\u00dferem Durchmesser bevorzugt wird<\/li>\n<li>Rechtsdrall-Auswahl f\u00fcr eine Pfeilrotation im Uhrzeigersinn<\/li>\n<li>Verf\u00fcgbar in einer Reihe attraktiver Farben<\/li>\n<\/ul>\n<p><strong>Spezifikationen:<\/strong> <strong>Gewicht<\/strong>: 2,95 Grains <strong>H\u00f6he<\/strong>: 0,610&#8243; (15,5 mm)<\/p>\n","protected":false},"excerpt":{"rendered":"<p>Verkauft in Chargen zu 12 St\u00fcck<\/p>\n","protected":false},"featured_media":182010,"comment_status":"open","ping_status":"closed","template":"","meta":[],"product_brand":[],"product_cat":[1097],"product_tag":[],"class_list":{"0":"post-282479","1":"product","2":"type-product","3":"status-publish","4":"has-post-thumbnail","6":"product_cat-fletching-de","8":"first","9":"instock","10":"taxable","11":"shipping-taxable","12":"purchasable","13":"product-type-variable"},"composite_virtual":false,"composite_layout":"","composite_add_to_cart_form_location":"","composite_editable_in_cart":false,"composite_sold_individually_context":"","composite_shop_price_calc":"","composite_components":[],"composite_scenarios":[],"group_of_quantity":0,"min_quantity":0,"max_quantity":"","exclude_order_quantity_value_rules":"no","exclude_category_quantity_rules":"no","combine_variations":"no","exclude_global_add_ons":[],"addons":[],"_links":{"self":[{"href":"https:\/\/www.huntersfriend.eu\/de\/wp-json\/wp\/v2\/product\/282479","targetHints":{"allow":["GET"]}}],"collection":[{"href":"https:\/\/www.huntersfriend.eu\/de\/wp-json\/wp\/v2\/product"}],"about":[{"href":"https:\/\/www.huntersfriend.eu\/de\/wp-json\/wp\/v2\/types\/product"}],"replies":[{"embeddable":true,"href":"https:\/\/www.huntersfriend.eu\/de\/wp-json\/wp\/v2\/comments?post=282479"}],"wp:featuredmedia":[{"embeddable":true,"href":"https:\/\/www.huntersfriend.eu\/de\/wp-json\/wp\/v2\/media\/182010"}],"wp:attachment":[{"href":"https:\/\/www.huntersfriend.eu\/de\/wp-json\/wp\/v2\/media?parent=282479"}],"wp:term":[{"taxonomy":"product_brand","embeddable":true,"href":"https:\/\/www.huntersfriend.eu\/de\/wp-json\/wp\/v2\/product_brand?post=282479"},{"taxonomy":"product_cat","embeddable":true,"href":"https:\/\/www.huntersfriend.eu\/de\/wp-json\/wp\/v2\/product_cat?post=282479"},{"taxonomy":"product_tag","embeddable":true,"href":"https:\/\/www.huntersfriend.eu\/de\/wp-json\/wp\/v2\/product_tag?post=282479"}],"curies":[{"name":"wp","href":"https:\/\/api.w.org\/{rel}","templated":true}]}}