{"id":282478,"date":"2020-02-17T15:20:22","date_gmt":"2025-06-23T12:07:54","guid":{"rendered":"https:\/\/www.huntersfriend.eu\/product\/rage-trypan-nc-hypodermic-100-gr\/"},"modified":"2025-08-27T14:16:13","modified_gmt":"2025-08-27T12:16:13","slug":"rage-trypan-nc-hypodermic-100-gr","status":"publish","type":"product","link":"https:\/\/www.huntersfriend.eu\/de\/produkt\/rage-trypan-nc-hypodermic-100-gr\/","title":{"rendered":"Rage trypan NC hypodermic 100 gr"},"content":{"rendered":"<h2><strong>Rage trypan NC hypodermic<\/strong><\/h2>\n<h3><strong>MERKMALE:<\/strong><\/h3>\n<ul>\n<li>2-Klingen-Jagdspitze<\/li>\n<li>100 Grain<\/li>\n<li>Hybridspitze<\/li>\n<li>Stromlinienf\u00f6rmige Titanh\u00fclse<\/li>\n<li>0,039 Zoll Klingenst\u00e4rke<\/li>\n<li>2 Zoll Schnittdurchmesser<\/li>\n<li>Trypan-spezifischer SHOCK-Kragen<\/li>\n<li>2 Jagdspitzen pro Packung<\/li>\n<li>Stark zur\u00fcckgeschwungenes Klingendesign<\/li>\n<li>Ersatzklingen erh\u00e4ltlich (R35105)<\/li>\n<\/ul>\n<p>Trypanophobie bezeichnet die Angst vor Injektionsnadeln, und die 100 Grain <strong>Hypodermic Trypan<\/strong> ist wohl die furchterregendste Jagdspitze, die Rage je in die Jagdw\u00e4lder eingef\u00fchrt hat. Mit ihrer nadelartigen, stromlinienf\u00f6rmigen Titanh\u00fclse und einem Schnittdurchmesser von 2 Zoll erzeugt die Trypan eine Eintrittswunde von deutlich \u00fcber 2,5 Zoll. Anschlie\u00dfend nehmen die 0,039 Zoll dicken, rasiermesserscharfen Edelstahlklingen der Trypan eine zur\u00fcckgeschwungene Klingenwinkelkonfiguration ein. Dies sind die dicksten Klingen, die Rage je in einer Jagdspitze verwendet hat! Obwohl die Klingen im ausgeklappten Zustand monstr\u00f6s sind, erzeugen sie im Flug ein Profil von nur 3\/4 Zoll Durchmesser.    <\/p>\n<p>Der graue Polymer-SHOCK-Kragen\u2122, speziell f\u00fcr die Trypan entwickelt, gew\u00e4hrleistet eine au\u00dfergew\u00f6hnliche Klingenretention und eine zuverl\u00e4ssig konsistente Klingenentfaltung. Die Einweg-SHOCK-Kragen sind auf Kerben in der Titanh\u00fclse der Trypan abgestimmt, sodass sie niemals falsch angebracht werden k\u00f6nnen. <\/p>\n","protected":false},"excerpt":{"rendered":"<p>Titan 2-Klingen<\/p>\n","protected":false},"featured_media":210217,"comment_status":"open","ping_status":"closed","template":"","meta":[],"product_brand":[],"product_cat":[1145],"product_tag":[],"class_list":{"0":"post-282478","1":"product","2":"type-product","3":"status-publish","4":"has-post-thumbnail","6":"product_cat-sonstiges","8":"first","9":"instock","10":"taxable","11":"shipping-taxable","12":"purchasable","13":"product-type-simple"},"composite_virtual":false,"composite_layout":"","composite_add_to_cart_form_location":"","composite_editable_in_cart":false,"composite_sold_individually_context":"","composite_shop_price_calc":"","composite_components":[],"composite_scenarios":[],"group_of_quantity":0,"min_quantity":0,"max_quantity":"","exclude_order_quantity_value_rules":"no","exclude_category_quantity_rules":"no","combine_variations":"no","exclude_global_add_ons":[],"addons":[],"_links":{"self":[{"href":"https:\/\/www.huntersfriend.eu\/de\/wp-json\/wp\/v2\/product\/282478","targetHints":{"allow":["GET"]}}],"collection":[{"href":"https:\/\/www.huntersfriend.eu\/de\/wp-json\/wp\/v2\/product"}],"about":[{"href":"https:\/\/www.huntersfriend.eu\/de\/wp-json\/wp\/v2\/types\/product"}],"replies":[{"embeddable":true,"href":"https:\/\/www.huntersfriend.eu\/de\/wp-json\/wp\/v2\/comments?post=282478"}],"wp:featuredmedia":[{"embeddable":true,"href":"https:\/\/www.huntersfriend.eu\/de\/wp-json\/wp\/v2\/media\/210217"}],"wp:attachment":[{"href":"https:\/\/www.huntersfriend.eu\/de\/wp-json\/wp\/v2\/media?parent=282478"}],"wp:term":[{"taxonomy":"product_brand","embeddable":true,"href":"https:\/\/www.huntersfriend.eu\/de\/wp-json\/wp\/v2\/product_brand?post=282478"},{"taxonomy":"product_cat","embeddable":true,"href":"https:\/\/www.huntersfriend.eu\/de\/wp-json\/wp\/v2\/product_cat?post=282478"},{"taxonomy":"product_tag","embeddable":true,"href":"https:\/\/www.huntersfriend.eu\/de\/wp-json\/wp\/v2\/product_tag?post=282478"}],"curies":[{"name":"wp","href":"https:\/\/api.w.org\/{rel}","templated":true}]}}