{"id":282475,"date":"2020-03-04T12:20:17","date_gmt":"2025-06-23T12:04:16","guid":{"rendered":"https:\/\/www.huntersfriend.eu\/product\/buckle-gardner-doppelkreuz-entenlocker-3\/"},"modified":"2026-02-07T14:12:56","modified_gmt":"2026-02-07T12:12:56","slug":"buckle-gardner-doppelkreuz-entenlocker-3","status":"publish","type":"product","link":"https:\/\/www.huntersfriend.eu\/de\/produkt\/buckle-gardner-doppelkreuz-entenlocker-3\/","title":{"rendered":"Buckle Gardner Doppelkreuz-Entenlocker"},"content":{"rendered":"<p>Der Double Cross ist ein Arbeitstier im Feld und einer der meistverkauften Entenlocker in unserem Sortiment. Die Spit-Tech\u2122-Tonbretttechnologie verhindert das Verkleben der Zungen, selbst wenn diese durch Speichel, Kondenswasser oder ein versehentliches Eintauchen ins Wasser nass werden. Der Double Cross verf\u00fcgt \u00fcber einen kurzen Lauf f\u00fcr verbesserte Kontrolle und einfache Bedienung. Dieser vielseitige Doppelzungenlocker kann wahrhaftig alles bew\u00e4ltigen.   <\/p>\n","protected":false},"excerpt":{"rendered":"<p>Doppelzunge, Polycarbonat, gr\u00fcn \/ rauchgrau<\/p>\n","protected":false},"featured_media":257234,"comment_status":"open","ping_status":"closed","template":"","meta":[],"product_brand":[],"product_cat":[1400],"product_tag":[],"class_list":{"0":"post-282475","1":"product","2":"type-product","3":"status-publish","4":"has-post-thumbnail","6":"product_cat-entenlocker","8":"first","9":"instock","10":"taxable","11":"shipping-taxable","12":"purchasable","13":"product-type-simple"},"composite_virtual":false,"composite_layout":"","composite_add_to_cart_form_location":"","composite_editable_in_cart":false,"composite_sold_individually_context":"","composite_shop_price_calc":"","composite_components":[],"composite_scenarios":[],"group_of_quantity":0,"min_quantity":0,"max_quantity":"","exclude_order_quantity_value_rules":"no","exclude_category_quantity_rules":"no","combine_variations":"no","exclude_global_add_ons":[],"addons":[],"_links":{"self":[{"href":"https:\/\/www.huntersfriend.eu\/de\/wp-json\/wp\/v2\/product\/282475","targetHints":{"allow":["GET"]}}],"collection":[{"href":"https:\/\/www.huntersfriend.eu\/de\/wp-json\/wp\/v2\/product"}],"about":[{"href":"https:\/\/www.huntersfriend.eu\/de\/wp-json\/wp\/v2\/types\/product"}],"replies":[{"embeddable":true,"href":"https:\/\/www.huntersfriend.eu\/de\/wp-json\/wp\/v2\/comments?post=282475"}],"wp:featuredmedia":[{"embeddable":true,"href":"https:\/\/www.huntersfriend.eu\/de\/wp-json\/wp\/v2\/media\/257234"}],"wp:attachment":[{"href":"https:\/\/www.huntersfriend.eu\/de\/wp-json\/wp\/v2\/media?parent=282475"}],"wp:term":[{"taxonomy":"product_brand","embeddable":true,"href":"https:\/\/www.huntersfriend.eu\/de\/wp-json\/wp\/v2\/product_brand?post=282475"},{"taxonomy":"product_cat","embeddable":true,"href":"https:\/\/www.huntersfriend.eu\/de\/wp-json\/wp\/v2\/product_cat?post=282475"},{"taxonomy":"product_tag","embeddable":true,"href":"https:\/\/www.huntersfriend.eu\/de\/wp-json\/wp\/v2\/product_tag?post=282475"}],"curies":[{"name":"wp","href":"https:\/\/api.w.org\/{rel}","templated":true}]}}