{"id":282474,"date":"2020-07-03T14:20:30","date_gmt":"2025-06-23T12:04:14","guid":{"rendered":"https:\/\/www.huntersfriend.eu\/product\/hs-brunft-ruf-der-ricke\/"},"modified":"2026-02-25T10:35:49","modified_gmt":"2026-02-25T08:35:49","slug":"hs-brunft-ruf-der-ricke","status":"publish","type":"product","link":"https:\/\/www.huntersfriend.eu\/de\/produkt\/hs-brunft-ruf-der-ricke\/","title":{"rendered":"HS Brunft-Ruf der Ricke"},"content":{"rendered":"<p>Der Lockruf f\u00fcr Rehe von Hunters Specialties ist der einfachste Brunft-Ruf einer Ricke, den es gibt. Dieser mittelgro\u00dfe Lockruf erzeugt den Laut einer erwachsenen Ricke in der Brunft. Seine beachtliche Lautst\u00e4rke ist \u00fcber weite Entfernungen wirksam und funktioniert w\u00e4hrend der gesamten Brunftzeit ausgezeichnet.  <\/p>\n","protected":false},"excerpt":{"rendered":"<p>Traditioneller Rehwildlocker<\/p>\n","protected":false},"featured_media":209101,"comment_status":"open","ping_status":"closed","template":"","meta":[],"product_brand":[],"product_cat":[2878],"product_tag":[],"class_list":{"0":"post-282474","1":"product","2":"type-product","3":"status-publish","4":"has-post-thumbnail","6":"product_cat-lockpipor-for-storvilt","8":"first","9":"instock","10":"taxable","11":"shipping-taxable","12":"purchasable","13":"product-type-simple"},"composite_virtual":false,"composite_layout":"","composite_add_to_cart_form_location":"","composite_editable_in_cart":false,"composite_sold_individually_context":"","composite_shop_price_calc":"","composite_components":[],"composite_scenarios":[],"group_of_quantity":0,"min_quantity":0,"max_quantity":"","exclude_order_quantity_value_rules":"no","exclude_category_quantity_rules":"no","combine_variations":"no","exclude_global_add_ons":[],"addons":[],"_links":{"self":[{"href":"https:\/\/www.huntersfriend.eu\/de\/wp-json\/wp\/v2\/product\/282474","targetHints":{"allow":["GET"]}}],"collection":[{"href":"https:\/\/www.huntersfriend.eu\/de\/wp-json\/wp\/v2\/product"}],"about":[{"href":"https:\/\/www.huntersfriend.eu\/de\/wp-json\/wp\/v2\/types\/product"}],"replies":[{"embeddable":true,"href":"https:\/\/www.huntersfriend.eu\/de\/wp-json\/wp\/v2\/comments?post=282474"}],"wp:featuredmedia":[{"embeddable":true,"href":"https:\/\/www.huntersfriend.eu\/de\/wp-json\/wp\/v2\/media\/209101"}],"wp:attachment":[{"href":"https:\/\/www.huntersfriend.eu\/de\/wp-json\/wp\/v2\/media?parent=282474"}],"wp:term":[{"taxonomy":"product_brand","embeddable":true,"href":"https:\/\/www.huntersfriend.eu\/de\/wp-json\/wp\/v2\/product_brand?post=282474"},{"taxonomy":"product_cat","embeddable":true,"href":"https:\/\/www.huntersfriend.eu\/de\/wp-json\/wp\/v2\/product_cat?post=282474"},{"taxonomy":"product_tag","embeddable":true,"href":"https:\/\/www.huntersfriend.eu\/de\/wp-json\/wp\/v2\/product_tag?post=282474"}],"curies":[{"name":"wp","href":"https:\/\/api.w.org\/{rel}","templated":true}]}}