{"id":282472,"date":"2020-02-18T16:01:22","date_gmt":"2025-06-23T12:04:13","guid":{"rendered":"https:\/\/www.huntersfriend.eu\/product\/buck-gardner-6-in-1-pfeife\/"},"modified":"2025-08-27T14:16:23","modified_gmt":"2025-08-27T12:16:23","slug":"buck-gardner-6-in-1-pfeife","status":"publish","type":"product","link":"https:\/\/www.huntersfriend.eu\/de\/produkt\/buck-gardner-6-in-1-pfeife\/","title":{"rendered":"Buck Gardner 6-in-1 Pfeife"},"content":{"rendered":"<p>Mit der Buck Gardner 6-in-1 Pfeife k\u00f6nnen Sie Ihrer Entenjagd Vielseitigkeit und Realismus verleihen, indem Sie Stockentenrufe, Spie\u00dfentenpfiffe und mehr hinzuf\u00fcgen. Diese Entenjagdpfeife ist einfach zu bedienen und ein unverzichtbares Instrument f\u00fcr jeden Entenj\u00e4ger. Sie verf\u00fcgt \u00fcber ein gr\u00f6\u00dferes Glockenende, um eine h\u00f6here Lautst\u00e4rke zu erzeugen als viele andere Pfeifen auf dem Markt. Zudem ist sie eine hervorragende Wahl, um Kindern oder Jagdg\u00e4sten, die keine Entenlockpfeife benutzen, die M\u00f6glichkeit zu geben, aktiv an der Jagd teilzunehmen.  <\/p>\n<p>Die Buck Gardner 6-in-1 Pfeife reproduziert die Laute von Stockentenerpeln, Spie\u00dfenten, Pfeifenten, Krickenten und sogar Vogelnotrufe f\u00fcr Rotf\u00fcchse. Es ist bekannt, dass sie auch als Hundepfeife verwendet werden kann. <\/p>\n","protected":false},"excerpt":{"rendered":"<p>Mit der Buck Gardner 6-in-1 Pfeife k\u00f6nnen Sie Ihrer Entenjagd Vielseitigkeit und Realismus verleihen, indem Sie Stockentenrufe, Spie\u00dfentenpfiffe und mehr hinzuf\u00fcgen. Diese Entenjagdpfeife ist einfach zu bedienen und ein unverzichtbares Instrument f\u00fcr jeden Entenj\u00e4ger. Sie verf\u00fcgt \u00fcber ein gr\u00f6\u00dferes Glockenende, um eine h\u00f6here Lautst\u00e4rke zu erzeugen als viele andere Pfeifen auf dem Markt. Zudem ist [&#8230;]\n","protected":false},"featured_media":213847,"comment_status":"open","ping_status":"closed","template":"","meta":[],"product_brand":[],"product_cat":[1400],"product_tag":[],"class_list":{"0":"post-282472","1":"product","2":"type-product","3":"status-publish","4":"has-post-thumbnail","6":"product_cat-entenlocker","8":"first","9":"instock","10":"taxable","11":"shipping-taxable","12":"purchasable","13":"product-type-simple"},"composite_virtual":false,"composite_layout":"","composite_add_to_cart_form_location":"","composite_editable_in_cart":false,"composite_sold_individually_context":"","composite_shop_price_calc":"","composite_components":[],"composite_scenarios":[],"group_of_quantity":0,"min_quantity":0,"max_quantity":"","exclude_order_quantity_value_rules":"no","exclude_category_quantity_rules":"no","combine_variations":"no","exclude_global_add_ons":[],"addons":[],"_links":{"self":[{"href":"https:\/\/www.huntersfriend.eu\/de\/wp-json\/wp\/v2\/product\/282472","targetHints":{"allow":["GET"]}}],"collection":[{"href":"https:\/\/www.huntersfriend.eu\/de\/wp-json\/wp\/v2\/product"}],"about":[{"href":"https:\/\/www.huntersfriend.eu\/de\/wp-json\/wp\/v2\/types\/product"}],"replies":[{"embeddable":true,"href":"https:\/\/www.huntersfriend.eu\/de\/wp-json\/wp\/v2\/comments?post=282472"}],"wp:featuredmedia":[{"embeddable":true,"href":"https:\/\/www.huntersfriend.eu\/de\/wp-json\/wp\/v2\/media\/213847"}],"wp:attachment":[{"href":"https:\/\/www.huntersfriend.eu\/de\/wp-json\/wp\/v2\/media?parent=282472"}],"wp:term":[{"taxonomy":"product_brand","embeddable":true,"href":"https:\/\/www.huntersfriend.eu\/de\/wp-json\/wp\/v2\/product_brand?post=282472"},{"taxonomy":"product_cat","embeddable":true,"href":"https:\/\/www.huntersfriend.eu\/de\/wp-json\/wp\/v2\/product_cat?post=282472"},{"taxonomy":"product_tag","embeddable":true,"href":"https:\/\/www.huntersfriend.eu\/de\/wp-json\/wp\/v2\/product_tag?post=282472"}],"curies":[{"name":"wp","href":"https:\/\/api.w.org\/{rel}","templated":true}]}}