{"id":282469,"date":"2020-02-18T16:01:22","date_gmt":"2025-06-23T12:04:12","guid":{"rendered":"https:\/\/www.huntersfriend.eu\/product\/buck-gardner-tauchenten-locker\/"},"modified":"2026-03-25T09:45:50","modified_gmt":"2026-03-25T07:45:50","slug":"buck-gardner-tauchenten-locker","status":"publish","type":"product","link":"https:\/\/www.huntersfriend.eu\/de\/produkt\/buck-gardner-tauchenten-locker\/","title":{"rendered":"Buck Gardner Tauchenten-Locker"},"content":{"rendered":"<p>Der Buck Gardner Tauchenten-Locker ist speziell f\u00fcr die Jagd auf Reiherenten, Bergenten, Tafelenten, Rotk\u00f6pfe und B\u00fcffelkopfenten konzipiert. Er ist leicht zu erlernen und zu bedienen und bietet ein zus\u00e4tzliches Instrument in Ihrem Arsenal f\u00fcr die Jagd auf Tauchenten. Der Tauchenten-Locker besteht aus nahezu unzerst\u00f6rbarem Polycarbonat, um den rauen Bedingungen auf Buchtbooten und in Salzwasserumgebungen standzuhalten.  <\/p>\n<p><strong>Farbe:<\/strong> schwarz\/rauchgrau<\/p>\n","protected":false},"excerpt":{"rendered":"<p>M\u00e4nnliche Stockente, Pfeifente usw.<\/p>\n","protected":false},"featured_media":228070,"comment_status":"open","ping_status":"closed","template":"","meta":[],"product_brand":[],"product_cat":[1400],"product_tag":[],"class_list":{"0":"post-282469","1":"product","2":"type-product","3":"status-publish","4":"has-post-thumbnail","6":"product_cat-entenlocker","8":"first","9":"instock","10":"taxable","11":"shipping-taxable","12":"purchasable","13":"product-type-simple"},"composite_virtual":false,"composite_layout":"","composite_add_to_cart_form_location":"","composite_editable_in_cart":false,"composite_sold_individually_context":"","composite_shop_price_calc":"","composite_components":[],"composite_scenarios":[],"group_of_quantity":0,"min_quantity":0,"max_quantity":"","exclude_order_quantity_value_rules":"no","exclude_category_quantity_rules":"no","combine_variations":"no","exclude_global_add_ons":[],"addons":[],"_links":{"self":[{"href":"https:\/\/www.huntersfriend.eu\/de\/wp-json\/wp\/v2\/product\/282469","targetHints":{"allow":["GET"]}}],"collection":[{"href":"https:\/\/www.huntersfriend.eu\/de\/wp-json\/wp\/v2\/product"}],"about":[{"href":"https:\/\/www.huntersfriend.eu\/de\/wp-json\/wp\/v2\/types\/product"}],"replies":[{"embeddable":true,"href":"https:\/\/www.huntersfriend.eu\/de\/wp-json\/wp\/v2\/comments?post=282469"}],"wp:featuredmedia":[{"embeddable":true,"href":"https:\/\/www.huntersfriend.eu\/de\/wp-json\/wp\/v2\/media\/228070"}],"wp:attachment":[{"href":"https:\/\/www.huntersfriend.eu\/de\/wp-json\/wp\/v2\/media?parent=282469"}],"wp:term":[{"taxonomy":"product_brand","embeddable":true,"href":"https:\/\/www.huntersfriend.eu\/de\/wp-json\/wp\/v2\/product_brand?post=282469"},{"taxonomy":"product_cat","embeddable":true,"href":"https:\/\/www.huntersfriend.eu\/de\/wp-json\/wp\/v2\/product_cat?post=282469"},{"taxonomy":"product_tag","embeddable":true,"href":"https:\/\/www.huntersfriend.eu\/de\/wp-json\/wp\/v2\/product_tag?post=282469"}],"curies":[{"name":"wp","href":"https:\/\/api.w.org\/{rel}","templated":true}]}}