{"id":282468,"date":"2020-10-07T11:20:35","date_gmt":"2025-06-23T11:57:21","guid":{"rendered":"https:\/\/www.huntersfriend.eu\/product\/skull-hooker-little-hooker\/"},"modified":"2025-09-17T15:14:46","modified_gmt":"2025-09-17T13:14:46","slug":"skull-hooker-little-hooker","status":"publish","type":"product","link":"https:\/\/www.huntersfriend.eu\/de\/produkt\/skull-hooker-little-hooker\/","title":{"rendered":"Skull Hooker Little Hooker"},"content":{"rendered":"<p>Der Little Hooker<sup>\u00ae<\/sup> ist ein eleganter und stromlinienf\u00f6rmiger Ansatz zum Aufh\u00e4ngen kleiner bis mittelgro\u00dfer europ\u00e4ischer Troph\u00e4en. Der Little Hooker<sup>\u00ae<\/sup> ist sowohl vertikal als auch horizontal vollst\u00e4ndig anpassbar, um eine perfekte aufrechte und nat\u00fcrliche Pr\u00e4sentation Ihrer Troph\u00e4e zu gew\u00e4hrleisten. Der Little Hooker<sup>\u00ae<\/sup> Sch\u00e4delhaken ist speziell f\u00fcr kleineres Wild (ungef\u00e4hr von der Gr\u00f6\u00dfe eines gro\u00dfen Hirschsch\u00e4dels und kleiner) konzipiert, wie beispielsweise Wildschweine, M\u00e4hnenschafe, Alligatoren, Schwarzb\u00e4ren, Pumas, Hirsche, Antilopen und exotisches mittelgro\u00dfes Wild wie Gazellen, Impalas und viele weitere Troph\u00e4enarten weltweit. Er ist aus robustem, pulverbeschichtetem Stahl gefertigt. Der Little Hooker<sup>\u00ae<\/sup> erfordert kein Bohren oder Besch\u00e4digen Ihres Sch\u00e4dels, da der Haken sicher und nat\u00fcrlich in die R\u00fcckseite des Sch\u00e4dels passt.    <\/p>\n<p>*Der Sch\u00e4del darf nicht um das nat\u00fcrliche Loch oder das Halsgelenk an der R\u00fcckseite des Sch\u00e4dels herum geschnitten oder ver\u00e4ndert werden.<\/p>\n<p><strong>Enthaltene Teile:<\/strong> Wandplatte (1), Arm (1), Haken (1) und s\u00e4mtliches erforderliches Befestigungsmaterial<\/p>\n<p><strong>Hinweis: Wenn Sie B\u00e4ren, F\u00fcchse oder kleinere Hirsche aufh\u00e4ngen m\u00f6chten, die weniger Abstand zur Wand ben\u00f6tigen, versuchen Sie den <a href=\"https:\/\/www.huntersfriend.eu\/?s=mini+hooker&amp;post_type=product&amp;lang=en\">Mini Hooker<\/a>.<\/strong><\/p>\n","protected":false},"excerpt":{"rendered":"<p>Schwarzer Sch\u00e4del-Befestigungshaken<\/p>\n","protected":false},"featured_media":209264,"comment_status":"open","ping_status":"closed","template":"","meta":[],"product_brand":[],"product_cat":[1409],"product_tag":[],"class_list":{"0":"post-282468","1":"product","2":"type-product","3":"status-publish","4":"has-post-thumbnail","6":"product_cat-tierpraparation","8":"first","9":"outofstock","10":"taxable","11":"shipping-taxable","12":"purchasable","13":"product-type-simple"},"composite_virtual":false,"composite_layout":"","composite_add_to_cart_form_location":"","composite_editable_in_cart":false,"composite_sold_individually_context":"","composite_shop_price_calc":"","composite_components":[],"composite_scenarios":[],"group_of_quantity":0,"min_quantity":0,"max_quantity":"","exclude_order_quantity_value_rules":"no","exclude_category_quantity_rules":"no","combine_variations":"no","exclude_global_add_ons":[],"addons":[],"_links":{"self":[{"href":"https:\/\/www.huntersfriend.eu\/de\/wp-json\/wp\/v2\/product\/282468","targetHints":{"allow":["GET"]}}],"collection":[{"href":"https:\/\/www.huntersfriend.eu\/de\/wp-json\/wp\/v2\/product"}],"about":[{"href":"https:\/\/www.huntersfriend.eu\/de\/wp-json\/wp\/v2\/types\/product"}],"replies":[{"embeddable":true,"href":"https:\/\/www.huntersfriend.eu\/de\/wp-json\/wp\/v2\/comments?post=282468"}],"wp:featuredmedia":[{"embeddable":true,"href":"https:\/\/www.huntersfriend.eu\/de\/wp-json\/wp\/v2\/media\/209264"}],"wp:attachment":[{"href":"https:\/\/www.huntersfriend.eu\/de\/wp-json\/wp\/v2\/media?parent=282468"}],"wp:term":[{"taxonomy":"product_brand","embeddable":true,"href":"https:\/\/www.huntersfriend.eu\/de\/wp-json\/wp\/v2\/product_brand?post=282468"},{"taxonomy":"product_cat","embeddable":true,"href":"https:\/\/www.huntersfriend.eu\/de\/wp-json\/wp\/v2\/product_cat?post=282468"},{"taxonomy":"product_tag","embeddable":true,"href":"https:\/\/www.huntersfriend.eu\/de\/wp-json\/wp\/v2\/product_tag?post=282468"}],"curies":[{"name":"wp","href":"https:\/\/api.w.org\/{rel}","templated":true}]}}