{"id":282467,"date":"2020-10-06T11:20:33","date_gmt":"2025-06-23T11:57:20","guid":{"rendered":"https:\/\/www.huntersfriend.eu\/product\/avery-fleece-gesichtsmaske\/"},"modified":"2025-07-18T04:46:13","modified_gmt":"2025-07-18T02:46:13","slug":"avery-fleece-gesichtsmaske","status":"publish","type":"product","link":"https:\/\/www.huntersfriend.eu\/de\/produkt\/avery-fleece-gesichtsmaske\/","title":{"rendered":"Avery Fleece-Gesichtsmaske"},"content":{"rendered":"<p>Averys wasserdichte und atmungsaktive Fleece-Gesichtsmaske ist ideal f\u00fcr kalte Tage auf dem Hochsitz, im Entenversteck, auf dem Boot oder auf Ihrem Gel\u00e4ndefahrzeug geeignet. Gefertigt aus laminiertem 9-Unzen-Polyesterfleece bieten diese Masken \u00fcberragende W\u00e4rme und lassen sich bei Nichtgebrauch bequem in Ihrer Brusttasche verstauen.  <\/p>\n<p>Die Klettverschluss-Befestigung macht diese Maske zu einer Einheitsgr\u00f6\u00dfe f\u00fcr alle.<\/p>\n<ul>\n<li>Weiche Trikot-Innenf\u00fctterung<\/li>\n<li>Mundschlitz f\u00fcr Jagdrufe<\/li>\n<li>Wasserdichte, winddichte &amp; atmungsaktive Laminierung<\/li>\n<li>Konturierte Ohrklappen<\/li>\n<li>Geb\u00fcrstete Fleece-Au\u00dfenseite<\/li>\n<li>Klettverschluss-Verstellm\u00f6glichkeit f\u00fcr Einheitsgr\u00f6\u00dfe<\/li>\n<li>KW-1, Sumpfgras, BuckBrush<\/li>\n<\/ul>\n","protected":false},"excerpt":{"rendered":"<p>Realtree Max-5<\/p>\n","protected":false},"featured_media":209173,"comment_status":"open","ping_status":"closed","template":"","meta":[],"product_brand":[],"product_cat":[1215],"product_tag":[],"class_list":{"0":"post-282467","1":"product","2":"type-product","3":"status-publish","4":"has-post-thumbnail","6":"product_cat-handschuh-socken-und-kopfbedeckung","8":"first","9":"instock","10":"taxable","11":"shipping-taxable","12":"purchasable","13":"product-type-simple"},"composite_virtual":false,"composite_layout":"","composite_add_to_cart_form_location":"","composite_editable_in_cart":false,"composite_sold_individually_context":"","composite_shop_price_calc":"","composite_components":[],"composite_scenarios":[],"group_of_quantity":0,"min_quantity":0,"max_quantity":"","exclude_order_quantity_value_rules":"no","exclude_category_quantity_rules":"no","combine_variations":"no","exclude_global_add_ons":[],"addons":[],"_links":{"self":[{"href":"https:\/\/www.huntersfriend.eu\/de\/wp-json\/wp\/v2\/product\/282467","targetHints":{"allow":["GET"]}}],"collection":[{"href":"https:\/\/www.huntersfriend.eu\/de\/wp-json\/wp\/v2\/product"}],"about":[{"href":"https:\/\/www.huntersfriend.eu\/de\/wp-json\/wp\/v2\/types\/product"}],"replies":[{"embeddable":true,"href":"https:\/\/www.huntersfriend.eu\/de\/wp-json\/wp\/v2\/comments?post=282467"}],"wp:featuredmedia":[{"embeddable":true,"href":"https:\/\/www.huntersfriend.eu\/de\/wp-json\/wp\/v2\/media\/209173"}],"wp:attachment":[{"href":"https:\/\/www.huntersfriend.eu\/de\/wp-json\/wp\/v2\/media?parent=282467"}],"wp:term":[{"taxonomy":"product_brand","embeddable":true,"href":"https:\/\/www.huntersfriend.eu\/de\/wp-json\/wp\/v2\/product_brand?post=282467"},{"taxonomy":"product_cat","embeddable":true,"href":"https:\/\/www.huntersfriend.eu\/de\/wp-json\/wp\/v2\/product_cat?post=282467"},{"taxonomy":"product_tag","embeddable":true,"href":"https:\/\/www.huntersfriend.eu\/de\/wp-json\/wp\/v2\/product_tag?post=282467"}],"curies":[{"name":"wp","href":"https:\/\/api.w.org\/{rel}","templated":true}]}}