{"id":282462,"date":"2020-08-31T14:20:28","date_gmt":"2025-06-23T11:57:17","guid":{"rendered":"https:\/\/www.huntersfriend.eu\/product\/scott-archery-ghost-ausloeser\/"},"modified":"2025-08-27T13:55:42","modified_gmt":"2025-08-27T11:55:42","slug":"scott-archery-ghost-ausloeser","status":"publish","type":"product","link":"https:\/\/www.huntersfriend.eu\/de\/produkt\/scott-archery-ghost-ausloeser\/","title":{"rendered":"Scott Archery Ghost &#8211; Ausl\u00f6ser"},"content":{"rendered":"<p>Magnetische Auto-Ausl\u00f6ser-R\u00fcckstellung Zentriertes Ziehen zur Reduzierung des Schlaufendrehmoments Edelstahl-Rollenabzugshaken Ergonomischer K\u00f6rper Ger\u00e4ndelter Abzug Solider Drehverbinder mit 5-Loch-L\u00e4ngeneinstellung Cam-Lock-Klappr\u00fcckenbandverbinder Lederband mit Neopren<\/p>\n<ul>\n<li>Magnetische Auto-Ausl\u00f6ser-R\u00fcckstellung<\/li>\n<li>Zentriertes Ziehen zur Reduzierung des Schlaufendrehmoments<\/li>\n<li>Edelstahl-Rollenabzugshaken<\/li>\n<li>Ergonomischer K\u00f6rper<\/li>\n<li>Vorw\u00e4rtspositionierter, ger\u00e4ndelter Abzug maximiert die Auszugsl\u00e4nge<\/li>\n<li>Lederriemen mit Neopren f\u00fcr zus\u00e4tzlichen Komfort<\/li>\n<li>Nylon-Verbindungsband erm\u00f6glicht stufenlose L\u00e4ngeneinstellungen<\/li>\n<li>Einstellbarer Weg<\/li>\n<\/ul>\n","protected":false},"excerpt":{"rendered":"<p>NCS-Verbindung &#8211; Schwarz<\/p>\n","protected":false},"featured_media":259606,"comment_status":"open","ping_status":"closed","template":"","meta":[],"product_brand":[],"product_cat":[1095,1145],"product_tag":[],"class_list":{"0":"post-282462","1":"product","2":"type-product","3":"status-publish","4":"has-post-thumbnail","6":"product_cat-handgelenks-release","7":"product_cat-sonstiges","9":"first","10":"instock","11":"taxable","12":"shipping-taxable","13":"purchasable","14":"product-type-simple"},"composite_virtual":false,"composite_layout":"","composite_add_to_cart_form_location":"","composite_editable_in_cart":false,"composite_sold_individually_context":"","composite_shop_price_calc":"","composite_components":[],"composite_scenarios":[],"group_of_quantity":0,"min_quantity":0,"max_quantity":"","exclude_order_quantity_value_rules":"no","exclude_category_quantity_rules":"no","combine_variations":"no","exclude_global_add_ons":[],"addons":[],"_links":{"self":[{"href":"https:\/\/www.huntersfriend.eu\/de\/wp-json\/wp\/v2\/product\/282462","targetHints":{"allow":["GET"]}}],"collection":[{"href":"https:\/\/www.huntersfriend.eu\/de\/wp-json\/wp\/v2\/product"}],"about":[{"href":"https:\/\/www.huntersfriend.eu\/de\/wp-json\/wp\/v2\/types\/product"}],"replies":[{"embeddable":true,"href":"https:\/\/www.huntersfriend.eu\/de\/wp-json\/wp\/v2\/comments?post=282462"}],"wp:featuredmedia":[{"embeddable":true,"href":"https:\/\/www.huntersfriend.eu\/de\/wp-json\/wp\/v2\/media\/259606"}],"wp:attachment":[{"href":"https:\/\/www.huntersfriend.eu\/de\/wp-json\/wp\/v2\/media?parent=282462"}],"wp:term":[{"taxonomy":"product_brand","embeddable":true,"href":"https:\/\/www.huntersfriend.eu\/de\/wp-json\/wp\/v2\/product_brand?post=282462"},{"taxonomy":"product_cat","embeddable":true,"href":"https:\/\/www.huntersfriend.eu\/de\/wp-json\/wp\/v2\/product_cat?post=282462"},{"taxonomy":"product_tag","embeddable":true,"href":"https:\/\/www.huntersfriend.eu\/de\/wp-json\/wp\/v2\/product_tag?post=282462"}],"curies":[{"name":"wp","href":"https:\/\/api.w.org\/{rel}","templated":true}]}}