{"id":282461,"date":"2020-10-08T11:20:29","date_gmt":"2025-06-23T11:57:16","guid":{"rendered":"https:\/\/www.huntersfriend.eu\/product\/hha-tetra-lt-xl-1-pin-0010-visier\/"},"modified":"2025-06-23T13:57:16","modified_gmt":"2025-06-23T11:57:16","slug":"hha-tetra-lt-xl-1-pin-0010-visier","status":"publish","type":"product","link":"https:\/\/www.huntersfriend.eu\/de\/produkt\/hha-tetra-lt-xl-1-pin-0010-visier\/","title":{"rendered":"HHA Tetra LT XL 1 Pin 0,010 -Visier"},"content":{"rendered":"<p>Mit 1 3\/4&#8243; Zieloptik<\/p>\n<p>Das neue Tetra LT wird zweifellos das gefragteste Schiebevisiersystem des Jahres 2020 sein. Kompakt, leicht und voller Funktionen, ist das LT ein<br \/>\n \u00e4u\u00dferst einfach einzurichten und eignet sich gleicherma\u00dfen f\u00fcr Bogenj\u00e4ger und 3D-Sch\u00fctzen. Mit seiner patentierten R.D.S. Visierband-Technologie wird eine Pr\u00e4zision von 20-80 Yards durch das branchenweit genaueste und zuverl\u00e4ssigste Bandsystem erm\u00f6glicht. Suchen Sie nach solider Einfachheit in einem kompakten Paket? Das Tetra LT ist das ideale Visier f\u00fcr Sie!    <\/p>\n<p>Probleme bei der K\u00f6chermontage? Nicht mit dem Tetra LT. W\u00e4hrend die meisten K\u00f6cher mit den mitgelieferten Buchsen und Befestigungsteilen montiert werden k\u00f6nnen, bevorzugen oder ben\u00f6tigen einige Bogensch\u00fctzen eine engere, n\u00e4her am Bogen liegende Passform. <\/p>\n","protected":false},"excerpt":{"rendered":"<p>5510, 1 3\/4&#8243; Zieloptik mit Rheostat, Rechtshand<\/p>\n","protected":false},"featured_media":190696,"comment_status":"open","ping_status":"closed","template":"","meta":[],"product_brand":[],"product_cat":[1145],"product_tag":[],"class_list":{"0":"post-282461","1":"product","2":"type-product","3":"status-publish","4":"has-post-thumbnail","6":"product_cat-sonstiges","8":"first","9":"outofstock","10":"taxable","11":"shipping-taxable","12":"purchasable","13":"product-type-simple"},"composite_virtual":false,"composite_layout":"","composite_add_to_cart_form_location":"","composite_editable_in_cart":false,"composite_sold_individually_context":"","composite_shop_price_calc":"","composite_components":[],"composite_scenarios":[],"group_of_quantity":0,"min_quantity":0,"max_quantity":"","exclude_order_quantity_value_rules":"no","exclude_category_quantity_rules":"no","combine_variations":"no","exclude_global_add_ons":[],"addons":[],"_links":{"self":[{"href":"https:\/\/www.huntersfriend.eu\/de\/wp-json\/wp\/v2\/product\/282461","targetHints":{"allow":["GET"]}}],"collection":[{"href":"https:\/\/www.huntersfriend.eu\/de\/wp-json\/wp\/v2\/product"}],"about":[{"href":"https:\/\/www.huntersfriend.eu\/de\/wp-json\/wp\/v2\/types\/product"}],"replies":[{"embeddable":true,"href":"https:\/\/www.huntersfriend.eu\/de\/wp-json\/wp\/v2\/comments?post=282461"}],"wp:featuredmedia":[{"embeddable":true,"href":"https:\/\/www.huntersfriend.eu\/de\/wp-json\/wp\/v2\/media\/190696"}],"wp:attachment":[{"href":"https:\/\/www.huntersfriend.eu\/de\/wp-json\/wp\/v2\/media?parent=282461"}],"wp:term":[{"taxonomy":"product_brand","embeddable":true,"href":"https:\/\/www.huntersfriend.eu\/de\/wp-json\/wp\/v2\/product_brand?post=282461"},{"taxonomy":"product_cat","embeddable":true,"href":"https:\/\/www.huntersfriend.eu\/de\/wp-json\/wp\/v2\/product_cat?post=282461"},{"taxonomy":"product_tag","embeddable":true,"href":"https:\/\/www.huntersfriend.eu\/de\/wp-json\/wp\/v2\/product_tag?post=282461"}],"curies":[{"name":"wp","href":"https:\/\/api.w.org\/{rel}","templated":true}]}}