{"id":282459,"date":"2021-04-21T11:21:38","date_gmt":"2025-06-23T11:57:03","guid":{"rendered":"https:\/\/www.huntersfriend.eu\/product\/schaedelhalterung-mini-hooker-schwarz\/"},"modified":"2025-06-23T13:57:03","modified_gmt":"2025-06-23T11:57:03","slug":"schaedelhalterung-mini-hooker-schwarz","status":"publish","type":"product","link":"https:\/\/www.huntersfriend.eu\/de\/produkt\/schaedelhalterung-mini-hooker-schwarz\/","title":{"rendered":"Sch\u00e4delhalterung Mini Hooker Schwarz"},"content":{"rendered":"<p>Der Mini Hooker bietet die gleichen hervorragenden Vorteile und das professionelle Design wie der Little Hooker<sup>\u00ae<\/sup>, jedoch n\u00e4her an der Wand. Ideal f\u00fcr jene Arten, die keinen zus\u00e4tzlichen Wandabstand ben\u00f6tigen, wie beispielsweise B\u00e4ren, kleinere Hirsche wie Rehe und andere kleine bis mittelgro\u00dfe Arten weltweit. Dieses Produkt erm\u00f6glicht eine vielseitige 180-Grad-Pr\u00e4sentation Ihrer Troph\u00e4e und passt in enge R\u00e4ume. Erh\u00e4ltlich in schwarz oder braun pulverbeschichteten Ausf\u00fchrungen. F\u00fcr durchschnittlich gro\u00dfe Hirsche und gr\u00f6\u00dfere Arten wird der Little Hooker empfohlen.    <\/p>\n","protected":false},"excerpt":{"rendered":"<p>Schwarz, Sch\u00e4delhalterung<\/p>\n","protected":false},"featured_media":209466,"comment_status":"open","ping_status":"closed","template":"","meta":[],"product_brand":[],"product_cat":[1145],"product_tag":[],"class_list":{"0":"post-282459","1":"product","2":"type-product","3":"status-publish","4":"has-post-thumbnail","6":"product_cat-sonstiges","8":"first","9":"outofstock","10":"taxable","11":"shipping-taxable","12":"purchasable","13":"product-type-simple"},"composite_virtual":false,"composite_layout":"","composite_add_to_cart_form_location":"","composite_editable_in_cart":false,"composite_sold_individually_context":"","composite_shop_price_calc":"","composite_components":[],"composite_scenarios":[],"group_of_quantity":0,"min_quantity":0,"max_quantity":"","exclude_order_quantity_value_rules":"no","exclude_category_quantity_rules":"no","combine_variations":"no","exclude_global_add_ons":[],"addons":[],"_links":{"self":[{"href":"https:\/\/www.huntersfriend.eu\/de\/wp-json\/wp\/v2\/product\/282459","targetHints":{"allow":["GET"]}}],"collection":[{"href":"https:\/\/www.huntersfriend.eu\/de\/wp-json\/wp\/v2\/product"}],"about":[{"href":"https:\/\/www.huntersfriend.eu\/de\/wp-json\/wp\/v2\/types\/product"}],"replies":[{"embeddable":true,"href":"https:\/\/www.huntersfriend.eu\/de\/wp-json\/wp\/v2\/comments?post=282459"}],"wp:featuredmedia":[{"embeddable":true,"href":"https:\/\/www.huntersfriend.eu\/de\/wp-json\/wp\/v2\/media\/209466"}],"wp:attachment":[{"href":"https:\/\/www.huntersfriend.eu\/de\/wp-json\/wp\/v2\/media?parent=282459"}],"wp:term":[{"taxonomy":"product_brand","embeddable":true,"href":"https:\/\/www.huntersfriend.eu\/de\/wp-json\/wp\/v2\/product_brand?post=282459"},{"taxonomy":"product_cat","embeddable":true,"href":"https:\/\/www.huntersfriend.eu\/de\/wp-json\/wp\/v2\/product_cat?post=282459"},{"taxonomy":"product_tag","embeddable":true,"href":"https:\/\/www.huntersfriend.eu\/de\/wp-json\/wp\/v2\/product_tag?post=282459"}],"curies":[{"name":"wp","href":"https:\/\/api.w.org\/{rel}","templated":true}]}}