{"id":282457,"date":"2021-03-05T12:20:35","date_gmt":"2025-06-23T11:57:00","guid":{"rendered":"https:\/\/www.huntersfriend.eu\/product\/doc-200-raubtierfalle\/"},"modified":"2026-04-10T09:29:24","modified_gmt":"2026-04-10T07:29:24","slug":"doc-200-raubtierfalle","status":"publish","type":"product","link":"https:\/\/www.huntersfriend.eu\/de\/produkt\/doc-200-raubtierfalle\/","title":{"rendered":"DOC 200 &#8211; Raubtierfalle"},"content":{"rendered":"<p>Trapinator Doc 200 Falle f\u00fcr Hermeline, Nerze, Ratten und Wiesel. Es wird empfohlen, den Tunnel zusammen mit dieser Falle zu erwerben. Leichtgewichtig und mit einfachem Zugang.  <\/p>\n<p>Bitte stellen Sie unbedingt sicher, dass Sie die \u00f6rtlichen Gesetze und Vorschriften bez\u00fcglich der Verwendung dieses Produkts in Ihrem Land \u00fcberpr\u00fcfen.<\/p>\n<p>&nbsp;<\/p>\n<table class=\"woocommerce-product-attributes shop_attributes\">\n<tbody>\n<tr class=\"woocommerce-product-attributes-item woocommerce-product-attributes-item--attribute_dimensions\">\n<th class=\"woocommerce-product-attributes-item__label\">Abmessungen<\/th>\n<td class=\"woocommerce-product-attributes-item__value\">L 19 x H 19 x B 13 (cm)<\/td>\n<\/tr>\n<\/tbody>\n<\/table>\n<p>Die Lieferung ist bei Online-Bestellungen auf 4 St\u00fcck begrenzt. F\u00fcr gr\u00f6\u00dfere Bestellungen kontaktieren Sie uns bitte direkt bez\u00fcglich der Versandkosten. <\/p>\n","protected":false},"excerpt":{"rendered":"<p>Trapinator Doc 200 Falle f\u00fcr Hermeline, Nerze, Ratten und Wiesel. Es wird empfohlen, den Tunnel zusammen mit dieser Falle zu erwerben. Leichtgewichtig und mit einfachem Zugang. Bitte stellen Sie unbedingt sicher, dass Sie die \u00f6rtlichen Gesetze und Vorschriften bez\u00fcglich der Verwendung dieses Produkts in Ihrem Land \u00fcberpr\u00fcfen. &nbsp; Abmessungen L 19 x H 19 x [&#8230;]\n","protected":false},"featured_media":209311,"comment_status":"open","ping_status":"closed","template":"","meta":[],"product_brand":[],"product_cat":[2696,1410],"product_tag":[],"class_list":{"0":"post-282457","1":"product","2":"type-product","3":"status-publish","4":"has-post-thumbnail","6":"product_cat-fallor-och-fangsttillbehor","7":"product_cat-fallen-und-fallenzubehor","8":"product_shipping_class-medium-de","10":"first","11":"outofstock","12":"taxable","13":"shipping-taxable","14":"purchasable","15":"product-type-simple"},"composite_virtual":false,"composite_layout":"","composite_add_to_cart_form_location":"","composite_editable_in_cart":false,"composite_sold_individually_context":"","composite_shop_price_calc":"","composite_components":[],"composite_scenarios":[],"group_of_quantity":0,"min_quantity":0,"max_quantity":"","exclude_order_quantity_value_rules":"no","exclude_category_quantity_rules":"no","combine_variations":"no","exclude_global_add_ons":[],"addons":[],"_links":{"self":[{"href":"https:\/\/www.huntersfriend.eu\/de\/wp-json\/wp\/v2\/product\/282457","targetHints":{"allow":["GET"]}}],"collection":[{"href":"https:\/\/www.huntersfriend.eu\/de\/wp-json\/wp\/v2\/product"}],"about":[{"href":"https:\/\/www.huntersfriend.eu\/de\/wp-json\/wp\/v2\/types\/product"}],"replies":[{"embeddable":true,"href":"https:\/\/www.huntersfriend.eu\/de\/wp-json\/wp\/v2\/comments?post=282457"}],"wp:featuredmedia":[{"embeddable":true,"href":"https:\/\/www.huntersfriend.eu\/de\/wp-json\/wp\/v2\/media\/209311"}],"wp:attachment":[{"href":"https:\/\/www.huntersfriend.eu\/de\/wp-json\/wp\/v2\/media?parent=282457"}],"wp:term":[{"taxonomy":"product_brand","embeddable":true,"href":"https:\/\/www.huntersfriend.eu\/de\/wp-json\/wp\/v2\/product_brand?post=282457"},{"taxonomy":"product_cat","embeddable":true,"href":"https:\/\/www.huntersfriend.eu\/de\/wp-json\/wp\/v2\/product_cat?post=282457"},{"taxonomy":"product_tag","embeddable":true,"href":"https:\/\/www.huntersfriend.eu\/de\/wp-json\/wp\/v2\/product_tag?post=282457"}],"curies":[{"name":"wp","href":"https:\/\/api.w.org\/{rel}","templated":true}]}}