{"id":282442,"date":"2021-03-05T15:20:31","date_gmt":"2025-06-23T11:56:56","guid":{"rendered":"https:\/\/www.huntersfriend.eu\/product\/sam-neyt-mdx-universalruf-fuer-rabenvoegel\/"},"modified":"2025-08-08T03:56:24","modified_gmt":"2025-08-08T01:56:24","slug":"sam-neyt-mdx-universalruf-fuer-rabenvoegel","status":"publish","type":"product","link":"https:\/\/www.huntersfriend.eu\/de\/produkt\/sam-neyt-mdx-universalruf-fuer-rabenvoegel\/","title":{"rendered":"Sam neyt MDX Universalruf f\u00fcr Rabenv\u00f6gel"},"content":{"rendered":"<p>Der MDX-Ruf wurde entwickelt, um verschiedene Rabenv\u00f6gellaute zu erzeugen. Besonders effektiv f\u00fcr lokale Rabenv\u00f6gel, wenn Sie \u00fcberwiegend dieselben V\u00f6gel anlocken. <\/p>\n<p>Funktionen<\/p>\n<ul>\n<li>Funktioniert als Alarmruf einer Elster in Bedr\u00e4ngnis. Verwenden Sie kurze Rufe, die eine panische Elster imitieren. <\/li>\n<li>Der Jungkr\u00e4henruf imitiert eine junge, weniger dominante Nebelkr\u00e4he.<\/li>\n<\/ul>\n","protected":false},"excerpt":{"rendered":"<p>Erzeugt den Alarmruf einer Elster.<\/p>\n","protected":false},"featured_media":209960,"comment_status":"open","ping_status":"closed","template":"","meta":[],"product_brand":[],"product_cat":[1399],"product_tag":[],"class_list":{"0":"post-282442","1":"product","2":"type-product","3":"status-publish","4":"has-post-thumbnail","6":"product_cat-krahenlocker","8":"first","9":"instock","10":"taxable","11":"shipping-taxable","12":"purchasable","13":"product-type-simple"},"composite_virtual":false,"composite_layout":"","composite_add_to_cart_form_location":"","composite_editable_in_cart":false,"composite_sold_individually_context":"","composite_shop_price_calc":"","composite_components":[],"composite_scenarios":[],"group_of_quantity":0,"min_quantity":0,"max_quantity":"","exclude_order_quantity_value_rules":"no","exclude_category_quantity_rules":"no","combine_variations":"no","exclude_global_add_ons":[],"addons":[],"_links":{"self":[{"href":"https:\/\/www.huntersfriend.eu\/de\/wp-json\/wp\/v2\/product\/282442","targetHints":{"allow":["GET"]}}],"collection":[{"href":"https:\/\/www.huntersfriend.eu\/de\/wp-json\/wp\/v2\/product"}],"about":[{"href":"https:\/\/www.huntersfriend.eu\/de\/wp-json\/wp\/v2\/types\/product"}],"replies":[{"embeddable":true,"href":"https:\/\/www.huntersfriend.eu\/de\/wp-json\/wp\/v2\/comments?post=282442"}],"wp:featuredmedia":[{"embeddable":true,"href":"https:\/\/www.huntersfriend.eu\/de\/wp-json\/wp\/v2\/media\/209960"}],"wp:attachment":[{"href":"https:\/\/www.huntersfriend.eu\/de\/wp-json\/wp\/v2\/media?parent=282442"}],"wp:term":[{"taxonomy":"product_brand","embeddable":true,"href":"https:\/\/www.huntersfriend.eu\/de\/wp-json\/wp\/v2\/product_brand?post=282442"},{"taxonomy":"product_cat","embeddable":true,"href":"https:\/\/www.huntersfriend.eu\/de\/wp-json\/wp\/v2\/product_cat?post=282442"},{"taxonomy":"product_tag","embeddable":true,"href":"https:\/\/www.huntersfriend.eu\/de\/wp-json\/wp\/v2\/product_tag?post=282442"}],"curies":[{"name":"wp","href":"https:\/\/api.w.org\/{rel}","templated":true}]}}