{"id":282441,"date":"2021-03-03T00:20:56","date_gmt":"2025-06-23T11:56:56","guid":{"rendered":"https:\/\/www.huntersfriend.eu\/product\/hot-shot-accu-peep\/"},"modified":"2026-03-26T13:44:40","modified_gmt":"2026-03-26T11:44:40","slug":"hot-shot-accu-peep","status":"publish","type":"product","link":"https:\/\/www.huntersfriend.eu\/de\/produkt\/hot-shot-accu-peep\/","title":{"rendered":"Hot Shot Accu Peep"},"content":{"rendered":"<p>Die anspruchsvollsten Bogenj\u00e4ger weigern sich, auch nur das kleinste Detail ihres Schie\u00dfvorgangs zu vernachl\u00e4ssigen, ungeachtet dessen scheinbarer Bedeutungslosigkeit. Ein Peep Sight ist eines jener Details, das \u00fcber Erfolg oder Misserfolg einer Jagd entscheiden kann. Aus diesem Grund hat Hot Shot den Accu-Peep entwickelt. Im Gegensatz zu den meisten Peep-Optionen verf\u00fcgt der Accu-Peep \u00fcber ein konvexes Design, \u00e4hnlich dem von Ferngl\u00e4sern, um so viel Licht wie m\u00f6glich zu sammeln und an das Auge des Sch\u00fctzen weiterzuleiten.   <\/p>\n<p>Eigenschaften: Interne konvexe Form, die im Vergleich zu herk\u00f6mmlichen Peep Sights eine h\u00f6here Lichtsammlung und ein breiteres Sichtfeld als konventionelle Peep Sights \u00e4hnlicher Gr\u00f6\u00dfe erm\u00f6glicht.<\/p>\n<p>Gefertigt aus Flugzeug-Aluminium und verformungsbest\u00e4ndig.<\/p>\n<p>Tiefe Kan\u00e4le und glatte Kanten gew\u00e4hrleisten, dass umwickelte Peep Sights an Ort und Stelle bleiben.<\/p>\n<p>Erh\u00e4ltlich in 4 Gr\u00f6\u00dfen:<\/p>\n<ul>\n<li>1\/8&#8243; klein (6,9 g)<\/li>\n<li>3\/16&#8243; mittel (7,5 g)<\/li>\n<li>1\/4&#8243; gro\u00df (11 g)<\/li>\n<li>5\/16&#8243; XL (13,2 g)<\/li>\n<\/ul>\n","protected":false},"excerpt":{"rendered":"<p>5\/16&#8243; orange<\/p>\n","protected":false},"featured_media":196294,"comment_status":"open","ping_status":"closed","template":"","meta":[],"product_brand":[],"product_cat":[1137],"product_tag":[],"class_list":{"0":"post-282441","1":"product","2":"type-product","3":"status-publish","4":"has-post-thumbnail","6":"product_cat-peeps-nocken-kisserbottons-und-zubehoer","8":"first","9":"instock","10":"taxable","11":"shipping-taxable","12":"purchasable","13":"product-type-variable","14":"has-default-attributes"},"composite_virtual":false,"composite_layout":"","composite_add_to_cart_form_location":"","composite_editable_in_cart":false,"composite_sold_individually_context":"","composite_shop_price_calc":"","composite_components":[],"composite_scenarios":[],"group_of_quantity":0,"min_quantity":0,"max_quantity":"","exclude_order_quantity_value_rules":"no","exclude_category_quantity_rules":"no","combine_variations":"no","exclude_global_add_ons":[],"addons":[],"_links":{"self":[{"href":"https:\/\/www.huntersfriend.eu\/de\/wp-json\/wp\/v2\/product\/282441","targetHints":{"allow":["GET"]}}],"collection":[{"href":"https:\/\/www.huntersfriend.eu\/de\/wp-json\/wp\/v2\/product"}],"about":[{"href":"https:\/\/www.huntersfriend.eu\/de\/wp-json\/wp\/v2\/types\/product"}],"replies":[{"embeddable":true,"href":"https:\/\/www.huntersfriend.eu\/de\/wp-json\/wp\/v2\/comments?post=282441"}],"wp:featuredmedia":[{"embeddable":true,"href":"https:\/\/www.huntersfriend.eu\/de\/wp-json\/wp\/v2\/media\/196294"}],"wp:attachment":[{"href":"https:\/\/www.huntersfriend.eu\/de\/wp-json\/wp\/v2\/media?parent=282441"}],"wp:term":[{"taxonomy":"product_brand","embeddable":true,"href":"https:\/\/www.huntersfriend.eu\/de\/wp-json\/wp\/v2\/product_brand?post=282441"},{"taxonomy":"product_cat","embeddable":true,"href":"https:\/\/www.huntersfriend.eu\/de\/wp-json\/wp\/v2\/product_cat?post=282441"},{"taxonomy":"product_tag","embeddable":true,"href":"https:\/\/www.huntersfriend.eu\/de\/wp-json\/wp\/v2\/product_tag?post=282441"}],"curies":[{"name":"wp","href":"https:\/\/api.w.org\/{rel}","templated":true}]}}