{"id":282440,"date":"2021-03-05T15:20:30","date_gmt":"2025-06-23T11:56:55","guid":{"rendered":"https:\/\/www.huntersfriend.eu\/product\/sam-neyt-ft3-kraehenlockruf\/"},"modified":"2026-02-25T10:35:08","modified_gmt":"2026-02-25T08:35:08","slug":"sam-neyt-ft3-kraehenlockruf","status":"publish","type":"product","link":"https:\/\/www.huntersfriend.eu\/de\/produkt\/sam-neyt-ft3-kraehenlockruf\/","title":{"rendered":"Sam neyt FT3 Kr\u00e4henlockruf"},"content":{"rendered":"<p>Einer der beliebtesten handgestimmten Kr\u00e4henlockrufe. Er verf\u00fcgt \u00fcber einen Holzkorpus und ein Mundst\u00fcck aus robustem ABS-Kunststoff sowie eine frostsichere Zunge. Dieser Lockruf wird Sie nicht im Stich lassen. Abgestimmt auf die europ\u00e4ische Aas- und Nebelkr\u00e4he. Kann auch f\u00fcr Dohlen und Elstern verwendet werden.    <\/p>\n","protected":false},"excerpt":{"rendered":"<p>Einer der beliebtesten handgestimmten Kr\u00e4henlockrufe. Er verf\u00fcgt \u00fcber einen Holzkorpus und ein Mundst\u00fcck aus robustem ABS-Kunststoff sowie eine frostsichere Zunge. Dieser Lockruf wird Sie nicht im Stich lassen. Abgestimmt auf die europ\u00e4ische Aas- und Nebelkr\u00e4he. Kann auch f\u00fcr Dohlen und Elstern verwendet werden.<\/p>\n","protected":false},"featured_media":209954,"comment_status":"open","ping_status":"closed","template":"","meta":[],"product_brand":[],"product_cat":[2960,1399],"product_tag":[],"class_list":{"0":"post-282440","1":"product","2":"type-product","3":"status-publish","4":"has-post-thumbnail","6":"product_cat-kraklockar","7":"product_cat-krahenlocker","9":"first","10":"instock","11":"taxable","12":"shipping-taxable","13":"purchasable","14":"product-type-simple"},"composite_virtual":false,"composite_layout":"","composite_add_to_cart_form_location":"","composite_editable_in_cart":false,"composite_sold_individually_context":"","composite_shop_price_calc":"","composite_components":[],"composite_scenarios":[],"group_of_quantity":0,"min_quantity":0,"max_quantity":"","exclude_order_quantity_value_rules":"no","exclude_category_quantity_rules":"no","combine_variations":"no","exclude_global_add_ons":[],"addons":[],"_links":{"self":[{"href":"https:\/\/www.huntersfriend.eu\/de\/wp-json\/wp\/v2\/product\/282440","targetHints":{"allow":["GET"]}}],"collection":[{"href":"https:\/\/www.huntersfriend.eu\/de\/wp-json\/wp\/v2\/product"}],"about":[{"href":"https:\/\/www.huntersfriend.eu\/de\/wp-json\/wp\/v2\/types\/product"}],"replies":[{"embeddable":true,"href":"https:\/\/www.huntersfriend.eu\/de\/wp-json\/wp\/v2\/comments?post=282440"}],"wp:featuredmedia":[{"embeddable":true,"href":"https:\/\/www.huntersfriend.eu\/de\/wp-json\/wp\/v2\/media\/209954"}],"wp:attachment":[{"href":"https:\/\/www.huntersfriend.eu\/de\/wp-json\/wp\/v2\/media?parent=282440"}],"wp:term":[{"taxonomy":"product_brand","embeddable":true,"href":"https:\/\/www.huntersfriend.eu\/de\/wp-json\/wp\/v2\/product_brand?post=282440"},{"taxonomy":"product_cat","embeddable":true,"href":"https:\/\/www.huntersfriend.eu\/de\/wp-json\/wp\/v2\/product_cat?post=282440"},{"taxonomy":"product_tag","embeddable":true,"href":"https:\/\/www.huntersfriend.eu\/de\/wp-json\/wp\/v2\/product_tag?post=282440"}],"curies":[{"name":"wp","href":"https:\/\/api.w.org\/{rel}","templated":true}]}}