{"id":282439,"date":"2021-02-26T15:20:51","date_gmt":"2025-06-23T11:56:54","guid":{"rendered":"https:\/\/www.huntersfriend.eu\/product\/lucky-duck-hd-2-0-fernbedienungs-kit\/"},"modified":"2025-08-27T11:23:53","modified_gmt":"2025-08-27T09:23:53","slug":"lucky-duck-hd-2-0-fernbedienungs-kit","status":"publish","type":"product","link":"https:\/\/www.huntersfriend.eu\/de\/produkt\/lucky-duck-hd-2-0-fernbedienungs-kit\/","title":{"rendered":"Lucky Duck HD 2.0 Fernbedienungs-Kit"},"content":{"rendered":"<p>Das Lucky HD Fernbedienungs-Kit 2.0 h\u00e4lt Sie vor den wachsamen Augen ankommender Enten verborgen. Verwenden Sie das HD-Fernbedienungs-Kit, um Lockv\u00f6gel aus einer getarnten Position bis zu 300 Fu\u00df entfernt zu steuern. Mit (3) Kanaloptionen k\u00f6nnen Sie verschiedene Lockv\u00f6gel auf unterschiedlichen Kan\u00e4len steuern (Wasserbewegung vs. Spinner) und haben die M\u00f6glichkeit, Lockv\u00f6gel von mehr als einer Fernbedienung aus zu kontrollieren. Verwenden Sie den Modusschalter, um Lockv\u00f6gel entweder im konstanten oder intermittierenden Modus zu betreiben, ohne Ihre Position preiszugeben. Eine Schnellsynchronisierungstaste erm\u00f6glicht den Betrieb mehrerer Entenlockv\u00f6gel von einem Sender aus (jeder Lockvogel ben\u00f6tigt den Lucky Duck HD-Empf\u00e4nger 2.0), wobei auch ein separater Ein\/Aus-Schalter vorhanden ist.    <\/p>\n<p>&nbsp;<\/p>\n<ul>\n<li>Neues ergonomisches Design ist \u00e4u\u00dferst wasserbest\u00e4ndig<\/li>\n<li>Steuern Sie Ihre motorisierten Lucky Duck Lockv\u00f6gel, w\u00e4hrend Sie in Ihrem Versteck verborgen bleiben<\/li>\n<li>3 Kanaloptionen bedeuten, dass Sie verschiedene Lockv\u00f6gel auf unterschiedlichen Kan\u00e4len steuern k\u00f6nnen (Wasserbewegung vs. Spinner)<\/li>\n<li>M\u00f6glichkeit, Lockv\u00f6gel von mehr als einer Fernbedienung aus zu steuern<\/li>\n<li>Betreiben Sie mehrere Lockv\u00f6gel mit einer Fernbedienung \u2013 jeder Lockvogel ben\u00f6tigt einen HD-Empf\u00e4nger<\/li>\n<li>Kompatibel mit den meisten Lucky Duck Bewegungslockv\u00f6geln<\/li>\n<li>Ein\/Aus-Schalter f\u00fcr intermittierenden oder konstanten Modus<\/li>\n<li>Fernbedienungsreichweite bis zu 300 Fu\u00df<\/li>\n<li>Inklusive Haken zur einfachen Befestigung an Ihrem Umh\u00e4ngeband<\/li>\n<li>Batterie 23A\/A23 (nicht im Lieferumfang enthalten)<\/li>\n<\/ul>\n","protected":false},"excerpt":{"rendered":"<p>Fernbedienung f\u00fcr Lucky Duck Produkte<\/p>\n","protected":false},"featured_media":220570,"comment_status":"open","ping_status":"closed","template":"","meta":[],"product_brand":[],"product_cat":[1395],"product_tag":[],"class_list":{"0":"post-282439","1":"product","2":"type-product","3":"status-publish","4":"has-post-thumbnail","6":"product_cat-lockvogel-mit-bewegung","8":"first","9":"instock","10":"taxable","11":"shipping-taxable","12":"purchasable","13":"product-type-simple"},"composite_virtual":false,"composite_layout":"","composite_add_to_cart_form_location":"","composite_editable_in_cart":false,"composite_sold_individually_context":"","composite_shop_price_calc":"","composite_components":[],"composite_scenarios":[],"group_of_quantity":0,"min_quantity":0,"max_quantity":"","exclude_order_quantity_value_rules":"no","exclude_category_quantity_rules":"no","combine_variations":"no","exclude_global_add_ons":[],"addons":[],"_links":{"self":[{"href":"https:\/\/www.huntersfriend.eu\/de\/wp-json\/wp\/v2\/product\/282439","targetHints":{"allow":["GET"]}}],"collection":[{"href":"https:\/\/www.huntersfriend.eu\/de\/wp-json\/wp\/v2\/product"}],"about":[{"href":"https:\/\/www.huntersfriend.eu\/de\/wp-json\/wp\/v2\/types\/product"}],"replies":[{"embeddable":true,"href":"https:\/\/www.huntersfriend.eu\/de\/wp-json\/wp\/v2\/comments?post=282439"}],"wp:featuredmedia":[{"embeddable":true,"href":"https:\/\/www.huntersfriend.eu\/de\/wp-json\/wp\/v2\/media\/220570"}],"wp:attachment":[{"href":"https:\/\/www.huntersfriend.eu\/de\/wp-json\/wp\/v2\/media?parent=282439"}],"wp:term":[{"taxonomy":"product_brand","embeddable":true,"href":"https:\/\/www.huntersfriend.eu\/de\/wp-json\/wp\/v2\/product_brand?post=282439"},{"taxonomy":"product_cat","embeddable":true,"href":"https:\/\/www.huntersfriend.eu\/de\/wp-json\/wp\/v2\/product_cat?post=282439"},{"taxonomy":"product_tag","embeddable":true,"href":"https:\/\/www.huntersfriend.eu\/de\/wp-json\/wp\/v2\/product_tag?post=282439"}],"curies":[{"name":"wp","href":"https:\/\/api.w.org\/{rel}","templated":true}]}}