{"id":282438,"date":"2021-03-05T15:20:29","date_gmt":"2025-06-23T11:56:54","guid":{"rendered":"https:\/\/www.huntersfriend.eu\/product\/buck-gardner-droplok-rufbefestigung\/"},"modified":"2025-06-23T13:56:54","modified_gmt":"2025-06-23T11:56:54","slug":"buck-gardner-droplok-rufbefestigung","status":"publish","type":"product","link":"https:\/\/www.huntersfriend.eu\/de\/produkt\/buck-gardner-droplok-rufbefestigung\/","title":{"rendered":"Buck Gardner DropLok &#8211; Rufbefestigung"},"content":{"rendered":"<p>Passen Sie Ihr Schl\u00fcsselband mit Rufen nach Ihren W\u00fcnschen an, indem Sie die Buck Gardner DropLok-Befestigung verwenden. Das doppelte Schlaufendesign h\u00e4lt sowohl den Lauf als auch den Einsatz sicher fest, um verlorene Rufe zu verhindern, und der gummierte Schieber verhindert st\u00f6rende Verdrehungen in Ihren Rufabsenkungen. Der praktische Karabinerhaken l\u00e4sst sich an jedem Schl\u00fcsselband befestigen.  <\/p>\n","protected":false},"excerpt":{"rendered":"<p>Passen Sie Ihr Schl\u00fcsselband mit Rufen nach Ihren W\u00fcnschen an, indem Sie die Buck Gardner DropLok-Befestigung verwenden. Das doppelte Schlaufendesign h\u00e4lt sowohl den Lauf als auch den Einsatz sicher fest, um verlorene Rufe zu verhindern, und der gummierte Schieber verhindert st\u00f6rende Verdrehungen in Ihren Rufabsenkungen. Der praktische Karabinerhaken l\u00e4sst sich an jedem Schl\u00fcsselband befestigen.<\/p>\n","protected":false},"featured_media":208943,"comment_status":"open","ping_status":"closed","template":"","meta":[],"product_brand":[],"product_cat":[1184],"product_tag":[],"class_list":{"0":"post-282438","1":"product","2":"type-product","3":"status-publish","4":"has-post-thumbnail","6":"product_cat-locker-zubehoer","8":"first","9":"outofstock","10":"taxable","11":"shipping-taxable","12":"purchasable","13":"product-type-simple"},"composite_virtual":false,"composite_layout":"","composite_add_to_cart_form_location":"","composite_editable_in_cart":false,"composite_sold_individually_context":"","composite_shop_price_calc":"","composite_components":[],"composite_scenarios":[],"group_of_quantity":0,"min_quantity":0,"max_quantity":"","exclude_order_quantity_value_rules":"no","exclude_category_quantity_rules":"no","combine_variations":"no","exclude_global_add_ons":[],"addons":[],"_links":{"self":[{"href":"https:\/\/www.huntersfriend.eu\/de\/wp-json\/wp\/v2\/product\/282438","targetHints":{"allow":["GET"]}}],"collection":[{"href":"https:\/\/www.huntersfriend.eu\/de\/wp-json\/wp\/v2\/product"}],"about":[{"href":"https:\/\/www.huntersfriend.eu\/de\/wp-json\/wp\/v2\/types\/product"}],"replies":[{"embeddable":true,"href":"https:\/\/www.huntersfriend.eu\/de\/wp-json\/wp\/v2\/comments?post=282438"}],"wp:featuredmedia":[{"embeddable":true,"href":"https:\/\/www.huntersfriend.eu\/de\/wp-json\/wp\/v2\/media\/208943"}],"wp:attachment":[{"href":"https:\/\/www.huntersfriend.eu\/de\/wp-json\/wp\/v2\/media?parent=282438"}],"wp:term":[{"taxonomy":"product_brand","embeddable":true,"href":"https:\/\/www.huntersfriend.eu\/de\/wp-json\/wp\/v2\/product_brand?post=282438"},{"taxonomy":"product_cat","embeddable":true,"href":"https:\/\/www.huntersfriend.eu\/de\/wp-json\/wp\/v2\/product_cat?post=282438"},{"taxonomy":"product_tag","embeddable":true,"href":"https:\/\/www.huntersfriend.eu\/de\/wp-json\/wp\/v2\/product_tag?post=282438"}],"curies":[{"name":"wp","href":"https:\/\/api.w.org\/{rel}","templated":true}]}}