{"id":282437,"date":"2021-02-25T12:22:35","date_gmt":"2021-02-25T10:22:35","guid":{"rendered":"https:\/\/www.huntersfriend.eu\/product\/letzter-durchgang-des-endanflugs-metallbein\/"},"modified":"2025-08-06T04:58:18","modified_gmt":"2025-08-06T02:58:18","slug":"letzter-durchgang-des-endanflugs-metallbein","status":"publish","type":"product","link":"https:\/\/www.huntersfriend.eu\/de\/produkt\/letzter-durchgang-des-endanflugs-metallbein\/","title":{"rendered":"Letzter Durchgang des Endanflugs Metallbein"},"content":{"rendered":"<p>Dieses Produkt umfasst ausschlie\u00dflich das Metallbein. Die Lockattrappe ist nicht inbegriffen. <\/p>\n<p>&nbsp;<\/p>\n<p>F\u00fcr Kr\u00e4hen- und Taubenlockattrappen geeignet.<\/p>\n<p>&nbsp;<\/p>\n<p>Die Verpackung enth\u00e4lt 12 Beine.<\/p>\n","protected":false},"excerpt":{"rendered":"<p>Dieses Produkt umfasst ausschlie\u00dflich das Metallbein. Die Lockattrappe ist nicht inbegriffen. &nbsp; F\u00fcr Kr\u00e4hen- und Taubenlockattrappen geeignet. &nbsp; Die Verpackung enth\u00e4lt 12 Beine.<\/p>\n","protected":false},"featured_media":213246,"comment_status":"open","ping_status":"closed","template":"","meta":[],"product_brand":[],"product_cat":[1213],"product_tag":[],"class_list":{"0":"post-282437","1":"product","2":"type-product","3":"status-publish","4":"has-post-thumbnail","6":"product_cat-locktier-zubehoer","8":"first","9":"instock","10":"taxable","11":"shipping-taxable","12":"purchasable","13":"product-type-simple"},"composite_virtual":false,"composite_layout":"","composite_add_to_cart_form_location":"","composite_editable_in_cart":false,"composite_sold_individually_context":"","composite_shop_price_calc":"","composite_components":[],"composite_scenarios":[],"group_of_quantity":0,"min_quantity":0,"max_quantity":"","exclude_order_quantity_value_rules":"no","exclude_category_quantity_rules":"no","combine_variations":"no","exclude_global_add_ons":[],"addons":[],"_links":{"self":[{"href":"https:\/\/www.huntersfriend.eu\/de\/wp-json\/wp\/v2\/product\/282437","targetHints":{"allow":["GET"]}}],"collection":[{"href":"https:\/\/www.huntersfriend.eu\/de\/wp-json\/wp\/v2\/product"}],"about":[{"href":"https:\/\/www.huntersfriend.eu\/de\/wp-json\/wp\/v2\/types\/product"}],"replies":[{"embeddable":true,"href":"https:\/\/www.huntersfriend.eu\/de\/wp-json\/wp\/v2\/comments?post=282437"}],"wp:featuredmedia":[{"embeddable":true,"href":"https:\/\/www.huntersfriend.eu\/de\/wp-json\/wp\/v2\/media\/213246"}],"wp:attachment":[{"href":"https:\/\/www.huntersfriend.eu\/de\/wp-json\/wp\/v2\/media?parent=282437"}],"wp:term":[{"taxonomy":"product_brand","embeddable":true,"href":"https:\/\/www.huntersfriend.eu\/de\/wp-json\/wp\/v2\/product_brand?post=282437"},{"taxonomy":"product_cat","embeddable":true,"href":"https:\/\/www.huntersfriend.eu\/de\/wp-json\/wp\/v2\/product_cat?post=282437"},{"taxonomy":"product_tag","embeddable":true,"href":"https:\/\/www.huntersfriend.eu\/de\/wp-json\/wp\/v2\/product_tag?post=282437"}],"curies":[{"name":"wp","href":"https:\/\/api.w.org\/{rel}","templated":true}]}}