{"id":282436,"date":"2021-03-05T12:20:49","date_gmt":"2025-06-23T11:56:53","guid":{"rendered":"https:\/\/www.huntersfriend.eu\/product\/hart-nb-litepack-11-rucksack\/"},"modified":"2025-08-10T04:52:16","modified_gmt":"2025-08-10T02:52:16","slug":"hart-nb-litepack-11-rucksack","status":"publish","type":"product","link":"https:\/\/www.huntersfriend.eu\/de\/produkt\/hart-nb-litepack-11-rucksack\/","title":{"rendered":"Hart NB litepack 11 Rucksack"},"content":{"rendered":"<p>Allround ergonomischer Rucksack f\u00fcr dynamische J\u00e4ger, die ein leichtgewichtiges Produkt mit funktionalen Taschen suchen. Er ist ideal geeignet sowohl f\u00fcr die Jagd auf Waldschnepfen, Rebh\u00fchner und Wachteln mit Hund als auch f\u00fcr jegliche Outdoor-Aktivit\u00e4ten wie schnelles Wandern auf Bergpfaden. <\/p>\n<p>Kompakte Kapazit\u00e4t mit gro\u00dfer \u00d6ffnung und einem Fach f\u00fcr einen Trinkbeutel. Seine umh\u00fcllende Form sorgt f\u00fcr Stabilit\u00e4t. Eine Rei\u00dfverschlusstasche vorne und zwei seitliche Rei\u00dfverschlussf\u00e4cher. Elastische Schn\u00fcre f\u00fcr zus\u00e4tzliche Beladung. Atmungsaktives, schaumgepolstertes R\u00fcckensystem. Verstellbarer G\u00fcrtel und Trageriemen.     <\/p>\n","protected":false},"excerpt":{"rendered":"<p>Fassungsverm\u00f6gen 11 l<\/p>\n","protected":false},"featured_media":210123,"comment_status":"open","ping_status":"closed","template":"","meta":[],"product_brand":[],"product_cat":[1407],"product_tag":[],"class_list":{"0":"post-282436","1":"product","2":"type-product","3":"status-publish","4":"has-post-thumbnail","6":"product_cat-jagdrucksacke","7":"product_shipping_class-medium-de","9":"first","10":"instock","11":"taxable","12":"shipping-taxable","13":"purchasable","14":"product-type-simple"},"composite_virtual":false,"composite_layout":"","composite_add_to_cart_form_location":"","composite_editable_in_cart":false,"composite_sold_individually_context":"","composite_shop_price_calc":"","composite_components":[],"composite_scenarios":[],"group_of_quantity":0,"min_quantity":0,"max_quantity":"","exclude_order_quantity_value_rules":"no","exclude_category_quantity_rules":"no","combine_variations":"no","exclude_global_add_ons":[],"addons":[],"_links":{"self":[{"href":"https:\/\/www.huntersfriend.eu\/de\/wp-json\/wp\/v2\/product\/282436","targetHints":{"allow":["GET"]}}],"collection":[{"href":"https:\/\/www.huntersfriend.eu\/de\/wp-json\/wp\/v2\/product"}],"about":[{"href":"https:\/\/www.huntersfriend.eu\/de\/wp-json\/wp\/v2\/types\/product"}],"replies":[{"embeddable":true,"href":"https:\/\/www.huntersfriend.eu\/de\/wp-json\/wp\/v2\/comments?post=282436"}],"wp:featuredmedia":[{"embeddable":true,"href":"https:\/\/www.huntersfriend.eu\/de\/wp-json\/wp\/v2\/media\/210123"}],"wp:attachment":[{"href":"https:\/\/www.huntersfriend.eu\/de\/wp-json\/wp\/v2\/media?parent=282436"}],"wp:term":[{"taxonomy":"product_brand","embeddable":true,"href":"https:\/\/www.huntersfriend.eu\/de\/wp-json\/wp\/v2\/product_brand?post=282436"},{"taxonomy":"product_cat","embeddable":true,"href":"https:\/\/www.huntersfriend.eu\/de\/wp-json\/wp\/v2\/product_cat?post=282436"},{"taxonomy":"product_tag","embeddable":true,"href":"https:\/\/www.huntersfriend.eu\/de\/wp-json\/wp\/v2\/product_tag?post=282436"}],"curies":[{"name":"wp","href":"https:\/\/api.w.org\/{rel}","templated":true}]}}