{"id":282431,"date":"2021-03-05T12:20:36","date_gmt":"2025-06-23T11:56:52","guid":{"rendered":"https:\/\/www.huntersfriend.eu\/product\/doc-200-edelstahl-raubtierfalle\/"},"modified":"2026-04-28T14:39:34","modified_gmt":"2026-04-28T12:39:34","slug":"doc-200-edelstahl-raubtierfalle","status":"publish","type":"product","link":"https:\/\/www.huntersfriend.eu\/de\/produkt\/doc-200-edelstahl-raubtierfalle\/","title":{"rendered":"DOC 200 Edelstahl-Raubtierfalle"},"content":{"rendered":"<p>Die Trapinator Doc 200 Edelstahlfalle ist die ultimative T\u00f6tungsfalle f\u00fcr Hermeline, Nerze, Ratten, Wiesel und Igel. Erw\u00e4gen Sie den Erwerb des Tunnels zusammen mit dieser Falle. Leichtgewichtig und einfach zug\u00e4nglich. <\/p>\n<p>Bitte stellen Sie unbedingt sicher, dass Sie die \u00f6rtlichen Gesetze und Vorschriften bez\u00fcglich der Verwendung dieses Produkts in Ihrem Land \u00fcberpr\u00fcfen.<\/p>\n","protected":false},"excerpt":{"rendered":"<p>Die Trapinator Doc 200 Edelstahlfalle ist die ultimative T\u00f6tungsfalle f\u00fcr Hermeline, Nerze, Ratten, Wiesel und Igel. Erw\u00e4gen Sie den Erwerb des Tunnels zusammen mit dieser Falle. Leichtgewichtig und einfach zug\u00e4nglich. Bitte stellen Sie unbedingt sicher, dass Sie die \u00f6rtlichen Gesetze und Vorschriften bez\u00fcglich der Verwendung dieses Produkts in Ihrem Land \u00fcberpr\u00fcfen.<\/p>\n","protected":false},"featured_media":209314,"comment_status":"open","ping_status":"closed","template":"","meta":[],"product_brand":[],"product_cat":[2696,1410,1330],"product_tag":[],"class_list":{"0":"post-282431","1":"product","2":"type-product","3":"status-publish","4":"has-post-thumbnail","6":"product_cat-fallor-och-fangsttillbehor","7":"product_cat-fallen-und-fallenzubehor","8":"product_cat-traps-trapping-supplies","10":"first","11":"instock","12":"taxable","13":"shipping-taxable","14":"purchasable","15":"product-type-simple"},"composite_virtual":false,"composite_layout":"","composite_add_to_cart_form_location":"","composite_editable_in_cart":false,"composite_sold_individually_context":"","composite_shop_price_calc":"","composite_components":[],"composite_scenarios":[],"group_of_quantity":0,"min_quantity":0,"max_quantity":"","exclude_order_quantity_value_rules":"no","exclude_category_quantity_rules":"no","combine_variations":"no","exclude_global_add_ons":[],"addons":[],"_links":{"self":[{"href":"https:\/\/www.huntersfriend.eu\/de\/wp-json\/wp\/v2\/product\/282431","targetHints":{"allow":["GET"]}}],"collection":[{"href":"https:\/\/www.huntersfriend.eu\/de\/wp-json\/wp\/v2\/product"}],"about":[{"href":"https:\/\/www.huntersfriend.eu\/de\/wp-json\/wp\/v2\/types\/product"}],"replies":[{"embeddable":true,"href":"https:\/\/www.huntersfriend.eu\/de\/wp-json\/wp\/v2\/comments?post=282431"}],"wp:featuredmedia":[{"embeddable":true,"href":"https:\/\/www.huntersfriend.eu\/de\/wp-json\/wp\/v2\/media\/209314"}],"wp:attachment":[{"href":"https:\/\/www.huntersfriend.eu\/de\/wp-json\/wp\/v2\/media?parent=282431"}],"wp:term":[{"taxonomy":"product_brand","embeddable":true,"href":"https:\/\/www.huntersfriend.eu\/de\/wp-json\/wp\/v2\/product_brand?post=282431"},{"taxonomy":"product_cat","embeddable":true,"href":"https:\/\/www.huntersfriend.eu\/de\/wp-json\/wp\/v2\/product_cat?post=282431"},{"taxonomy":"product_tag","embeddable":true,"href":"https:\/\/www.huntersfriend.eu\/de\/wp-json\/wp\/v2\/product_tag?post=282431"}],"curies":[{"name":"wp","href":"https:\/\/api.w.org\/{rel}","templated":true}]}}