{"id":282430,"date":"2021-02-24T12:22:49","date_gmt":"2025-06-23T11:56:52","guid":{"rendered":"https:\/\/www.huntersfriend.eu\/product\/vpa-schwere-feldspitze\/"},"modified":"2026-01-21T22:32:24","modified_gmt":"2026-01-21T20:32:24","slug":"vpa-schwere-feldspitze","status":"publish","type":"product","link":"https:\/\/www.huntersfriend.eu\/de\/produkt\/vpa-schwere-feldspitze\/","title":{"rendered":"VPA Schwere Feldspitze"},"content":{"rendered":"<p>Die maschinell gefertigten Stahlspitzen von Vantage Point Archery (auch als Feldspitzen bekannt) sind \u00e4u\u00dferst robust und mit Pr\u00e4zision konzipiert, um einen pr\u00e4zisen Pfeilflug zu unterst\u00fctzen. Unsere einschraubbaren Stahlspitzen sind f\u00fcr alle Carbon- und Aluminiumpfeile geeignet, da sie \u00fcber ein branchen\u00fcbliches 8-32-Gewinde verf\u00fcgen. Dieses Gewinde wird von allen Pfeileinlagen verwendet (mit Ausnahme von Easton Deep Six).  <\/p>\n<p><strong>Feldspitzen werden in Packungen zu 6 St\u00fcck verkauft<\/strong><\/p>\n","protected":false},"excerpt":{"rendered":"<p>6 St\u00fcck \/ Packung &#8211; Stahl h\u00f6chster Qualit\u00e4t<\/p>\n","protected":false},"featured_media":196320,"comment_status":"open","ping_status":"closed","template":"","meta":[],"product_brand":[],"product_cat":[1078],"product_tag":[],"class_list":{"0":"post-282430","1":"product","2":"type-product","3":"status-publish","4":"has-post-thumbnail","6":"product_cat-uebungs-spitzen","8":"first","9":"instock","10":"taxable","11":"shipping-taxable","12":"purchasable","13":"product-type-variable"},"composite_virtual":false,"composite_layout":"","composite_add_to_cart_form_location":"","composite_editable_in_cart":false,"composite_sold_individually_context":"","composite_shop_price_calc":"","composite_components":[],"composite_scenarios":[],"group_of_quantity":0,"min_quantity":0,"max_quantity":"","exclude_order_quantity_value_rules":"no","exclude_category_quantity_rules":"no","combine_variations":"no","exclude_global_add_ons":[],"addons":[],"_links":{"self":[{"href":"https:\/\/www.huntersfriend.eu\/de\/wp-json\/wp\/v2\/product\/282430","targetHints":{"allow":["GET"]}}],"collection":[{"href":"https:\/\/www.huntersfriend.eu\/de\/wp-json\/wp\/v2\/product"}],"about":[{"href":"https:\/\/www.huntersfriend.eu\/de\/wp-json\/wp\/v2\/types\/product"}],"replies":[{"embeddable":true,"href":"https:\/\/www.huntersfriend.eu\/de\/wp-json\/wp\/v2\/comments?post=282430"}],"wp:featuredmedia":[{"embeddable":true,"href":"https:\/\/www.huntersfriend.eu\/de\/wp-json\/wp\/v2\/media\/196320"}],"wp:attachment":[{"href":"https:\/\/www.huntersfriend.eu\/de\/wp-json\/wp\/v2\/media?parent=282430"}],"wp:term":[{"taxonomy":"product_brand","embeddable":true,"href":"https:\/\/www.huntersfriend.eu\/de\/wp-json\/wp\/v2\/product_brand?post=282430"},{"taxonomy":"product_cat","embeddable":true,"href":"https:\/\/www.huntersfriend.eu\/de\/wp-json\/wp\/v2\/product_cat?post=282430"},{"taxonomy":"product_tag","embeddable":true,"href":"https:\/\/www.huntersfriend.eu\/de\/wp-json\/wp\/v2\/product_tag?post=282430"}],"curies":[{"name":"wp","href":"https:\/\/api.w.org\/{rel}","templated":true}]}}