{"id":282425,"date":"2020-10-21T10:46:10","date_gmt":"2020-10-21T08:46:10","guid":{"rendered":"https:\/\/www.huntersfriend.eu\/product\/scentlok-full-season-elements-jacke-mossy-oak\/"},"modified":"2025-06-23T13:56:48","modified_gmt":"2025-06-23T11:56:48","slug":"scentlok-full-season-elements-jacke-mossy-oak","status":"publish","type":"product","link":"https:\/\/www.huntersfriend.eu\/de\/produkt\/scentlok-full-season-elements-jacke-mossy-oak\/","title":{"rendered":"Scentlok Full Season Elements Jacke &#8211; Mossy Oak"},"content":{"rendered":"<p>Die Full Season Elements Jacke wurde entwickelt, um J\u00e4ger vom Vorbrunft bis zum Schneefall auf dem Ansitz komfortabel zu halten. Dieses Hybridsystem kombiniert Isolationszonen mit geringem Volumen mit wetterfester Kartierung, was eine bessere Bewegungsfreiheit und Komfort auf dem Ansitz erm\u00f6glicht. Das ma\u00dfgeschneiderte Design verf\u00fcgt \u00fcber zus\u00e4tzliche Gelenkigkeit und Stretchstoffe in Bereichen mit hoher Bewegung, was Widerstand beim Gang zum Ansitz oder beim vollen Ausziehen des Bogens verhindert. Abschlie\u00dfend haben wir das Kleidungsst\u00fcck mit einer Mikrofleece-Oberfl\u00e4che, verschwei\u00dften N\u00e4hten und fortschrittlichen Tarnmustern f\u00fcr optimale Tarnung und Leistung versehen.   <\/p>\n<ul>\n<li><strong>Carbon Alloy<\/strong><strong><sup>\u2122 <\/sup><\/strong><strong>Technologie <\/strong><br \/>\nF\u00fcr maximale Geruchsadsorption &amp; Geruchskontrolle<\/li>\n<li><strong>Precip-X<\/strong><strong><sup>\u2122 <\/sup><\/strong><strong>Technologie<br \/>\n<\/strong> St\u00f6\u00dft Wasser, Schlamm, Blut &amp; andere Fl\u00fcssigkeiten ab<\/li>\n<li><strong>Wasserdichte Paneele<\/strong><br \/>\nStrategisch in kritischen Bereichen platziert<\/li>\n<li><strong>Mikro-Trikot-Au\u00dfenstoff<br \/>\n<\/strong> F\u00fcr t\u00f6dlich leise Mobilit\u00e4t<\/li>\n<li><strong>Mikrofleece-Innenfutter<br \/>\n<\/strong> H\u00e4lt Sie warm<\/li>\n<li><strong>Verstellbare Kapuze<br \/>\n<\/strong>Mit einem verst\u00e4rkten Schirm f\u00fcr Regenschutz<\/li>\n<li><strong>Rei\u00dfverschluss-\u00d6ffnung f\u00fcr Sicherheitsgurt<br \/>\n<\/strong> Erm\u00f6glicht Carbon Alloy die Kontrolle von Gurtger\u00fcchen<\/li>\n<li><strong>Drei wasserdichte Rei\u00dfverschlusstaschen<br \/>\n<\/strong> Halten Ihre Ausr\u00fcstung trocken<\/li>\n<li><strong>Artikulierte Ellbogen &amp; verstellbare Manschetten<br \/>\n<\/strong>F\u00fcr zus\u00e4tzliche Beweglichkeit &amp; eine sichere Passform<\/li>\n<li><strong>Parka-L\u00e4ngen-Design<br \/>\n<\/strong> H\u00e4lt Sie komfortabel und trocken<\/li>\n<\/ul>\n","protected":false},"excerpt":{"rendered":"<p>Full Season Elements &#8211; Mossy Oak Terra Gila<\/p>\n<p><a href=\"https:\/\/www.huntersfriend.eu\/app\/uploads\/2022\/05\/Scentlok-kokoataulukko.jpg\"><strong>Gr\u00f6\u00dfentabelle<\/strong><\/a><\/p>\n","protected":false},"featured_media":210337,"comment_status":"open","ping_status":"closed","template":"","meta":[],"product_brand":[],"product_cat":[1384,1222],"product_tag":[],"class_list":{"0":"post-282425","1":"product","2":"type-product","3":"status-publish","4":"has-post-thumbnail","6":"product_cat-jacken","7":"product_cat-sonderangebote","9":"first","10":"instock","11":"sale","12":"taxable","13":"shipping-taxable","14":"purchasable","15":"product-type-variable"},"composite_virtual":false,"composite_layout":"","composite_add_to_cart_form_location":"","composite_editable_in_cart":false,"composite_sold_individually_context":"","composite_shop_price_calc":"","composite_components":[],"composite_scenarios":[],"group_of_quantity":0,"min_quantity":0,"max_quantity":"","exclude_order_quantity_value_rules":"no","exclude_category_quantity_rules":"no","combine_variations":"no","exclude_global_add_ons":[],"addons":[],"_links":{"self":[{"href":"https:\/\/www.huntersfriend.eu\/de\/wp-json\/wp\/v2\/product\/282425","targetHints":{"allow":["GET"]}}],"collection":[{"href":"https:\/\/www.huntersfriend.eu\/de\/wp-json\/wp\/v2\/product"}],"about":[{"href":"https:\/\/www.huntersfriend.eu\/de\/wp-json\/wp\/v2\/types\/product"}],"replies":[{"embeddable":true,"href":"https:\/\/www.huntersfriend.eu\/de\/wp-json\/wp\/v2\/comments?post=282425"}],"wp:featuredmedia":[{"embeddable":true,"href":"https:\/\/www.huntersfriend.eu\/de\/wp-json\/wp\/v2\/media\/210337"}],"wp:attachment":[{"href":"https:\/\/www.huntersfriend.eu\/de\/wp-json\/wp\/v2\/media?parent=282425"}],"wp:term":[{"taxonomy":"product_brand","embeddable":true,"href":"https:\/\/www.huntersfriend.eu\/de\/wp-json\/wp\/v2\/product_brand?post=282425"},{"taxonomy":"product_cat","embeddable":true,"href":"https:\/\/www.huntersfriend.eu\/de\/wp-json\/wp\/v2\/product_cat?post=282425"},{"taxonomy":"product_tag","embeddable":true,"href":"https:\/\/www.huntersfriend.eu\/de\/wp-json\/wp\/v2\/product_tag?post=282425"}],"curies":[{"name":"wp","href":"https:\/\/api.w.org\/{rel}","templated":true}]}}