{"id":282424,"date":"2021-01-28T12:33:17","date_gmt":"2025-06-23T11:56:48","guid":{"rendered":"https:\/\/www.huntersfriend.eu\/product\/mathews-prima\/"},"modified":"2025-06-23T13:56:48","modified_gmt":"2025-06-23T11:56:48","slug":"mathews-prima","status":"publish","type":"product","link":"https:\/\/www.huntersfriend.eu\/de\/produkt\/mathews-prima\/","title":{"rendered":"Mathews Prima"},"content":{"rendered":"<p><span style=\"display: inline !important; float: none; background-color: transparent; color: #000000; font-family: 'Vollkorn',Helvetica,Arial,sans-serif; font-size: 18px; font-size-adjust: none; font-stretch: 100%; font-style: normal; font-variant: normal; font-weight: 400; letter-spacing: normal; line-height: 27px; orphans: 2; text-align: left; text-decoration: none; text-indent: 0px; text-transform: none; -webkit-text-stroke-width: 0px; white-space: normal; word-spacing: 0px;\">Bitte kontaktieren Sie uns direkt bez\u00fcglich anderer Mathews-Produkte.<\/span><\/p>\n<p>Mit einem Gewicht von lediglich 1,78 Kilogramm, einer Achse-zu-Achse-L\u00e4nge von 76,2 Zentimetern und einer Bogenh\u00f6he von 14 Zentimetern ist die Prima kompakt und bietet Frauen eine wahrhaft un\u00fcbertroffene Leistung. Ihr Crosscentric-Nocken erzeugt einen geschmeidigen Auszug und konstante Genauigkeit bei gleichzeitiger Bereitstellung enormer Energie auf Distanz, was zu Geschwindigkeiten von bis zu 97,84 Metern pro Sekunde bei einem Auszug von 69,85 Zentimetern f\u00fchrt (die berechnete Geschwindigkeit bei 76,2 Zentimetern Auszug betr\u00e4gt 105,46 Meter pro Sekunde). Unser neues, zum Patent angemeldetes CenterGuard-Kabelf\u00fchrungssystem optimiert das Nocken-Timing und schafft zus\u00e4tzlichen Freiraum f\u00fcr die Befiederung. Die 3D-D\u00e4mpfung verwendet das brandneue Nano 740, um Vibrationen und Ger\u00e4usche nach dem Schuss zu reduzieren. Die Prima verf\u00fcgt zudem \u00fcber die Engage\u2122-Griffschnittstelle, die entwickelt wurde, um eine konsistente Handplatzierung zu gew\u00e4hrleisten, was die Drehkr\u00e4fte reduziert und die Genauigkeit unabh\u00e4ngig von der Handgr\u00f6\u00dfe erh\u00f6ht.   <\/p>\n<ul>\n<li>Achse-zu-Achse 76,2 cm<\/li>\n<li>Bogenh\u00f6he 14 cm<\/li>\n<li>Geschwindigkeit 97,84 m\/s<\/li>\n<li>Auszugsl\u00e4nge 54,61 &#8211; 69,85 cm<\/li>\n<li>Zuggewicht 40, 50, 60 LBS<\/li>\n<li>Gesamtgewicht 1,78 kg<\/li>\n<\/ul>\n<div class=\"copy\">\n<p><strong>NEUE CENTERGUARD-KABELF\u00dcHRUNG<\/strong><\/p>\n<p>Gleicht den Winkel der Kabel w\u00e4hrend des Auszugszyklus aus, um ein optimales Nocken-Timing zu gew\u00e4hrleisten und bietet gleichzeitig zus\u00e4tzlichen Freiraum f\u00fcr die Befiederung.<\/p>\n<h2>NEUE 3D-D\u00c4MPFUNG<\/h2>\n<p style=\"font-style: inherit; font-weight: inherit;\">Das brandneue Nano 740 ist speziell auf die spezifischen Schwingungen des Bogens kalibriert und abgestimmt, um Vibrationen und Ger\u00e4usche nach dem Schuss zu kontrollieren. Die neue erweiterte Position<br \/>\nsorgt zudem f\u00fcr eine verbesserte Balance bei vollem Auszug. <\/p>\n<\/div>\n","protected":false},"excerpt":{"rendered":"<p>Sonderbestellbogen &#8211; \u00fcblicherweise 2-6 Wochen Lieferzeit \/ Wir empfehlen, uns vor der Bestellung bez\u00fcglich der Verf\u00fcgbarkeit zu kontaktieren. Es gibt so viele Module, dass diese trotz der Angaben auf dieser Seite m\u00f6glicherweise nicht immer vorr\u00e4tig sind. <\/p>\n","protected":false},"featured_media":194481,"comment_status":"open","ping_status":"closed","template":"","meta":[],"product_brand":[],"product_cat":[1145],"product_tag":[],"class_list":{"0":"post-282424","1":"product","2":"type-product","3":"status-publish","4":"has-post-thumbnail","6":"product_cat-sonstiges","8":"first","9":"outofstock","10":"taxable","11":"shipping-taxable","12":"product-type-variable"},"composite_virtual":false,"composite_layout":"","composite_add_to_cart_form_location":"","composite_editable_in_cart":false,"composite_sold_individually_context":"","composite_shop_price_calc":"","composite_components":[],"composite_scenarios":[],"group_of_quantity":0,"min_quantity":0,"max_quantity":"","exclude_order_quantity_value_rules":"no","exclude_category_quantity_rules":"no","combine_variations":"no","exclude_global_add_ons":[],"addons":[],"_links":{"self":[{"href":"https:\/\/www.huntersfriend.eu\/de\/wp-json\/wp\/v2\/product\/282424","targetHints":{"allow":["GET"]}}],"collection":[{"href":"https:\/\/www.huntersfriend.eu\/de\/wp-json\/wp\/v2\/product"}],"about":[{"href":"https:\/\/www.huntersfriend.eu\/de\/wp-json\/wp\/v2\/types\/product"}],"replies":[{"embeddable":true,"href":"https:\/\/www.huntersfriend.eu\/de\/wp-json\/wp\/v2\/comments?post=282424"}],"wp:featuredmedia":[{"embeddable":true,"href":"https:\/\/www.huntersfriend.eu\/de\/wp-json\/wp\/v2\/media\/194481"}],"wp:attachment":[{"href":"https:\/\/www.huntersfriend.eu\/de\/wp-json\/wp\/v2\/media?parent=282424"}],"wp:term":[{"taxonomy":"product_brand","embeddable":true,"href":"https:\/\/www.huntersfriend.eu\/de\/wp-json\/wp\/v2\/product_brand?post=282424"},{"taxonomy":"product_cat","embeddable":true,"href":"https:\/\/www.huntersfriend.eu\/de\/wp-json\/wp\/v2\/product_cat?post=282424"},{"taxonomy":"product_tag","embeddable":true,"href":"https:\/\/www.huntersfriend.eu\/de\/wp-json\/wp\/v2\/product_tag?post=282424"}],"curies":[{"name":"wp","href":"https:\/\/api.w.org\/{rel}","templated":true}]}}