{"id":282421,"date":"2020-10-08T11:20:33","date_gmt":"2025-06-23T11:56:47","guid":{"rendered":"https:\/\/www.huntersfriend.eu\/product\/truglo-glo-dot-universal-pro-rotes-korn\/"},"modified":"2026-02-25T10:35:52","modified_gmt":"2026-02-25T08:35:52","slug":"truglo-glo-dot-universal-pro-rotes-korn","status":"publish","type":"product","link":"https:\/\/www.huntersfriend.eu\/de\/produkt\/truglo-glo-dot-universal-pro-rotes-korn\/","title":{"rendered":"Truglo GLO DOT\u2122 Universal Pro &#8211; Rotes Korn"},"content":{"rendered":"<p>Wesentliche Charakteristika:<\/p>\n<p>Urspr\u00fcngliches Fl\u00fcgel- und Tontaubenvisier<br \/>Kompatibel mit s\u00e4mtlichen ventilierten Flinten, unabh\u00e4ngig von Breite und Verj\u00fcngung<br \/>\u00c4u\u00dferst niedriges Profil<br \/>Faserfarbe: Rot<br \/>Faserdurchmesser: 1,98 mm<\/p>\n","protected":false},"excerpt":{"rendered":"<p>Wesentliche Charakteristika: Urspr\u00fcngliches Fl\u00fcgel- und TontaubenvisierKompatibel mit s\u00e4mtlichen ventilierten Flinten, unabh\u00e4ngig von Breite und Verj\u00fcngung\u00c4u\u00dferst niedriges ProfilFaserfarbe: RotFaserdurchmesser: 1,98 mm<\/p>\n","protected":false},"featured_media":209306,"comment_status":"open","ping_status":"closed","template":"","meta":[],"product_brand":[],"product_cat":[2564],"product_tag":[],"class_list":{"0":"post-282421","1":"product","2":"type-product","3":"status-publish","4":"has-post-thumbnail","6":"product_cat-remmar-tillbehor","8":"first","9":"instock","10":"taxable","11":"shipping-taxable","12":"purchasable","13":"product-type-simple"},"composite_virtual":false,"composite_layout":"","composite_add_to_cart_form_location":"","composite_editable_in_cart":false,"composite_sold_individually_context":"","composite_shop_price_calc":"","composite_components":[],"composite_scenarios":[],"group_of_quantity":0,"min_quantity":0,"max_quantity":"","exclude_order_quantity_value_rules":"no","exclude_category_quantity_rules":"no","combine_variations":"no","exclude_global_add_ons":[],"addons":[],"_links":{"self":[{"href":"https:\/\/www.huntersfriend.eu\/de\/wp-json\/wp\/v2\/product\/282421","targetHints":{"allow":["GET"]}}],"collection":[{"href":"https:\/\/www.huntersfriend.eu\/de\/wp-json\/wp\/v2\/product"}],"about":[{"href":"https:\/\/www.huntersfriend.eu\/de\/wp-json\/wp\/v2\/types\/product"}],"replies":[{"embeddable":true,"href":"https:\/\/www.huntersfriend.eu\/de\/wp-json\/wp\/v2\/comments?post=282421"}],"wp:featuredmedia":[{"embeddable":true,"href":"https:\/\/www.huntersfriend.eu\/de\/wp-json\/wp\/v2\/media\/209306"}],"wp:attachment":[{"href":"https:\/\/www.huntersfriend.eu\/de\/wp-json\/wp\/v2\/media?parent=282421"}],"wp:term":[{"taxonomy":"product_brand","embeddable":true,"href":"https:\/\/www.huntersfriend.eu\/de\/wp-json\/wp\/v2\/product_brand?post=282421"},{"taxonomy":"product_cat","embeddable":true,"href":"https:\/\/www.huntersfriend.eu\/de\/wp-json\/wp\/v2\/product_cat?post=282421"},{"taxonomy":"product_tag","embeddable":true,"href":"https:\/\/www.huntersfriend.eu\/de\/wp-json\/wp\/v2\/product_tag?post=282421"}],"curies":[{"name":"wp","href":"https:\/\/api.w.org\/{rel}","templated":true}]}}