{"id":282420,"date":"2021-01-21T15:20:40","date_gmt":"2025-06-23T11:56:47","guid":{"rendered":"https:\/\/www.huntersfriend.eu\/product\/carters-schokoladensucht\/"},"modified":"2025-06-23T13:56:47","modified_gmt":"2025-06-23T11:56:47","slug":"carters-schokoladensucht","status":"publish","type":"product","link":"https:\/\/www.huntersfriend.eu\/de\/produkt\/carters-schokoladensucht\/","title":{"rendered":"Carters Schokoladensucht"},"content":{"rendered":"<p>Die Chocolate Addiction ist Carters am vielseitigsten einstellbare Ausl\u00f6sung. An der Basis des Ausl\u00f6sehebels befinden sich drei L\u00f6cher. Das erste reguliert den Ausl\u00f6seweg, w\u00e4hrend die anderen beiden federbelastet sind und die Ausl\u00f6sespannung beeinflussen. Die Einstellungsm\u00f6glichkeiten f\u00fcr Spannung und Weg sind nahezu unbegrenzt. Doch das ist noch nicht alles. Der Spannhebel auf der R\u00fcckseite schlie\u00dft den Haken mit einer einzigen Bewegung. Platzieren Sie den Haken am Ausl\u00f6seseil oder D-Loop und bet\u00e4tigen Sie den Spannhebel &#8211; so einfach ist das.      <\/p>\n","protected":false},"excerpt":{"rendered":"<p>3 oder 4 Finger<\/p>\n","protected":false},"featured_media":194281,"comment_status":"open","ping_status":"closed","template":"","meta":[],"product_brand":[],"product_cat":[1094],"product_tag":[],"class_list":{"0":"post-282420","1":"product","2":"type-product","3":"status-publish","4":"has-post-thumbnail","6":"product_cat-hand-release","8":"first","9":"instock","10":"taxable","11":"shipping-taxable","12":"purchasable","13":"product-type-variable"},"composite_virtual":false,"composite_layout":"","composite_add_to_cart_form_location":"","composite_editable_in_cart":false,"composite_sold_individually_context":"","composite_shop_price_calc":"","composite_components":[],"composite_scenarios":[],"group_of_quantity":0,"min_quantity":0,"max_quantity":"","exclude_order_quantity_value_rules":"no","exclude_category_quantity_rules":"no","combine_variations":"no","exclude_global_add_ons":[],"addons":[],"_links":{"self":[{"href":"https:\/\/www.huntersfriend.eu\/de\/wp-json\/wp\/v2\/product\/282420","targetHints":{"allow":["GET"]}}],"collection":[{"href":"https:\/\/www.huntersfriend.eu\/de\/wp-json\/wp\/v2\/product"}],"about":[{"href":"https:\/\/www.huntersfriend.eu\/de\/wp-json\/wp\/v2\/types\/product"}],"replies":[{"embeddable":true,"href":"https:\/\/www.huntersfriend.eu\/de\/wp-json\/wp\/v2\/comments?post=282420"}],"wp:featuredmedia":[{"embeddable":true,"href":"https:\/\/www.huntersfriend.eu\/de\/wp-json\/wp\/v2\/media\/194281"}],"wp:attachment":[{"href":"https:\/\/www.huntersfriend.eu\/de\/wp-json\/wp\/v2\/media?parent=282420"}],"wp:term":[{"taxonomy":"product_brand","embeddable":true,"href":"https:\/\/www.huntersfriend.eu\/de\/wp-json\/wp\/v2\/product_brand?post=282420"},{"taxonomy":"product_cat","embeddable":true,"href":"https:\/\/www.huntersfriend.eu\/de\/wp-json\/wp\/v2\/product_cat?post=282420"},{"taxonomy":"product_tag","embeddable":true,"href":"https:\/\/www.huntersfriend.eu\/de\/wp-json\/wp\/v2\/product_tag?post=282420"}],"curies":[{"name":"wp","href":"https:\/\/api.w.org\/{rel}","templated":true}]}}