{"id":282413,"date":"2021-01-20T15:20:50","date_gmt":"2025-06-23T11:56:45","guid":{"rendered":"https:\/\/www.huntersfriend.eu\/product\/markteinfuehrung-des-carter-like-mike-ii\/"},"modified":"2025-08-27T13:54:14","modified_gmt":"2025-08-27T11:54:14","slug":"markteinfuehrung-des-carter-like-mike-ii","status":"publish","type":"product","link":"https:\/\/www.huntersfriend.eu\/de\/produkt\/markteinfuehrung-des-carter-like-mike-ii\/","title":{"rendered":"Markteinf\u00fchrung des Carter Like Mike II"},"content":{"rendered":"<p>Carter Enterprises freut sich, eine verbesserte Version des beliebten Zeigefingerausl\u00f6sers, des Like Mike I, anzuk\u00fcndigen. Der Like Mike II basiert auf der bew\u00e4hrten Like Mike-Plattform. <\/p>\n<p>Der Like Mike II weist einige \u00c4nderungen und Verbesserungen auf. Das erste Merkmal, das Ihnen auffallen wird, ist die \u00c4nderung der Spannungseinstellung. Anstatt des l\u00e4ngeren Geh\u00e4usegriffs und der Einstellung von der R\u00fcckseite des Like Mike, verf\u00fcgt der Like Mike II \u00fcber eine Spannungseinstellschraube an der Seite des Geh\u00e4uses. Dies<br \/>\nerm\u00f6glicht einen leichteren Zugang zur Spannungseinstellung und eine k\u00fcrzere Geh\u00e4usel\u00e4nge. Der Spannungsbereich ist weiterhin umfangreich einstellbar. Die Standardkonfiguration ab Werk bietet Ihnen einen Bereich von etwa 280 Gramm bis etwa 1,6 Kilogramm. Wenn Sie einen schwereren Ausl\u00f6ser w\u00fcnschen, f\u00fcgen Sie einfach die mitgelieferte Stahlkugel ein, und Ihre<br \/>\nSpannung erh\u00f6ht sich von 1,1 Kilogramm auf beachtliche 5 Kilogramm Ausl\u00f6sespannung.       <\/p>\n<p>Das n\u00e4chste Merkmal und die \u00c4nderung beim Like Mike II ist die Implementierung von Carters neuem Controlled Engagement System. \u00c4hnlich wie bei unserem neuen Daumenausl\u00f6ser-Design macht das Controlled Engagement System die Notwendigkeit einer Ausl\u00f6seweg-Einstellschraube \u00fcberfl\u00fcssig, da der Sear-Eingriff intern durch Design<br \/>\nund Toleranz gesteuert wird. Dies erm\u00f6glicht unsere weltber\u00fchmten bewegungslosen Ausl\u00f6ser ohne die M\u00f6glichkeit oder Notwendigkeit, den Ausl\u00f6seweg einzustellen. Die Spannungseinstellung ist eine separate Einstellung, die Ihnen einen bewegungslosen Ausl\u00f6ser mit dem gew\u00fcnschten Gewichtsbereich bietet.   <\/p>\n<p>Diese Version des Like Mike II wird standardm\u00e4\u00dfig mit dem B3-Riemensystem f\u00fcr hervorragenden Komfort und wiederholbare Passform geliefert. Ob Sie sich auf dem Feld, im Wald oder auf einer Schie\u00dflinie befinden, der Like Mike II ist die n\u00e4chste Generation in einer langen Reihe von rekordverd\u00e4chtigen Carter-Ausl\u00f6sehilfen. <\/p>\n","protected":false},"excerpt":{"rendered":"<p>B3 verstellbarer Leder-Schnallenriemen<\/p>\n","protected":false},"featured_media":210310,"comment_status":"open","ping_status":"closed","template":"","meta":[],"product_brand":[],"product_cat":[1095],"product_tag":[],"class_list":{"0":"post-282413","1":"product","2":"type-product","3":"status-publish","4":"has-post-thumbnail","6":"product_cat-handgelenks-release","8":"first","9":"instock","10":"taxable","11":"shipping-taxable","12":"purchasable","13":"product-type-simple"},"composite_virtual":false,"composite_layout":"","composite_add_to_cart_form_location":"","composite_editable_in_cart":false,"composite_sold_individually_context":"","composite_shop_price_calc":"","composite_components":[],"composite_scenarios":[],"group_of_quantity":0,"min_quantity":0,"max_quantity":"","exclude_order_quantity_value_rules":"no","exclude_category_quantity_rules":"no","combine_variations":"no","exclude_global_add_ons":[],"addons":[],"_links":{"self":[{"href":"https:\/\/www.huntersfriend.eu\/de\/wp-json\/wp\/v2\/product\/282413","targetHints":{"allow":["GET"]}}],"collection":[{"href":"https:\/\/www.huntersfriend.eu\/de\/wp-json\/wp\/v2\/product"}],"about":[{"href":"https:\/\/www.huntersfriend.eu\/de\/wp-json\/wp\/v2\/types\/product"}],"replies":[{"embeddable":true,"href":"https:\/\/www.huntersfriend.eu\/de\/wp-json\/wp\/v2\/comments?post=282413"}],"wp:featuredmedia":[{"embeddable":true,"href":"https:\/\/www.huntersfriend.eu\/de\/wp-json\/wp\/v2\/media\/210310"}],"wp:attachment":[{"href":"https:\/\/www.huntersfriend.eu\/de\/wp-json\/wp\/v2\/media?parent=282413"}],"wp:term":[{"taxonomy":"product_brand","embeddable":true,"href":"https:\/\/www.huntersfriend.eu\/de\/wp-json\/wp\/v2\/product_brand?post=282413"},{"taxonomy":"product_cat","embeddable":true,"href":"https:\/\/www.huntersfriend.eu\/de\/wp-json\/wp\/v2\/product_cat?post=282413"},{"taxonomy":"product_tag","embeddable":true,"href":"https:\/\/www.huntersfriend.eu\/de\/wp-json\/wp\/v2\/product_tag?post=282413"}],"curies":[{"name":"wp","href":"https:\/\/api.w.org\/{rel}","templated":true}]}}