{"id":282411,"date":"2020-11-02T09:20:25","date_gmt":"2025-06-23T11:56:43","guid":{"rendered":"https:\/\/www.huntersfriend.eu\/product\/spot-hogg-whipper-snapper-4-finger\/"},"modified":"2025-10-01T10:59:54","modified_gmt":"2025-10-01T08:59:54","slug":"spot-hogg-whipper-snapper-4-finger","status":"publish","type":"product","link":"https:\/\/www.huntersfriend.eu\/de\/produkt\/spot-hogg-whipper-snapper-4-finger\/","title":{"rendered":"Spot-hogg whipper snapper &#8211; 4 Finger"},"content":{"rendered":"<p>Wie alle Produkte von Spot Hogg zeichnet sich der Whipper Snapper durch einzigartige, konturierte Linien aus, die darauf abzielen, Komfort w\u00e4hrend langer Schie\u00dfsessions und in jeder Phase der Schusssequenz zu gew\u00e4hrleisten. Mit seinem schlanken Design erscheint der Ausl\u00f6ser w\u00e4hrend des Ziehens nahezu nicht existent in der Hand und l\u00e4sst sich beim Ankern leicht positionieren, um wiederholbare und konsistente Sch\u00fcsse zu erm\u00f6glichen. <\/p>\n<p>Der Whipper Snapper, der sowohl mit firmeneigenen Materialien als auch mit einem propriet\u00e4ren Design konstruiert wurde, verf\u00fcgt \u00fcber einen Ausl\u00f6semechanismus, der einen \u00e4u\u00dferst pr\u00e4zisen Trigger-Bruch bietet, der zu den schnellsten in der Branche z\u00e4hlt. Mit einer Einstellschraube f\u00fcr sowohl Abzugsspannung als auch -weg bietet der hochgradig anpassbare Whipper Snapper etwas, das bei den meisten Ausl\u00f6sern fehlt &#8211; die Gewissheit, dass die Einstellungen nach der Feinabstimmung unver\u00e4ndert bleiben, unabh\u00e4ngig davon, wie viel Sie schie\u00dfen oder wie intensiv Sie jagen. Der Ausl\u00f6seknopf des Releases ist \u00fcber zwei verschiedene Positionen am Abzug an die individuelle Hand anpassbar.  <\/p>\n<div class=\"bg_title\">\n<h4 class=\"headInModule\">MERKMALE:<\/h4>\n<\/div>\n<div class=\"module_content\">\u2022 Ergonomisch gestaltet f\u00fcr maximalen Komfort<br \/>\n\u2022 Schnellster verf\u00fcgbarer Abzug auf dem Markt, jedoch vollkommen sicher<br \/>\n\u2022 Automatische Nachladefunktion<br \/>\n\u2022 Einstellungen \u00e4ndern oder verschlei\u00dfen sich nicht &#8211; einmal einstellen und vergessen<br \/>\n\u2022 Konzipiert f\u00fcr D-Loop-Befestigung<br \/>\n\u2022 Erh\u00e4ltlich mit offener oder geschlossener Backe<br \/>\n\u2022 Handgelenkschlaufe zug\u00e4nglich<\/div>\n<div class=\"module_content\"><\/div>\n<p>*Nur kompatibel mit B\u00f6gen, die \u00fcber D-Loops verf\u00fcgen<\/p>\n","protected":false},"excerpt":{"rendered":"<p>4-Finger-Handausl\u00f6ser<\/p>\n","protected":false},"featured_media":210920,"comment_status":"open","ping_status":"closed","template":"","meta":[],"product_brand":[],"product_cat":[1094],"product_tag":[],"class_list":{"0":"post-282411","1":"product","2":"type-product","3":"status-publish","4":"has-post-thumbnail","6":"product_cat-hand-release","8":"first","9":"instock","10":"taxable","11":"shipping-taxable","12":"purchasable","13":"product-type-simple"},"composite_virtual":false,"composite_layout":"","composite_add_to_cart_form_location":"","composite_editable_in_cart":false,"composite_sold_individually_context":"","composite_shop_price_calc":"","composite_components":[],"composite_scenarios":[],"group_of_quantity":0,"min_quantity":0,"max_quantity":"","exclude_order_quantity_value_rules":"no","exclude_category_quantity_rules":"no","combine_variations":"no","exclude_global_add_ons":[],"addons":[],"_links":{"self":[{"href":"https:\/\/www.huntersfriend.eu\/de\/wp-json\/wp\/v2\/product\/282411","targetHints":{"allow":["GET"]}}],"collection":[{"href":"https:\/\/www.huntersfriend.eu\/de\/wp-json\/wp\/v2\/product"}],"about":[{"href":"https:\/\/www.huntersfriend.eu\/de\/wp-json\/wp\/v2\/types\/product"}],"replies":[{"embeddable":true,"href":"https:\/\/www.huntersfriend.eu\/de\/wp-json\/wp\/v2\/comments?post=282411"}],"wp:featuredmedia":[{"embeddable":true,"href":"https:\/\/www.huntersfriend.eu\/de\/wp-json\/wp\/v2\/media\/210920"}],"wp:attachment":[{"href":"https:\/\/www.huntersfriend.eu\/de\/wp-json\/wp\/v2\/media?parent=282411"}],"wp:term":[{"taxonomy":"product_brand","embeddable":true,"href":"https:\/\/www.huntersfriend.eu\/de\/wp-json\/wp\/v2\/product_brand?post=282411"},{"taxonomy":"product_cat","embeddable":true,"href":"https:\/\/www.huntersfriend.eu\/de\/wp-json\/wp\/v2\/product_cat?post=282411"},{"taxonomy":"product_tag","embeddable":true,"href":"https:\/\/www.huntersfriend.eu\/de\/wp-json\/wp\/v2\/product_tag?post=282411"}],"curies":[{"name":"wp","href":"https:\/\/api.w.org\/{rel}","templated":true}]}}