{"id":282410,"date":"2021-09-01T14:22:28","date_gmt":"2025-06-23T11:49:15","guid":{"rendered":"https:\/\/www.huntersfriend.eu\/product\/armytek-viking-pro-magnet-usb\/"},"modified":"2026-04-16T07:30:16","modified_gmt":"2026-04-16T05:30:16","slug":"armytek-viking-pro-magnet-usb","status":"publish","type":"product","link":"https:\/\/www.huntersfriend.eu\/de\/produkt\/armytek-viking-pro-magnet-usb\/","title":{"rendered":"Armytek Viking Pro Magnet USB"},"content":{"rendered":"<h3>Armytek Viking Pro Magnet USB taktische Taschenlampe mit breitem Abstrahlwinkel und magnetischem Ladeger\u00e4t.<\/h3>\n<p class=\"text\"><big> Der Viking Pro ist eine taktische Taschenlampe der neuen Generation mit weichem, breitem Licht f\u00fcr die Jagd in offenen Gebieten und f\u00fcr spezielle Aufgaben. Die Taschenlampe kann sofort verwendet werden: Das Set enth\u00e4lt nun einen Akku mit hoher Kapazit\u00e4t und ein schnelles magnetisches Ladeger\u00e4t. <\/big><\/p>\n<p class=\"text\"><big>Der gro\u00dfe zentrale Lichtpunkt und der breite Seitenstrahl machen den Viking Pro ideal f\u00fcr den Kurz- und Mittelstreckeneinsatz mit einer maximalen Reichweite von 288 Metern. Der breite Lichtstrahl erm\u00f6glicht es, Objekte in unmittelbarer N\u00e4he von 50-70 Metern mit einer beeindruckenden Helligkeit von 2200 Lumen komfortabel zu beleuchten. Es ist kein zus\u00e4tzliches Ger\u00e4t erforderlich, um die Stromversorgung aufzuladen. Der Akku wird innerhalb der Taschenlampe von jeder Stromquelle mit einem USB-Ausgang geladen.   <\/big><\/p>\n<p class=\"text\"><big> Dank des Silikongriffs und der taktischen Endkappe ist der Viking Pro einfach mit nur einer Hand zu bedienen. Das Modell ist kompatibel mit originalen Farbfiltern und Fernschaltern sowie mit allen universellen Waffenhalterungen f\u00fcr taktische Anwendungen. <\/big><\/p>\n<h3 class=\"text\"><big><\/big><big>Neue Funktionen<\/big><\/h3>\n<p class=\"text\"><big><strong>Maximale Helligkeit:<\/strong> Ein speziell berechneter Reflektor f\u00fcr leistungsstarkes, breites LED und geh\u00e4rtetes Glas mit Antireflexbeschichtung erzeugen einen gro\u00dfen zentralen Lichtpunkt und breiten Seitenstrahl bei einer Helligkeit von 2200 Lumen. Der Durchmesser des Streulichtbereichs betr\u00e4gt 20 Meter bei 100 Metern Entfernung. <\/big><\/p>\n<p class=\"text\"><big><strong>Innovative Elektronik und Firmware:<\/strong> Optimierte Laufzeiten und verbesserte Helligkeit.<\/big><\/p>\n<p class=\"text\"><big><strong>Neuer taktischer Schalter:<\/strong> Ger\u00e4uschloser elektronischer Schalter verhindert die Preisgabe des Standorts bei der Jagd oder w\u00e4hrend spezieller Eins\u00e4tze.<\/big><\/p>\n<p class=\"text\"><big><strong>Schnelles magnetisches Ladeger\u00e4t:<\/strong> Der mitgelieferte 18650 Li-Ion 3500 mAh Akku wird in 3 Stunden und 40 Minuten aufgeladen.<\/big><\/p>\n<p class=\"text\"><big><strong>Verbesserte Federn:<\/strong> Neue Federn f\u00fcr besseren Schutz des Akkus und des Treibers sowie erh\u00f6hte Leistungseffizienz.<\/big><\/p>\n<p class=\"text\"><big><strong>Erh\u00f6hte Zuverl\u00e4ssigkeit:<\/strong> Spezielle Platzierung und Fixierung des Treibers im Taschenlampengeh\u00e4use.<\/big><\/p>\n<p class=\"text\"><big><strong>Stilvolles Geh\u00e4use:<\/strong> Matte Eloxierung, lakonischer Stil, neues Unternehmensbranding.<\/big><\/p>\n<p class=\"text\"><big><strong>Erweitertes Set:<\/strong> Hochleistungsakku mit 3500 mAh und schnelles magnetisches USB-Ladeger\u00e4t inklusive. Die Taschenlampe ist sofort einsatzbereit. <\/big><\/p>\n<p class=\"text\"><big><strong>Kompatibilit\u00e4t mit magnetischem Fernschalter:<\/strong> Optionaler magnetischer Fernschalter f\u00fcr momentanes Einschalten (nur bei gedr\u00fccktem Knopf) und f\u00fcr Dauerlicht. Einfache Verbindung mit einer Bewegung, kein Abschrauben der Endkappe erforderlich. <\/big><\/p>\n<h3 class=\"heading\"><big>Vorteile taktischer Taschenlampen mit magnetischem Ladeger\u00e4t<br \/>\n<\/big><\/h3>\n<ul>\n<li class=\"text\"><big><b>Pro<\/b> Leistungsstarke Elektronik sorgt f\u00fcr konstante Helligkeit selbst bei einer Temperatur von -40 \u00b0C und nicht vollst\u00e4ndig geladenem Akku.<\/big><\/li>\n<li class=\"text\"><big><b>Pro<\/b> Zwei Betriebsarten: Jagd und Taktik. Taktischer Betrieb f\u00fcr schnellen Zugriff auf maximale Helligkeit und Strobe-Modus. <\/big><\/li>\n<li class=\"text\"><big> Widersteht jedem R\u00fccksto\u00df dank verbesserter Federn und Installation des Treibers in einer verst\u00e4rkten Kapsel, die mit Schutzmasse gef\u00fcllt ist.<\/big><\/li>\n<li class=\"text\"><big>Standard 1-Zoll-Geh\u00e4use ist kompatibel mit allen Zubeh\u00f6rteilen, einschlie\u00dflich originalem magnetischem Fernschalter und magnetischer Halterung f\u00fcr schnelles Anbringen und Entfernen mit einer Bewegung.<\/big><\/li>\n<li class=\"text\"><big>Zweiphasiger elektronischer Schalter beh\u00e4lt zwei Druckstufen \u00e4hnlich einem mechanischen Schalter bei, ist aber ger\u00e4uschlos und 20-mal haltbarer.<\/big><\/li>\n<li class=\"text\"><big>Nicht flacher Knopf erm\u00f6glicht einfaches Einschalten der Taschenlampe mit der Handfl\u00e4che.<\/big><\/li>\n<li class=\"text\"><big>Innovative Technologie erm\u00f6glicht die Verwendung aller 18650 Li-Ion-Akkus mit 10A Entladestrom und bietet vollen Schutz vor Kurzschluss, selbst bei Kontakt zwischen magnetischem Anschluss und Metallobjekten.<\/big><\/li>\n<li class=\"text\"><big>Solides Geh\u00e4use aus flugzeuggepr\u00fcftem Aluminium, spezielle matte, abriebfeste Oberfl\u00e4che ohne grobe R\u00e4ndelung.<\/big><\/li>\n<li class=\"text\"><big>Stahlschlagring mit matter, nicht reflektierender schwarzer Titanbeschichtung, die eine Standortpreisgabe verhindert, wird zum zus\u00e4tzlichen Schutz des optischen Systems bei St\u00fcrzen und als Schlagwerkzeug verwendet.<\/big><\/li>\n<li class=\"text\"><big> Aktive Echtzeit-Temperaturkontrolle zur Verhinderung von \u00dcberhitzung \u00fcber +58 \u00b0C und Warnanzeige bei niedrigem Akkustand.<\/big><\/li>\n<li class=\"text\"><big>Vollst\u00e4ndiger Schutz vor Wasser, Schmutz und Staub gem\u00e4\u00df IP68-Standard &#8211; die Taschenlampe funktioniert selbst in 25 Metern Tiefe bis zu 5 Stunden lang. Widersteht St\u00fcrzen aus dem 10. Stock. <\/big><\/li>\n<li class=\"text\"><big>Robuster und wasserdichter magnetischer Anschluss.<\/big><\/li>\n<li class=\"text\"><big>Problemlose 10-Jahres-Garantie.<\/big><\/li>\n<\/ul>\n<div id=\"content_features\" class=\"ty-wysiwyg-content content-features\" data-ab-smc-tab-hide=\"N|N\" data-ab-smc-more=\"More\" data-ab-smc-less=\"Less\" data-ab-smc-height=\"250\">\n<div class=\"ty-product-feature-group\">\n<div class=\"ty-product-feature\">\n<div class=\"ty-product-feature__value\">\n<h3>SPEZIFIKATION<\/h3>\n<p><strong>Licht  Optik<\/strong><\/p>\n<p>Farbtemperatur: Wei\u00df<\/p>\n<p>LED: Cree XHP50.2<\/p>\n<p>Optik: Strukturierter Reflektor<\/p>\n<p>Lichtleistung, Lumen: 2200 lm<\/p>\n<p>Leuchtweite, Meter: 288 m<\/p>\n<p>Art der Helligkeitsstabilisierung: Vollst\u00e4ndig (konstantes Licht)<\/p>\n<p>Lichtkegel:Streuung: 11\u00b0:40\u00b0<\/p>\n<p>&nbsp;<\/p>\n<p><strong>Modi<\/strong><\/p>\n<p>Anzahl der Modi: 6<\/p>\n<p>Laufzeit im maximalen Modus: 1 Std. 33 Min. (940 lm nach 3 Min.)<\/p>\n<p>Laufzeit im minimalen Modus: 32 Std.<\/p>\n<p>Stroboskopmodus: Ja<\/p>\n<p>&nbsp;<\/p>\n<p><strong>Abmessungen  Gewicht<\/strong><\/p>\n<p>Kopfdurchmesser: 41 mm<\/p>\n<p>Geh\u00e4usedurchmesser: 25,4 mm<\/p>\n<p>L\u00e4nge: 160 mm<\/p>\n<p>Gewicht (ohne Akku): 136 g<\/p>\n<p>&nbsp;<\/p>\n<p><strong>K\u00f6rper<\/strong><\/p>\n<p>Material: Flugzeugaluminium<\/p>\n<p>Abriebfeste Oberfl\u00e4che: Premium Typ III Harteloxierung 400HV<\/p>\n<p>Wasser- und Staubschutzklasse: IP68<\/p>\n<p>Sichere Tauchtiefe: 25 m<\/p>\n<p>Sichere Fallh\u00f6he: 25 m<\/p>\n<p>Betriebstemperaturen: -40..+40 \u00b0C<\/p>\n<p>&nbsp;<\/p>\n<p><strong>Elektronik<\/strong><\/p>\n<p>Akkukompatibilit\u00e4t: 1&#215;18650 Li-Ion<\/p>\n<p>M\u00f6glichkeit zur Verwendung von Akkus mit PCB: Ja<\/p>\n<p>M\u00f6glichkeit zur Verwendung von Akkus ohne PCB: Ja<\/p>\n<p>Schutz vor versehentlichem Einschalten: Ja<\/p>\n<p>Farbige Akkustandsanzeige: &#8211;<\/p>\n<p>Anzeige bei niedrigem Akkustand: Ja<\/p>\n<p>&nbsp;<\/p>\n<\/div>\n<\/div>\n<\/div>\n<\/div>\n<p class=\"text\">\n","protected":false},"excerpt":{"rendered":"<p>Armytek Viking Pro Magnet USB taktische Taschenlampe mit breitem Abstrahlwinkel und magnetischem Ladeger\u00e4t. Der Viking Pro ist eine taktische Taschenlampe der neuen Generation mit weichem, breitem Licht f\u00fcr die Jagd in offenen Gebieten und f\u00fcr spezielle Aufgaben. Die Taschenlampe kann sofort verwendet werden: Das Set enth\u00e4lt nun einen Akku mit hoher Kapazit\u00e4t und ein schnelles [&#8230;]\n","protected":false},"featured_media":213260,"comment_status":"open","ping_status":"closed","template":"","meta":[],"product_brand":[],"product_cat":[2525],"product_tag":[],"class_list":{"0":"post-282410","1":"product","2":"type-product","3":"status-publish","4":"has-post-thumbnail","6":"product_cat-jaktlampor","8":"first","9":"outofstock","10":"taxable","11":"shipping-taxable","12":"purchasable","13":"product-type-simple"},"composite_virtual":false,"composite_layout":"","composite_add_to_cart_form_location":"","composite_editable_in_cart":false,"composite_sold_individually_context":"","composite_shop_price_calc":"","composite_components":[],"composite_scenarios":[],"group_of_quantity":0,"min_quantity":0,"max_quantity":"","exclude_order_quantity_value_rules":"no","exclude_category_quantity_rules":"no","combine_variations":"no","exclude_global_add_ons":[],"addons":[],"_links":{"self":[{"href":"https:\/\/www.huntersfriend.eu\/de\/wp-json\/wp\/v2\/product\/282410","targetHints":{"allow":["GET"]}}],"collection":[{"href":"https:\/\/www.huntersfriend.eu\/de\/wp-json\/wp\/v2\/product"}],"about":[{"href":"https:\/\/www.huntersfriend.eu\/de\/wp-json\/wp\/v2\/types\/product"}],"replies":[{"embeddable":true,"href":"https:\/\/www.huntersfriend.eu\/de\/wp-json\/wp\/v2\/comments?post=282410"}],"wp:featuredmedia":[{"embeddable":true,"href":"https:\/\/www.huntersfriend.eu\/de\/wp-json\/wp\/v2\/media\/213260"}],"wp:attachment":[{"href":"https:\/\/www.huntersfriend.eu\/de\/wp-json\/wp\/v2\/media?parent=282410"}],"wp:term":[{"taxonomy":"product_brand","embeddable":true,"href":"https:\/\/www.huntersfriend.eu\/de\/wp-json\/wp\/v2\/product_brand?post=282410"},{"taxonomy":"product_cat","embeddable":true,"href":"https:\/\/www.huntersfriend.eu\/de\/wp-json\/wp\/v2\/product_cat?post=282410"},{"taxonomy":"product_tag","embeddable":true,"href":"https:\/\/www.huntersfriend.eu\/de\/wp-json\/wp\/v2\/product_tag?post=282410"}],"curies":[{"name":"wp","href":"https:\/\/api.w.org\/{rel}","templated":true}]}}