{"id":282409,"date":"2021-09-21T12:35:27","date_gmt":"2021-09-21T10:35:27","guid":{"rendered":"https:\/\/www.huntersfriend.eu\/product\/bearpaw-mohican-zerlegbarer-recurvebogen-paket\/"},"modified":"2025-11-13T14:00:15","modified_gmt":"2025-11-13T12:00:15","slug":"bearpaw-mohican-zerlegbarer-recurvebogen-paket","status":"publish","type":"product","link":"https:\/\/www.huntersfriend.eu\/de\/produkt\/bearpaw-mohican-zerlegbarer-recurvebogen-paket\/","title":{"rendered":"Bearpaw Mohican Zerlegbarer Recurvebogen-Paket"},"content":{"rendered":"<p>Traditioneller 60&#8243; zerlegbarer Recurvebogen<\/p>\n<p>Das Griffst\u00fcck wird aus \u00e4u\u00dferst stabilem Actionwood gefertigt und verleiht diesem zerlegbaren Recurvebogen gro\u00dfe Stabilit\u00e4t und D\u00e4mpfung. Gemeinsam mit dem Hersteller konnte Bearpaw ein Griffst\u00fcck entwerfen, das wirklich sicher und fest in der Hand liegt und zudem gro\u00dfartig aussieht! Die dunkle Optik des Griffst\u00fccks erg\u00e4nzt perfekt das Erscheinungsbild der schwarzen Wurfarme und macht den Mohican zu einem wahren Blickfang!  <\/p>\n<ul>\n<li>Griffl\u00e4nge: 19 Zoll<\/li>\n<li>Holzgriff: Dunkles Actionwood mit Akzentstreifen aus Esche und Macore<\/li>\n<li>Standard-Griffst\u00fcckzubeh\u00f6r: Eins\u00e4tze f\u00fcr Visier oder Bogenk\u00f6cher, Stabilisator oder Angelrute und Plungerbutton<\/li>\n<li>Garantie: F\u00fcr die B\u00f6gen wird eine Garantie gegen Bruch oder Delaminierung f\u00fcr einen Zeitraum von zwei (2) Jahren gew\u00e4hrt. (Ausgenommen bei TROCKENSCHUSS) <\/li>\n<\/ul>\n<p>Wenn es um zerlegbare Recurveb\u00f6gen in der Anf\u00e4ngerklasse geht, ist der Mohican ein Bogen, der nicht \u00fcbersehen werden kann. Die Recurve-Wurfarme lassen sich wunderbar geschmeidig ziehen und bieten ein hervorragendes Leistungsniveau. <\/p>\n<p>Dies ist der perfekte Bogen, um mit dem Bogenschie\u00dfen zu beginnen. Ausgezeichnete Qualit\u00e4t zu einem fantastischen Preis-Leistungs-Verh\u00e4ltnis. <\/p>\n<h3><strong>Bogenspezifikationen:<br \/>\n<\/strong><\/h3>\n<ul>\n<li>RH oder LH<\/li>\n<li>Bogengr\u00f6\u00dfe: 60&#8243;<\/li>\n<li>Gewichte: 25 lbs bis 50 lbs (in 5-lbs-Schritten)<\/li>\n<li>Standh\u00f6he: 7,75&#8243;<\/li>\n<li>Griffst\u00fcckgr\u00f6\u00dfe: 19&#8243;<\/li>\n<li>60&#8243; Fast Flight Sehne inklusive<\/li>\n<li>Auflage und Pfeilauflage inklusive<\/li>\n<\/ul>\n<p><i>Es ist m\u00f6glich, dass nicht immer alle Hand- und Gewichtskombinationen als vorr\u00e4tig angezeigt werden. Bitte kontaktieren Sie uns direkt unter info@huntesrfriend.eu, wenn Sie Fragen zur Verf\u00fcgbarkeit haben. Oft k\u00f6nnen wir einfach Wurfarme und Griffe austauschen, um die von Ihnen ben\u00f6tigte Kombination herzustellen.  <\/i><\/p>\n<p>Der Bogen ist sowohl f\u00fcr Links- als auch f\u00fcr Rechtsh\u00e4nder und in einer gro\u00dfen Auswahl an Zuggewichten erh\u00e4ltlich. Normalerweise von 25 bis 50 lbs (in 5-lbs-Schritten) <\/p>\n<p>60&#8243; Sehne und B\u00e4renhaar-Pfeilauflage ohne Aufpreis inklusive.<\/p>\n<p><strong>Das Basis-Paket beinhaltet:<\/strong><\/p>\n<ul>\n<li>Nockpunkt und grundlegende Einrichtung f\u00fcr Sie erledigt<\/li>\n<li>6 fertige befiederte Pfeile<\/li>\n<li>6 \u00dcbungsspitzen<\/li>\n<li>Bogenspanner<\/li>\n<li>Fingerschutz-Option<\/li>\n<li>Armschutz<\/li>\n<li>K\u00f6cher<\/li>\n<\/ul>\n<p><strong>J\u00e4ger-Paket<\/strong><\/p>\n<ul>\n<li>Beinhaltet alles oben Genannte plus:<\/li>\n<li>Option f\u00fcr zerlegbare Bogentasche<\/li>\n<li>Option f\u00fcr 6 weitere fertige Pfeile und \u00dcbungsspitzen<\/li>\n<li>Option f\u00fcr 3er-Pack Jagdbreitk\u00f6pfe<\/li>\n<\/ul>\n","protected":false},"excerpt":{"rendered":"<p>Optionen mit * unten sind in diesem Paket erforderlich<\/p>\n","protected":false},"featured_media":214280,"comment_status":"open","ping_status":"closed","template":"","meta":[],"product_brand":[],"product_cat":[1226],"product_tag":[],"class_list":{"0":"post-282409","1":"product","2":"type-product","3":"status-publish","4":"has-post-thumbnail","6":"product_cat-pakete","8":"first","9":"onbackorder","10":"sale","11":"featured","12":"taxable","13":"shipping-taxable","14":"purchasable","15":"product-type-composite"},"composite_virtual":false,"composite_layout":"single","composite_add_to_cart_form_location":"default","composite_editable_in_cart":false,"composite_sold_individually_context":"product","composite_shop_price_calc":"min_max","composite_components":[{"id":"1632837035","title":"Bogenhand","description":"","query_type":"product_ids","query_ids":[218563],"default_option_id":218563,"thumbnail_id":"","thumbnail_src":"","quantity_min":1,"quantity_max":1,"priced_individually":true,"shipped_individually":false,"optional":false,"discount":"","options_style":"dropdowns","pagination_style":"classic","display_prices":"absolute","show_sorting_options":false,"show_filtering_options":false,"attribute_filter_ids":[],"select_action":"view","product_title_visible":true,"product_descr_visible":true,"product_price_visible":true,"product_thumb_visible":true,"subtotal_visible_product":true,"subtotal_visible_cart":true,"subtotal_visible_orders":true,"product_addons_visible":true},{"id":"1632837925","title":"Zuggewicht","description":"","query_type":"product_ids","query_ids":[282383],"default_option_id":282383,"thumbnail_id":"","thumbnail_src":"","quantity_min":1,"quantity_max":1,"priced_individually":true,"shipped_individually":false,"optional":false,"discount":"","options_style":"dropdowns","pagination_style":"classic","display_prices":"absolute","show_sorting_options":false,"show_filtering_options":false,"attribute_filter_ids":[],"select_action":"view","product_title_visible":true,"product_descr_visible":true,"product_price_visible":true,"product_thumb_visible":true,"subtotal_visible_product":true,"subtotal_visible_cart":true,"subtotal_visible_orders":true,"product_addons_visible":true},{"id":"1632837926","title":"Sehne (inklusive)","description":"","query_type":"product_ids","query_ids":[282398],"default_option_id":282398,"thumbnail_id":"","thumbnail_src":"","quantity_min":1,"quantity_max":1,"priced_individually":false,"shipped_individually":false,"optional":false,"discount":"","options_style":"dropdowns","pagination_style":"classic","display_prices":"absolute","show_sorting_options":false,"show_filtering_options":false,"attribute_filter_ids":[],"select_action":"view","product_title_visible":true,"product_descr_visible":true,"product_price_visible":true,"product_thumb_visible":true,"subtotal_visible_product":true,"subtotal_visible_cart":true,"subtotal_visible_orders":true,"product_addons_visible":true},{"id":"1632837927","title":"Bogenspanner","description":"","query_type":"product_ids","query_ids":[280873],"default_option_id":280873,"thumbnail_id":"","thumbnail_src":"","quantity_min":1,"quantity_max":1,"priced_individually":true,"shipped_individually":false,"optional":false,"discount":10,"options_style":"dropdowns","pagination_style":"classic","display_prices":"absolute","show_sorting_options":false,"show_filtering_options":false,"attribute_filter_ids":[],"select_action":"view","product_title_visible":true,"product_descr_visible":true,"product_price_visible":true,"product_thumb_visible":true,"subtotal_visible_product":true,"subtotal_visible_cart":true,"subtotal_visible_orders":true,"product_addons_visible":true},{"id":"1632837928","title":"Fingerschutz","description":"","query_type":"product_ids","query_ids":[218570,218576,206301,280953,280986],"default_option_id":"","thumbnail_id":"","thumbnail_src":"","quantity_min":1,"quantity_max":1,"priced_individually":true,"shipped_individually":false,"optional":false,"discount":5,"options_style":"dropdowns","pagination_style":"classic","display_prices":"absolute","show_sorting_options":false,"show_filtering_options":false,"attribute_filter_ids":[],"select_action":"view","product_title_visible":true,"product_descr_visible":true,"product_price_visible":true,"product_thumb_visible":true,"subtotal_visible_product":true,"subtotal_visible_cart":true,"subtotal_visible_orders":true,"product_addons_visible":true},{"id":"1632837930","title":"Armschutz","description":"","query_type":"product_ids","query_ids":[282400,282376,280892],"default_option_id":"","thumbnail_id":"","thumbnail_src":"","quantity_min":1,"quantity_max":1,"priced_individually":true,"shipped_individually":false,"optional":false,"discount":5,"options_style":"dropdowns","pagination_style":"classic","display_prices":"absolute","show_sorting_options":false,"show_filtering_options":false,"attribute_filter_ids":[],"select_action":"view","product_title_visible":true,"product_descr_visible":true,"product_price_visible":true,"product_thumb_visible":true,"subtotal_visible_product":true,"subtotal_visible_cart":true,"subtotal_visible_orders":true,"product_addons_visible":true},{"id":"1632837931","title":"K\u00f6cher","description":"","query_type":"product_ids","query_ids":[280859,282378,282405],"default_option_id":"","thumbnail_id":"","thumbnail_src":"","quantity_min":1,"quantity_max":1,"priced_individually":true,"shipped_individually":false,"optional":false,"discount":5,"options_style":"dropdowns","pagination_style":"classic","display_prices":"absolute","show_sorting_options":false,"show_filtering_options":false,"attribute_filter_ids":[],"select_action":"view","product_title_visible":true,"product_descr_visible":true,"product_price_visible":true,"product_thumb_visible":true,"subtotal_visible_product":true,"subtotal_visible_cart":true,"subtotal_visible_orders":true,"product_addons_visible":true},{"id":"1632837934","title":"Pfeile - Standard 6 St\u00fcck","description":"","query_type":"product_ids","query_ids":[282399,281109],"default_option_id":"","thumbnail_id":"","thumbnail_src":"","quantity_min":6,"quantity_max":"","priced_individually":true,"shipped_individually":false,"optional":false,"discount":"","options_style":"dropdowns","pagination_style":"classic","display_prices":"absolute","show_sorting_options":false,"show_filtering_options":false,"attribute_filter_ids":[],"select_action":"view","product_title_visible":true,"product_descr_visible":true,"product_price_visible":true,"product_thumb_visible":true,"subtotal_visible_product":true,"subtotal_visible_cart":true,"subtotal_visible_orders":true,"product_addons_visible":true},{"id":"1632838899","title":"\u00dcbungsspitzen - Standard 6 St\u00fcck","description":"","query_type":"product_ids","query_ids":[185736],"default_option_id":185736,"thumbnail_id":"","thumbnail_src":"","quantity_min":6,"quantity_max":"","priced_individually":true,"shipped_individually":false,"optional":false,"discount":50,"options_style":"dropdowns","pagination_style":"classic","display_prices":"absolute","show_sorting_options":false,"show_filtering_options":false,"attribute_filter_ids":[],"select_action":"view","product_title_visible":true,"product_descr_visible":true,"product_price_visible":true,"product_thumb_visible":true,"subtotal_visible_product":true,"subtotal_visible_cart":true,"subtotal_visible_orders":true,"product_addons_visible":true},{"id":"1632837932","title":"Bogentasche - zus\u00e4tzliche Option","description":"","query_type":"product_ids","query_ids":[205040,282368],"default_option_id":"","thumbnail_id":"","thumbnail_src":"","quantity_min":1,"quantity_max":1,"priced_individually":true,"shipped_individually":false,"optional":true,"discount":5,"options_style":"dropdowns","pagination_style":"classic","display_prices":"absolute","show_sorting_options":false,"show_filtering_options":false,"attribute_filter_ids":[],"select_action":"view","product_title_visible":true,"product_descr_visible":true,"product_price_visible":true,"product_thumb_visible":true,"subtotal_visible_product":true,"subtotal_visible_cart":true,"subtotal_visible_orders":true,"product_addons_visible":true},{"id":"1632837933","title":"Breitk\u00f6pfe - zus\u00e4tzliche Option","description":"","query_type":"product_ids","query_ids":[206130,207127,207140,207153,281141],"default_option_id":"","thumbnail_id":"","thumbnail_src":"","quantity_min":1,"quantity_max":1,"priced_individually":true,"shipped_individually":false,"optional":true,"discount":5,"options_style":"dropdowns","pagination_style":"classic","display_prices":"absolute","show_sorting_options":false,"show_filtering_options":false,"attribute_filter_ids":[],"select_action":"view","product_title_visible":true,"product_descr_visible":true,"product_price_visible":true,"product_thumb_visible":true,"subtotal_visible_product":true,"subtotal_visible_cart":true,"subtotal_visible_orders":true,"product_addons_visible":true},{"id":"1632838898","title":"Pfeile und Spitzen - 6 St\u00fcck zus\u00e4tzliche Option","description":"","query_type":"product_ids","query_ids":[282399,281109],"default_option_id":"","thumbnail_id":"","thumbnail_src":"","quantity_min":6,"quantity_max":"","priced_individually":true,"shipped_individually":false,"optional":true,"discount":5,"options_style":"dropdowns","pagination_style":"classic","display_prices":"absolute","show_sorting_options":false,"show_filtering_options":false,"attribute_filter_ids":[],"select_action":"view","product_title_visible":true,"product_descr_visible":true,"product_price_visible":true,"product_thumb_visible":true,"subtotal_visible_product":true,"subtotal_visible_cart":true,"subtotal_visible_orders":true,"product_addons_visible":true}],"composite_scenarios":[],"group_of_quantity":0,"min_quantity":0,"max_quantity":"","exclude_order_quantity_value_rules":"no","exclude_category_quantity_rules":"no","combine_variations":"no","exclude_global_add_ons":[],"addons":[],"_links":{"self":[{"href":"https:\/\/www.huntersfriend.eu\/de\/wp-json\/wp\/v2\/product\/282409","targetHints":{"allow":["GET"]}}],"collection":[{"href":"https:\/\/www.huntersfriend.eu\/de\/wp-json\/wp\/v2\/product"}],"about":[{"href":"https:\/\/www.huntersfriend.eu\/de\/wp-json\/wp\/v2\/types\/product"}],"replies":[{"embeddable":true,"href":"https:\/\/www.huntersfriend.eu\/de\/wp-json\/wp\/v2\/comments?post=282409"}],"wp:featuredmedia":[{"embeddable":true,"href":"https:\/\/www.huntersfriend.eu\/de\/wp-json\/wp\/v2\/media\/214280"}],"wp:attachment":[{"href":"https:\/\/www.huntersfriend.eu\/de\/wp-json\/wp\/v2\/media?parent=282409"}],"wp:term":[{"taxonomy":"product_brand","embeddable":true,"href":"https:\/\/www.huntersfriend.eu\/de\/wp-json\/wp\/v2\/product_brand?post=282409"},{"taxonomy":"product_cat","embeddable":true,"href":"https:\/\/www.huntersfriend.eu\/de\/wp-json\/wp\/v2\/product_cat?post=282409"},{"taxonomy":"product_tag","embeddable":true,"href":"https:\/\/www.huntersfriend.eu\/de\/wp-json\/wp\/v2\/product_tag?post=282409"}],"curies":[{"name":"wp","href":"https:\/\/api.w.org\/{rel}","templated":true}]}}