{"id":282407,"date":"2021-06-14T11:23:15","date_gmt":"2025-06-23T11:48:59","guid":{"rendered":"https:\/\/www.huntersfriend.eu\/product\/hme-cob-blindenleuchte-mit-dimmer\/"},"modified":"2025-07-30T12:50:36","modified_gmt":"2025-07-30T10:50:36","slug":"hme-cob-blindenleuchte-mit-dimmer","status":"publish","type":"product","link":"https:\/\/www.huntersfriend.eu\/de\/produkt\/hme-cob-blindenleuchte-mit-dimmer\/","title":{"rendered":"HME COB-Blindenleuchte mit Dimmer"},"content":{"rendered":"<p class=\"\" data-start=\"0\" data-end=\"80\"><strong data-start=\"0\" data-end=\"80\">Ideal f\u00fcr Jagdansitze und Jagdh\u00fctten, \u00fcberall dort, wo Sie getarnte Beleuchtung ben\u00f6tigen.<\/strong><\/p>\n<p class=\"\" data-start=\"82\" data-end=\"331\"><strong data-start=\"82\" data-end=\"99\">Lichtquelle:<\/strong> 2 gr\u00fcne COB-LEDs<br data-start=\"116\" data-end=\"119\" data-is-only-node=\"\"><strong data-start=\"119\" data-end=\"133\">Maximale Lumenzahl:<\/strong> 200 Lumen<br data-start=\"144\" data-end=\"147\"><strong data-start=\"147\" data-end=\"168\">Befestigungsoptionen:<\/strong> Magnete \/ Klettverschluss \/ Schrauben<br data-start=\"194\" data-end=\"197\"><strong data-start=\"197\" data-end=\"213\">Schaltmodus:<\/strong> Dimmbar<br data-start=\"222\" data-end=\"225\"><strong data-start=\"225\" data-end=\"237\">Batterie:<\/strong> 3 \u201eAAA\u201c Hochleistungsbatterien (im Lieferumfang enthalten)<br data-start=\"283\" data-end=\"286\"><strong data-start=\"286\" data-end=\"300\">Materialien:<\/strong> ABS-Kunststoff<br data-start=\"312\" data-end=\"315\"><strong data-start=\"315\" data-end=\"325\">Farbe:<\/strong> Schwarz<\/p>\n","protected":false},"excerpt":{"rendered":"<p>Gr\u00fcne LED, 200 Lumen, mit Dimmer<\/p>\n","protected":false},"featured_media":221681,"comment_status":"open","ping_status":"closed","template":"","meta":[],"product_brand":[],"product_cat":[1169,1171],"product_tag":[],"class_list":{"0":"post-282407","1":"product","2":"type-product","3":"status-publish","4":"has-post-thumbnail","6":"product_cat-schirm","7":"product_cat-sitz-und-schirm-zubehoer","9":"first","10":"outofstock","11":"taxable","12":"shipping-taxable","13":"purchasable","14":"product-type-simple"},"composite_virtual":false,"composite_layout":"","composite_add_to_cart_form_location":"","composite_editable_in_cart":false,"composite_sold_individually_context":"","composite_shop_price_calc":"","composite_components":[],"composite_scenarios":[],"group_of_quantity":0,"min_quantity":0,"max_quantity":"","exclude_order_quantity_value_rules":"no","exclude_category_quantity_rules":"no","combine_variations":"no","exclude_global_add_ons":[],"addons":[],"_links":{"self":[{"href":"https:\/\/www.huntersfriend.eu\/de\/wp-json\/wp\/v2\/product\/282407","targetHints":{"allow":["GET"]}}],"collection":[{"href":"https:\/\/www.huntersfriend.eu\/de\/wp-json\/wp\/v2\/product"}],"about":[{"href":"https:\/\/www.huntersfriend.eu\/de\/wp-json\/wp\/v2\/types\/product"}],"replies":[{"embeddable":true,"href":"https:\/\/www.huntersfriend.eu\/de\/wp-json\/wp\/v2\/comments?post=282407"}],"wp:featuredmedia":[{"embeddable":true,"href":"https:\/\/www.huntersfriend.eu\/de\/wp-json\/wp\/v2\/media\/221681"}],"wp:attachment":[{"href":"https:\/\/www.huntersfriend.eu\/de\/wp-json\/wp\/v2\/media?parent=282407"}],"wp:term":[{"taxonomy":"product_brand","embeddable":true,"href":"https:\/\/www.huntersfriend.eu\/de\/wp-json\/wp\/v2\/product_brand?post=282407"},{"taxonomy":"product_cat","embeddable":true,"href":"https:\/\/www.huntersfriend.eu\/de\/wp-json\/wp\/v2\/product_cat?post=282407"},{"taxonomy":"product_tag","embeddable":true,"href":"https:\/\/www.huntersfriend.eu\/de\/wp-json\/wp\/v2\/product_tag?post=282407"}],"curies":[{"name":"wp","href":"https:\/\/api.w.org\/{rel}","templated":true}]}}