{"id":282406,"date":"2021-06-16T14:01:12","date_gmt":"2021-06-16T12:01:12","guid":{"rendered":"https:\/\/www.huntersfriend.eu\/product\/bearpaw-langbogen-blackfoot\/"},"modified":"2025-11-14T12:47:16","modified_gmt":"2025-11-14T10:47:16","slug":"bearpaw-langbogen-blackfoot","status":"publish","type":"product","link":"https:\/\/www.huntersfriend.eu\/de\/produkt\/bearpaw-langbogen-blackfoot\/","title":{"rendered":"Bearpaw Langbogen Blackfoot"},"content":{"rendered":"<p><b>Ein Langbogen mit einem unschlagbaren Preis und hervorragender Leistung!<\/b><\/p>\n<p>Der Blackfoot ist ein leistungsstarker Langbogen, der unter Einhaltung der Regeln f\u00fcr die Langbogenklasse sicher bei allen Turnieren und Meisterschaften eingesetzt werden kann. F\u00fcr das Griffst\u00fcck haben wir eine wirklich ausgezeichnete Kombination aus dunklem Actionwood und Bubinga verwendet. F\u00fcr den Blackfoot ist diese Materialkombination perfekt, um die ideale Verbindung von Gewicht und Stabilit\u00e4t zu gew\u00e4hrleisten und gleichzeitig eine \u00e4u\u00dferst ansprechende \u00c4sthetik zu bieten sowie Handschock zu minimieren.  <\/p>\n<p><b>Ein unglaublicher Preis!<br \/>\nEin unglaublicher Bogen!<\/b><\/p>\n<ul>\n<li>L\u00e4nge: 66 Zoll<\/li>\n<li>Zuggewichte: 25 &#8211; 50 lbs in 5 lbs Abstufungen<\/li>\n<li>Griffst\u00fcck: Actionwood, Ahorn, Esche, Padouk<\/li>\n<li>Wurfarme: Ahorn mit klarem Clearglas<\/li>\n<li>Spitzen: Mycarta<\/li>\n<li>Griff: Lokator<\/li>\n<li>Sehne: Inklusive Whisper-Sehne und Auflage<\/li>\n<li>Standh\u00f6he: 7 Zoll<\/li>\n<\/ul>\n<p>Die Lieferzeit f\u00fcr B\u00f6gen auf Bestellung betr\u00e4gt etwa 6-8 Wochen<\/p>\n<p><strong>Garantie: F\u00fcr diesen Bogen wird eine Garantie gegen Bruch oder Delaminierung f\u00fcr einen Zeitraum von zwei (2) Jahren gew\u00e4hrt.<\/strong><strong> Nach Erhalt des Bogens m\u00fcssen etwaige Reklamationen bez\u00fcglich verdrehter Wurfarme innerhalb der ersten zwei Wochen entweder per E-Mail oder telefonisch bei uns gemeldet werden. <\/strong><\/p>\n<p>Das Bild kann vom Originalprodukt abweichen.<\/p>\n","protected":false},"excerpt":{"rendered":"<p>Ein Langbogen mit einem unschlagbaren Preis und hervorragender Leistung! Der Blackfoot ist ein leistungsstarker Langbogen, der unter Einhaltung der Regeln f\u00fcr die Langbogenklasse sicher bei allen Turnieren und Meisterschaften eingesetzt werden kann. F\u00fcr das Griffst\u00fcck haben wir eine wirklich ausgezeichnete Kombination aus dunklem Actionwood und Bubinga verwendet. F\u00fcr den Blackfoot ist diese Materialkombination perfekt, um [&#8230;]\n","protected":false},"featured_media":206826,"comment_status":"open","ping_status":"closed","template":"","meta":[],"product_brand":[],"product_cat":[1127,1222],"product_tag":[],"class_list":{"0":"post-282406","1":"product","2":"type-product","3":"status-publish","4":"has-post-thumbnail","6":"product_cat-langboegen","7":"product_cat-sonderangebote","8":"product_shipping_class-big-de","10":"first","11":"instock","12":"sale","13":"taxable","14":"shipping-taxable","15":"purchasable","16":"product-type-variable"},"composite_virtual":false,"composite_layout":"","composite_add_to_cart_form_location":"","composite_editable_in_cart":false,"composite_sold_individually_context":"","composite_shop_price_calc":"","composite_components":[],"composite_scenarios":[],"group_of_quantity":0,"min_quantity":0,"max_quantity":"","exclude_order_quantity_value_rules":"no","exclude_category_quantity_rules":"no","combine_variations":"no","exclude_global_add_ons":[],"addons":[],"_links":{"self":[{"href":"https:\/\/www.huntersfriend.eu\/de\/wp-json\/wp\/v2\/product\/282406","targetHints":{"allow":["GET"]}}],"collection":[{"href":"https:\/\/www.huntersfriend.eu\/de\/wp-json\/wp\/v2\/product"}],"about":[{"href":"https:\/\/www.huntersfriend.eu\/de\/wp-json\/wp\/v2\/types\/product"}],"replies":[{"embeddable":true,"href":"https:\/\/www.huntersfriend.eu\/de\/wp-json\/wp\/v2\/comments?post=282406"}],"wp:featuredmedia":[{"embeddable":true,"href":"https:\/\/www.huntersfriend.eu\/de\/wp-json\/wp\/v2\/media\/206826"}],"wp:attachment":[{"href":"https:\/\/www.huntersfriend.eu\/de\/wp-json\/wp\/v2\/media?parent=282406"}],"wp:term":[{"taxonomy":"product_brand","embeddable":true,"href":"https:\/\/www.huntersfriend.eu\/de\/wp-json\/wp\/v2\/product_brand?post=282406"},{"taxonomy":"product_cat","embeddable":true,"href":"https:\/\/www.huntersfriend.eu\/de\/wp-json\/wp\/v2\/product_cat?post=282406"},{"taxonomy":"product_tag","embeddable":true,"href":"https:\/\/www.huntersfriend.eu\/de\/wp-json\/wp\/v2\/product_tag?post=282406"}],"curies":[{"name":"wp","href":"https:\/\/api.w.org\/{rel}","templated":true}]}}