{"id":282405,"date":"2021-06-01T11:40:35","date_gmt":"2025-06-23T11:48:58","guid":{"rendered":"https:\/\/www.huntersfriend.eu\/product\/bearpaw-rueckenkoecher-little-indian\/"},"modified":"2026-03-26T13:44:34","modified_gmt":"2026-03-26T11:44:34","slug":"bearpaw-rueckenkoecher-little-indian","status":"publish","type":"product","link":"https:\/\/www.huntersfriend.eu\/de\/produkt\/bearpaw-rueckenkoecher-little-indian\/","title":{"rendered":"Bearpaw R\u00fcckenk\u00f6cher Little Indian"},"content":{"rendered":"<p>Der Little Indian wurde von Bearpaw mit Liebe zum Detail f\u00fcr die besonderen Bed\u00fcrfnisse von Kindern bis zu 12 Jahren konzipiert. Seine Abmessungen sind an die Anforderungen von Kindern angepasst. Der Little Indian ist der perfekte Begleiter f\u00fcr Ihre Kinder w\u00e4hrend des Trainings und Wettkampfs.  <\/p>\n<ul>\n<li>L\u00e4nge: ca. 41 cm <\/li>\n<li>Leder: Bearpaw Wildleder honigbraun<\/li>\n<li>Riemen: Breiter Schultergurt<\/li>\n<li>Extras: Zubeh\u00f6rtasche\n<p><b>Ihre Gesundheit ist uns wichtig! Alle Bearpaw Lederprodukte und Textilien sind garantiert frei von Schwermetallen und Umweltgiften. Gepr\u00fcfte und zertifizierte Qualit\u00e4t.  <\/b><\/li>\n<\/ul>\n","protected":false},"excerpt":{"rendered":"<p>Braunes Leder<\/p>\n","protected":false},"featured_media":213822,"comment_status":"open","ping_status":"closed","template":"","meta":[],"product_brand":[],"product_cat":[2966],"product_tag":[],"class_list":{"0":"post-282405","1":"product","2":"type-product","3":"status-publish","4":"has-post-thumbnail","6":"product_cat-faltkogar","8":"first","9":"instock","10":"taxable","11":"shipping-taxable","12":"purchasable","13":"product-type-simple"},"composite_virtual":false,"composite_layout":"","composite_add_to_cart_form_location":"","composite_editable_in_cart":false,"composite_sold_individually_context":"","composite_shop_price_calc":"","composite_components":[],"composite_scenarios":[],"group_of_quantity":0,"min_quantity":0,"max_quantity":"","exclude_order_quantity_value_rules":"no","exclude_category_quantity_rules":"no","combine_variations":"no","exclude_global_add_ons":[],"addons":[],"_links":{"self":[{"href":"https:\/\/www.huntersfriend.eu\/de\/wp-json\/wp\/v2\/product\/282405","targetHints":{"allow":["GET"]}}],"collection":[{"href":"https:\/\/www.huntersfriend.eu\/de\/wp-json\/wp\/v2\/product"}],"about":[{"href":"https:\/\/www.huntersfriend.eu\/de\/wp-json\/wp\/v2\/types\/product"}],"replies":[{"embeddable":true,"href":"https:\/\/www.huntersfriend.eu\/de\/wp-json\/wp\/v2\/comments?post=282405"}],"wp:featuredmedia":[{"embeddable":true,"href":"https:\/\/www.huntersfriend.eu\/de\/wp-json\/wp\/v2\/media\/213822"}],"wp:attachment":[{"href":"https:\/\/www.huntersfriend.eu\/de\/wp-json\/wp\/v2\/media?parent=282405"}],"wp:term":[{"taxonomy":"product_brand","embeddable":true,"href":"https:\/\/www.huntersfriend.eu\/de\/wp-json\/wp\/v2\/product_brand?post=282405"},{"taxonomy":"product_cat","embeddable":true,"href":"https:\/\/www.huntersfriend.eu\/de\/wp-json\/wp\/v2\/product_cat?post=282405"},{"taxonomy":"product_tag","embeddable":true,"href":"https:\/\/www.huntersfriend.eu\/de\/wp-json\/wp\/v2\/product_tag?post=282405"}],"curies":[{"name":"wp","href":"https:\/\/api.w.org\/{rel}","templated":true}]}}