{"id":282399,"date":"2021-06-16T13:21:29","date_gmt":"2025-06-23T11:48:56","guid":{"rendered":"https:\/\/www.huntersfriend.eu\/product\/penthalon-bandit-carbon-ready-federpfeil-mit-befiederung\/"},"modified":"2025-07-24T00:50:26","modified_gmt":"2025-07-23T22:50:26","slug":"penthalon-bandit-carbon-ready-federpfeil-mit-befiederung","status":"publish","type":"product","link":"https:\/\/www.huntersfriend.eu\/de\/produkt\/penthalon-bandit-carbon-ready-federpfeil-mit-befiederung\/","title":{"rendered":"Penthalon Bandit Carbon Ready Federpfeil mit Befiederung"},"content":{"rendered":"<p>Diese individuell handgefertigten Pfeile werden in Bearpaws innovativer Pfeilproduktionsanlage von erfahrenen Handwerkern mit gro\u00dfer Sorgfalt und Qualit\u00e4t hergestellt. Die Basis dieser individuellen Karbonpfeile bilden unsere renommierten Penthalon Karbonsch\u00e4fte. Bei der Herstellung von Bearpaw Spezialpfeilen werden ausschlie\u00dflich erstklassige Materialien verwendet!  <\/p>\n<p>Das klassische schwarze Karbondesign ist in der Welt der Karbonpfeile unverzichtbar. Die monochrome Optik des schwarzen Karbonschafts ist ein wesentlicher Ausdruck schlichter Eleganz. <\/p>\n<p><b>Der Penthalon Bandit ist in jeder Hinsicht ein beeindruckender Karbonpfeil und das beste Preis-Leistungs-Verh\u00e4ltnis, das Sie f\u00fcr Karbonpfeile dieser Qualit\u00e4t finden werden!<\/b><\/p>\n<ul>\n<li>Verf\u00fcgbare Spine-Werte: 350, 400, 500 und 600<\/li>\n<li>Gesamtl\u00e4nge betr\u00e4gt 32 Zoll<\/li>\n<li>Zusammensetzung: 100% Karbon<\/li>\n<li>Schaftoberfl\u00e4che: Kohlenschwarz<\/li>\n<li>Spitzen: Bearpaw 3D Kombispitzen<\/li>\n<li>Federl\u00e4ngen: 4 Zoll<\/li>\n<li>Federmuster: Einfarbig<\/li>\n<li>Nocken: Penthalon Geschwindigkeitsnocken<\/li>\n<li>Cresting: Bearpaw Cresting-Umwicklungen<\/li>\n<\/ul>\n<p>Wird mit 100 Grain Edelstahl-\u00dcbungszielspitzen geliefert<\/p>\n<h3><span lang=\"EN-US\" style=\"color: #555555; font-size: 14.4px;\">Das Bild kann vom Originalprodukt abweichen.<\/span><\/h3>\n<h3><span lang=\"EN-US\" style=\"color: #555555; font-size: 14.4px;\"><em><strong>Wenn Sie Hilfe ben\u00f6tigen, rufen Sie unseren Pro-Shop unter +358 45 208 6292 an oder schreiben Sie uns eine E-Mail f\u00fcr Unterst\u00fctzung.<\/strong><\/em><\/span><\/h3>\n<p>&nbsp;<\/p>\n","protected":false},"excerpt":{"rendered":"<p>Erh\u00e4ltlich in den Spine-Werten 350, 400, 500 und 600 mit inbegriffenen Nocken und Eins\u00e4tzen. Vorbefiedert mit 4 Zoll schildf\u00f6rmig geschnittenen Federn. <\/p>\n","protected":false},"featured_media":206788,"comment_status":"open","ping_status":"closed","template":"","meta":[],"product_brand":[],"product_cat":[1145],"product_tag":[],"class_list":{"0":"post-282399","1":"product","2":"type-product","3":"status-publish","4":"has-post-thumbnail","6":"product_cat-sonstiges","8":"first","9":"outofstock","10":"taxable","11":"shipping-taxable","12":"product-type-simple"},"composite_virtual":false,"composite_layout":"","composite_add_to_cart_form_location":"","composite_editable_in_cart":false,"composite_sold_individually_context":"","composite_shop_price_calc":"","composite_components":[],"composite_scenarios":[],"group_of_quantity":0,"min_quantity":0,"max_quantity":"","exclude_order_quantity_value_rules":"no","exclude_category_quantity_rules":"no","combine_variations":"no","exclude_global_add_ons":false,"addons":[{"name":"Zuschnitt","type":"multiple_choice","position":0,"required":false,"title_format":"label","default":"","description_enable":false,"description":null,"placeholder_enable":false,"placeholder":null,"display":"select","restrictions_type":"any_text","adjust_price":false,"price":"","price_type":"flat_fee","restrictions":false,"min":"0","max":"0","options":[{"label":"Nicht schneiden","price":"","price_type":"flat_fee","image":0,"visibility":true},{"label":"Bitte schneiden - f\u00fcgen Sie die gew\u00fcnschte L\u00e4nge im Infofeld beim Auschecken hinzu","price":"","price_type":"flat_fee","image":0,"visibility":true}],"id":1718623093},{"name":"Eins\u00e4tze","type":"multiple_choice","position":1,"required":true,"title_format":"label","default":"","description_enable":false,"description":null,"placeholder_enable":false,"placeholder":null,"display":"select","restrictions_type":"any_text","adjust_price":false,"price":"","price_type":"flat_fee","restrictions":false,"min":"0","max":"0","options":[{"label":"Eins\u00e4tze installieren (Dies ist dauerhaft!)","price":"","price_type":"flat_fee","image":0,"visibility":true},{"label":"Eins\u00e4tze nicht installieren (lose beilegen)","price":"","price_type":"flat_fee","image":0,"visibility":true}],"id":1718623094}],"_links":{"self":[{"href":"https:\/\/www.huntersfriend.eu\/de\/wp-json\/wp\/v2\/product\/282399","targetHints":{"allow":["GET"]}}],"collection":[{"href":"https:\/\/www.huntersfriend.eu\/de\/wp-json\/wp\/v2\/product"}],"about":[{"href":"https:\/\/www.huntersfriend.eu\/de\/wp-json\/wp\/v2\/types\/product"}],"replies":[{"embeddable":true,"href":"https:\/\/www.huntersfriend.eu\/de\/wp-json\/wp\/v2\/comments?post=282399"}],"wp:featuredmedia":[{"embeddable":true,"href":"https:\/\/www.huntersfriend.eu\/de\/wp-json\/wp\/v2\/media\/206788"}],"wp:attachment":[{"href":"https:\/\/www.huntersfriend.eu\/de\/wp-json\/wp\/v2\/media?parent=282399"}],"wp:term":[{"taxonomy":"product_brand","embeddable":true,"href":"https:\/\/www.huntersfriend.eu\/de\/wp-json\/wp\/v2\/product_brand?post=282399"},{"taxonomy":"product_cat","embeddable":true,"href":"https:\/\/www.huntersfriend.eu\/de\/wp-json\/wp\/v2\/product_cat?post=282399"},{"taxonomy":"product_tag","embeddable":true,"href":"https:\/\/www.huntersfriend.eu\/de\/wp-json\/wp\/v2\/product_tag?post=282399"}],"curies":[{"name":"wp","href":"https:\/\/api.w.org\/{rel}","templated":true}]}}