{"id":282398,"date":"2021-06-01T11:40:28","date_gmt":"2025-06-23T11:48:55","guid":{"rendered":"https:\/\/www.huntersfriend.eu\/product\/bearpaw-standardsehne-14-60\/"},"modified":"2026-03-27T10:17:31","modified_gmt":"2026-03-27T08:17:31","slug":"bearpaw-standardsehne-14-60","status":"publish","type":"product","link":"https:\/\/www.huntersfriend.eu\/de\/produkt\/bearpaw-standardsehne-14-60\/","title":{"rendered":"Bearpaw Standardsehne 14\/60&#8243;"},"content":{"rendered":"<p>Jede Endlossehne wird in unserer Sehnenfertigung von Hand hergestellt. Das Sehnenmaterial Traditional Flight (Dacron, B55) gew\u00e4hrleistet einen gutm\u00fctigen und verzeihenden Schie\u00dfcharakter. Aufgrund ihrer Herstellungsmethode gibt die Endlossehne dem Pfeil deutlich mehr Energie als eine Flemish-Sehne.  <\/p>\n<ul>\n<li>Material: Traditional Flight (Dacron, B55)<\/li>\n<li>Bogenl\u00e4nge und Stranganzahl: ausschlie\u00dflich angebotene Gr\u00f6\u00dfen und Strangzahlen<\/li>\n<li>Qualit\u00e4t: Deutsche Handwerkskunst<\/li>\n<\/ul>\n","protected":false},"excerpt":{"rendered":"<p>Traditional Flight 14-str\u00e4ngig<\/p>\n","protected":false},"featured_media":214366,"comment_status":"open","ping_status":"closed","template":"","meta":[],"product_brand":[],"product_cat":[1110],"product_tag":[],"class_list":{"0":"post-282398","1":"product","2":"type-product","3":"status-publish","4":"has-post-thumbnail","6":"product_cat-recurve-sehnen","8":"first","9":"instock","10":"taxable","11":"shipping-taxable","12":"purchasable","13":"product-type-simple"},"composite_virtual":false,"composite_layout":"","composite_add_to_cart_form_location":"","composite_editable_in_cart":false,"composite_sold_individually_context":"","composite_shop_price_calc":"","composite_components":[],"composite_scenarios":[],"group_of_quantity":0,"min_quantity":0,"max_quantity":"","exclude_order_quantity_value_rules":"no","exclude_category_quantity_rules":"no","combine_variations":"no","exclude_global_add_ons":[],"addons":[],"_links":{"self":[{"href":"https:\/\/www.huntersfriend.eu\/de\/wp-json\/wp\/v2\/product\/282398","targetHints":{"allow":["GET"]}}],"collection":[{"href":"https:\/\/www.huntersfriend.eu\/de\/wp-json\/wp\/v2\/product"}],"about":[{"href":"https:\/\/www.huntersfriend.eu\/de\/wp-json\/wp\/v2\/types\/product"}],"replies":[{"embeddable":true,"href":"https:\/\/www.huntersfriend.eu\/de\/wp-json\/wp\/v2\/comments?post=282398"}],"wp:featuredmedia":[{"embeddable":true,"href":"https:\/\/www.huntersfriend.eu\/de\/wp-json\/wp\/v2\/media\/214366"}],"wp:attachment":[{"href":"https:\/\/www.huntersfriend.eu\/de\/wp-json\/wp\/v2\/media?parent=282398"}],"wp:term":[{"taxonomy":"product_brand","embeddable":true,"href":"https:\/\/www.huntersfriend.eu\/de\/wp-json\/wp\/v2\/product_brand?post=282398"},{"taxonomy":"product_cat","embeddable":true,"href":"https:\/\/www.huntersfriend.eu\/de\/wp-json\/wp\/v2\/product_cat?post=282398"},{"taxonomy":"product_tag","embeddable":true,"href":"https:\/\/www.huntersfriend.eu\/de\/wp-json\/wp\/v2\/product_tag?post=282398"}],"curies":[{"name":"wp","href":"https:\/\/api.w.org\/{rel}","templated":true}]}}