{"id":282397,"date":"2021-06-16T11:22:24","date_gmt":"2025-06-23T11:48:55","guid":{"rendered":"https:\/\/www.huntersfriend.eu\/product\/alps-outdoorz-schwimmende-tarntasche\/"},"modified":"2025-09-25T12:34:07","modified_gmt":"2025-09-25T10:34:07","slug":"alps-outdoorz-schwimmende-tarntasche","status":"publish","type":"product","link":"https:\/\/www.huntersfriend.eu\/de\/produkt\/alps-outdoorz-schwimmende-tarntasche\/","title":{"rendered":"Alps outdoorz schwimmende Tarntasche"},"content":{"rendered":"<p><span class=\"Y2IQFc\" lang=\"en\">Eine hervorragende Tasche f\u00fcr Wasserwildj\u00e4ger, die alle Zubeh\u00f6rteile in guter Ordnung h\u00e4lt. Das Hauptfach der Tasche ist schaumstoffgef\u00fcttert und verf\u00fcgt zus\u00e4tzlich \u00fcber eine wasserdichte Membran, um Ihre Vorr\u00e4te trocken zu halten. Das Hauptfach ist in zwei Abteile unterteilt. Die Tasche verf\u00fcgt au\u00dferdem \u00fcber zwei Seitentaschen und eine Fronttasche. Die Tasche hat eigene flexible F\u00e4cher f\u00fcr Wechselchokes, in denen diese sicher aufbewahrt werden. Gepolsterter, verstellbarer Schultergurt f\u00fcr zus\u00e4tzlichen Komfort.      <\/span><\/p>\n<ul>\n<li><span class=\"Y2IQFc\" lang=\"en\">Abmessungen: 30 x 23 x 20 cm <\/span><\/li>\n<li><span class=\"Y2IQFc\" lang=\"en\">Gewicht: 0,9 kg<\/span><\/li>\n<\/ul>\n","protected":false},"excerpt":{"rendered":"<p>Realtree Timber Tarnmuster<\/p>\n","protected":false},"featured_media":209672,"comment_status":"open","ping_status":"closed","template":"","meta":[],"product_brand":[],"product_cat":[1393,1406],"product_tag":[],"class_list":{"0":"post-282397","1":"product","2":"type-product","3":"status-publish","4":"has-post-thumbnail","6":"product_cat-taschen-fur-lockvogel","7":"product_cat-jagdtaschen-und-rucksacke","9":"first","10":"outofstock","11":"taxable","12":"shipping-taxable","13":"purchasable","14":"product-type-simple"},"composite_virtual":false,"composite_layout":"","composite_add_to_cart_form_location":"","composite_editable_in_cart":false,"composite_sold_individually_context":"","composite_shop_price_calc":"","composite_components":[],"composite_scenarios":[],"group_of_quantity":0,"min_quantity":0,"max_quantity":"","exclude_order_quantity_value_rules":"no","exclude_category_quantity_rules":"no","combine_variations":"no","exclude_global_add_ons":[],"addons":[],"_links":{"self":[{"href":"https:\/\/www.huntersfriend.eu\/de\/wp-json\/wp\/v2\/product\/282397","targetHints":{"allow":["GET"]}}],"collection":[{"href":"https:\/\/www.huntersfriend.eu\/de\/wp-json\/wp\/v2\/product"}],"about":[{"href":"https:\/\/www.huntersfriend.eu\/de\/wp-json\/wp\/v2\/types\/product"}],"replies":[{"embeddable":true,"href":"https:\/\/www.huntersfriend.eu\/de\/wp-json\/wp\/v2\/comments?post=282397"}],"wp:featuredmedia":[{"embeddable":true,"href":"https:\/\/www.huntersfriend.eu\/de\/wp-json\/wp\/v2\/media\/209672"}],"wp:attachment":[{"href":"https:\/\/www.huntersfriend.eu\/de\/wp-json\/wp\/v2\/media?parent=282397"}],"wp:term":[{"taxonomy":"product_brand","embeddable":true,"href":"https:\/\/www.huntersfriend.eu\/de\/wp-json\/wp\/v2\/product_brand?post=282397"},{"taxonomy":"product_cat","embeddable":true,"href":"https:\/\/www.huntersfriend.eu\/de\/wp-json\/wp\/v2\/product_cat?post=282397"},{"taxonomy":"product_tag","embeddable":true,"href":"https:\/\/www.huntersfriend.eu\/de\/wp-json\/wp\/v2\/product_tag?post=282397"}],"curies":[{"name":"wp","href":"https:\/\/api.w.org\/{rel}","templated":true}]}}