{"id":282396,"date":"2021-06-16T11:22:23","date_gmt":"2025-06-23T11:48:53","guid":{"rendered":"https:\/\/www.huntersfriend.eu\/product\/alps-outdoorz-trail-blazer-2\/"},"modified":"2025-06-23T13:48:53","modified_gmt":"2025-06-23T11:48:53","slug":"alps-outdoorz-trail-blazer-2","status":"publish","type":"product","link":"https:\/\/www.huntersfriend.eu\/de\/produkt\/alps-outdoorz-trail-blazer-2\/","title":{"rendered":"Alps outdoorz Trail blazer"},"content":{"rendered":"<p>Ein multifunktionaler Tagesrucksack mit einer herunterklappbaren Tasche f\u00fcr den Transport von Gewehr oder Bogen. Der Rucksack verf\u00fcgt \u00fcber ein Fassungsverm\u00f6gen von 41 Litern sowie \u00fcber ein separates Trinkblasenfach und einen Anschluss. An beiden Seiten befinden sich Netztaschen f\u00fcr Trinkflaschen. Des Weiteren ist der Rucksack mit einer integrierten HiVis-orangefarbenen Regenh\u00fclle ausgestattet.   <\/p>\n<p>&nbsp;<\/p>\n<ul>\n<li>Adjustierbare Klapptasche f\u00fcr Gewehre oder B\u00f6gen<\/li>\n<li>Ger\u00e4umiges Hauptfach zur Aufbewahrung gr\u00f6\u00dferer Gegenst\u00e4nde<\/li>\n<li>Rei\u00dfverschlussfach an der Au\u00dfenseite des Hauptfachs f\u00fcr kleineres Zubeh\u00f6r<\/li>\n<li>Integrierte HiVis-orangefarbene Regenh\u00fclle<\/li>\n<li>Fach und Anschluss f\u00fcr Hydratationssystem<\/li>\n<li>Verstellbarer H\u00fcft- und Brustgurt<\/li>\n<\/ul>\n","protected":false},"excerpt":{"rendered":"<p>Country Tarnmuster<\/p>\n","protected":false},"featured_media":209640,"comment_status":"open","ping_status":"closed","template":"","meta":[],"product_brand":[],"product_cat":[1145],"product_tag":[],"class_list":{"0":"post-282396","1":"product","2":"type-product","3":"status-publish","4":"has-post-thumbnail","6":"product_cat-sonstiges","8":"first","9":"outofstock","10":"taxable","11":"shipping-taxable","12":"purchasable","13":"product-type-simple"},"composite_virtual":false,"composite_layout":"","composite_add_to_cart_form_location":"","composite_editable_in_cart":false,"composite_sold_individually_context":"","composite_shop_price_calc":"","composite_components":[],"composite_scenarios":[],"group_of_quantity":0,"min_quantity":0,"max_quantity":"","exclude_order_quantity_value_rules":"no","exclude_category_quantity_rules":"no","combine_variations":"no","exclude_global_add_ons":[],"addons":[],"_links":{"self":[{"href":"https:\/\/www.huntersfriend.eu\/de\/wp-json\/wp\/v2\/product\/282396","targetHints":{"allow":["GET"]}}],"collection":[{"href":"https:\/\/www.huntersfriend.eu\/de\/wp-json\/wp\/v2\/product"}],"about":[{"href":"https:\/\/www.huntersfriend.eu\/de\/wp-json\/wp\/v2\/types\/product"}],"replies":[{"embeddable":true,"href":"https:\/\/www.huntersfriend.eu\/de\/wp-json\/wp\/v2\/comments?post=282396"}],"wp:featuredmedia":[{"embeddable":true,"href":"https:\/\/www.huntersfriend.eu\/de\/wp-json\/wp\/v2\/media\/209640"}],"wp:attachment":[{"href":"https:\/\/www.huntersfriend.eu\/de\/wp-json\/wp\/v2\/media?parent=282396"}],"wp:term":[{"taxonomy":"product_brand","embeddable":true,"href":"https:\/\/www.huntersfriend.eu\/de\/wp-json\/wp\/v2\/product_brand?post=282396"},{"taxonomy":"product_cat","embeddable":true,"href":"https:\/\/www.huntersfriend.eu\/de\/wp-json\/wp\/v2\/product_cat?post=282396"},{"taxonomy":"product_tag","embeddable":true,"href":"https:\/\/www.huntersfriend.eu\/de\/wp-json\/wp\/v2\/product_tag?post=282396"}],"curies":[{"name":"wp","href":"https:\/\/api.w.org\/{rel}","templated":true}]}}