{"id":282394,"date":"2021-09-23T14:28:19","date_gmt":"2025-06-23T11:48:40","guid":{"rendered":"https:\/\/www.huntersfriend.eu\/product\/cbe-cx5-carbon-bar-5pin-019-black-rh-lh\/"},"modified":"2025-06-23T13:48:40","modified_gmt":"2025-06-23T11:48:40","slug":"cbe-cx5-carbon-bar-5pin-019-black-rh-lh","status":"publish","type":"product","link":"https:\/\/www.huntersfriend.eu\/de\/produkt\/cbe-cx5-carbon-bar-5pin-019-black-rh-lh\/","title":{"rendered":"CBE CX5 carbon Bar 5PIN .019 \/ BLACK RH\/LH"},"content":{"rendered":"<p>Mit einem Gewicht von lediglich 255 Gramm reduziert das CX5 \u00fcberfl\u00fcssige Masse durch den Einsatz einer Verl\u00e4ngerungsstange aus hochmoduligem Kohlenstofffaserverbundwerkstoff. Die Kohlenstofffaserstange verleiht dem Visier nicht nur eine au\u00dferordentliche Leichtigkeit, sondern auch eine bemerkenswerte Steifigkeit, w\u00e4hrend die Schwalbenschwanz-Montagehalterungen, die Verstellschienen und das Zielfernrohrgeh\u00e4use aus Aluminium gefertigt sind, um die Best\u00e4ndigkeit zu maximieren. Mit der M\u00f6glichkeit zur Justierung sowohl der zweiten als auch der dritten Achse bietet das CX5 s\u00e4mtliche erstklassigen Visierfunktionen, die von Bogenj\u00e4gern und Bogensch\u00fctzen ben\u00f6tigt werden. Mit den f\u00fcnf .019 Blade-Style Pins, 12 Zoll Glasfaser pro Pin und einem inkludierten Rheostatlicht stellen suboptimale Lichtverh\u00e4ltnisse kein Hindernis dar. Die mikroverstellbaren und multiplen Montagepositionen f\u00fcr die H\u00f6hen- und Seitenverstellung optimieren den Anvisierungsprozess. Das CX5 ist f\u00fcr beidh\u00e4ndige Verwendung konzipiert und wird als Rechtsh\u00e4nder-Visier ausgeliefert, l\u00e4sst sich jedoch problemlos f\u00fcr Linksh\u00e4nder umkonfigurieren. Komplement\u00e4r zum Rheostat-Licht wird das CX5 mit insgesamt vier verschiedenfarbigen Peep-Ausrichtungsringen geliefert, um eine pr\u00e4zise Anpassung des Visiers an individuelle Anforderungen zu erm\u00f6glichen.      <\/p>\n","protected":false},"excerpt":{"rendered":"<p>5 pin Schwarz 0.019, RH\/LH<\/p>\n","protected":false},"featured_media":220853,"comment_status":"open","ping_status":"closed","template":"","meta":[],"product_brand":[],"product_cat":[1119],"product_tag":[],"class_list":{"0":"post-282394","1":"product","2":"type-product","3":"status-publish","4":"has-post-thumbnail","6":"product_cat-jagd-visiere","8":"first","9":"instock","10":"taxable","11":"shipping-taxable","12":"purchasable","13":"product-type-simple"},"composite_virtual":false,"composite_layout":"","composite_add_to_cart_form_location":"","composite_editable_in_cart":false,"composite_sold_individually_context":"","composite_shop_price_calc":"","composite_components":[],"composite_scenarios":[],"group_of_quantity":0,"min_quantity":0,"max_quantity":"","exclude_order_quantity_value_rules":"no","exclude_category_quantity_rules":"no","combine_variations":"no","exclude_global_add_ons":[],"addons":[],"_links":{"self":[{"href":"https:\/\/www.huntersfriend.eu\/de\/wp-json\/wp\/v2\/product\/282394","targetHints":{"allow":["GET"]}}],"collection":[{"href":"https:\/\/www.huntersfriend.eu\/de\/wp-json\/wp\/v2\/product"}],"about":[{"href":"https:\/\/www.huntersfriend.eu\/de\/wp-json\/wp\/v2\/types\/product"}],"replies":[{"embeddable":true,"href":"https:\/\/www.huntersfriend.eu\/de\/wp-json\/wp\/v2\/comments?post=282394"}],"wp:featuredmedia":[{"embeddable":true,"href":"https:\/\/www.huntersfriend.eu\/de\/wp-json\/wp\/v2\/media\/220853"}],"wp:attachment":[{"href":"https:\/\/www.huntersfriend.eu\/de\/wp-json\/wp\/v2\/media?parent=282394"}],"wp:term":[{"taxonomy":"product_brand","embeddable":true,"href":"https:\/\/www.huntersfriend.eu\/de\/wp-json\/wp\/v2\/product_brand?post=282394"},{"taxonomy":"product_cat","embeddable":true,"href":"https:\/\/www.huntersfriend.eu\/de\/wp-json\/wp\/v2\/product_cat?post=282394"},{"taxonomy":"product_tag","embeddable":true,"href":"https:\/\/www.huntersfriend.eu\/de\/wp-json\/wp\/v2\/product_tag?post=282394"}],"curies":[{"name":"wp","href":"https:\/\/api.w.org\/{rel}","templated":true}]}}