{"id":282392,"date":"2021-07-07T14:20:36","date_gmt":"2021-07-07T12:20:36","guid":{"rendered":"https:\/\/www.huntersfriend.eu\/product\/endanflug-letzter-ueberflug-stockenten-lockente\/"},"modified":"2026-01-02T12:12:59","modified_gmt":"2026-01-02T10:12:59","slug":"endanflug-letzter-ueberflug-stockenten-lockente","status":"publish","type":"product","link":"https:\/\/www.huntersfriend.eu\/de\/produkt\/endanflug-letzter-ueberflug-stockenten-lockente\/","title":{"rendered":"Endanflug letzter \u00dcberflug Stockenten Lockente"},"content":{"rendered":"<p>Wir beabsichtigten, Ihnen einen K\u00f6der zu einem au\u00dferordentlich vorteilhaften Preis mit einer herausragenden Lackierung anzubieten. Diese K\u00f6der zeichnen sich durch ihr geringes Gewicht und ihre kompaktere Gr\u00f6\u00dfe im Vergleich zu unserer Live Series Mallards aus, was sie pr\u00e4destiniert f\u00fcr l\u00e4ngere Anmarschwege zu den Jagdrevieren macht oder es erm\u00f6glicht, eine gr\u00f6\u00dfere Anzahl von K\u00f6dern in einem Netzbeutel oder einem kleinen Boot unterzubringen. <\/p>\n<p>12er-Pack<br \/>DIE GLEICHE ROBUSTE KONSTRUKTION UND LANGLEBIGKEIT WIE IMMER!<br \/>Neue Schnitzereien vom 17-fachen Weltmeister Pat Godin!<br \/>Ideal zur Erg\u00e4nzung Ihrer Auslage mit zus\u00e4tzlichen Exemplaren<br \/>Geringes Gewicht<br \/>Solide einteilige Konstruktion,<br \/>Beschwerter Kiel und Schnurverschlusssystem<br \/>Enth\u00e4lt: 6 Erpel und 6 Hennen<\/p>\n<p>Achtung! Online-Bestellungen sind auf eine Box pro Bestellung limitiert. Bei Bedarf gr\u00f6\u00dferer Mengen bitten wir Sie h\u00f6flichst, sich zur Ermittlung der Versandkosten direkt mit unserem Kundendienst in Verbindung zu setzen.  <\/p>\n","protected":false},"excerpt":{"rendered":"<p>12 St\u00fcck pro Packung, 6 Enten und 6 Erpel  <\/p>\n","protected":false},"featured_media":208742,"comment_status":"open","ping_status":"closed","template":"","meta":[],"product_brand":[],"product_cat":[1368],"product_tag":[],"class_list":{"0":"post-282392","1":"product","2":"type-product","3":"status-publish","4":"has-post-thumbnail","6":"product_cat-enten-lockvogel","7":"product_shipping_class-big-de","9":"first","10":"instock","11":"sale","12":"taxable","13":"shipping-taxable","14":"purchasable","15":"product-type-simple"},"composite_virtual":false,"composite_layout":"","composite_add_to_cart_form_location":"","composite_editable_in_cart":false,"composite_sold_individually_context":"","composite_shop_price_calc":"","composite_components":[],"composite_scenarios":[],"group_of_quantity":0,"min_quantity":0,"max_quantity":"","exclude_order_quantity_value_rules":"no","exclude_category_quantity_rules":"no","combine_variations":"no","exclude_global_add_ons":[],"addons":[],"_links":{"self":[{"href":"https:\/\/www.huntersfriend.eu\/de\/wp-json\/wp\/v2\/product\/282392","targetHints":{"allow":["GET"]}}],"collection":[{"href":"https:\/\/www.huntersfriend.eu\/de\/wp-json\/wp\/v2\/product"}],"about":[{"href":"https:\/\/www.huntersfriend.eu\/de\/wp-json\/wp\/v2\/types\/product"}],"replies":[{"embeddable":true,"href":"https:\/\/www.huntersfriend.eu\/de\/wp-json\/wp\/v2\/comments?post=282392"}],"wp:featuredmedia":[{"embeddable":true,"href":"https:\/\/www.huntersfriend.eu\/de\/wp-json\/wp\/v2\/media\/208742"}],"wp:attachment":[{"href":"https:\/\/www.huntersfriend.eu\/de\/wp-json\/wp\/v2\/media?parent=282392"}],"wp:term":[{"taxonomy":"product_brand","embeddable":true,"href":"https:\/\/www.huntersfriend.eu\/de\/wp-json\/wp\/v2\/product_brand?post=282392"},{"taxonomy":"product_cat","embeddable":true,"href":"https:\/\/www.huntersfriend.eu\/de\/wp-json\/wp\/v2\/product_cat?post=282392"},{"taxonomy":"product_tag","embeddable":true,"href":"https:\/\/www.huntersfriend.eu\/de\/wp-json\/wp\/v2\/product_tag?post=282392"}],"curies":[{"name":"wp","href":"https:\/\/api.w.org\/{rel}","templated":true}]}}