{"id":282389,"date":"2021-09-01T14:21:16","date_gmt":"2021-09-01T12:21:16","guid":{"rendered":"https:\/\/www.huntersfriend.eu\/product\/armytek-18650-li-ion-3500-mah\/"},"modified":"2025-07-27T05:56:09","modified_gmt":"2025-07-27T03:56:09","slug":"armytek-18650-li-ion-3500-mah","status":"publish","type":"product","link":"https:\/\/www.huntersfriend.eu\/de\/produkt\/armytek-18650-li-ion-3500-mah\/","title":{"rendered":"Armytek 18650 Li-ion 3500 mAh"},"content":{"rendered":"<p>Armytek 18650 Li-Ion 3500 mAh Akkumulatoren bieten maximale Kapazit\u00e4t und Laufzeit f\u00fcr Ger\u00e4te mit hoher Stromst\u00e4rke. Sie sind mit den meisten Armytek Taschenlampen kompatibel. <\/p>\n<ul>\n<li>Hochwertige Batteriezelle mit einer Ausgangsspannung von 3,7 V.<\/li>\n<li>Ohne PCB (Schutzschaltung), f\u00fcr Taschenlampen mit integriertem Batterieschutz.<\/li>\n<li>Flachpol-Batterie.<\/li>\n<li>Einsatzf\u00e4higkeit auch unter hoher Belastung. Hohe Entladestromrate von bis zu 13 A. <\/li>\n<li>Sicherheitsventil mit thermischem Abschaltschutz.<\/li>\n<li>Mindestens 500 Lade-\/Entladezyklen.<\/li>\n<li>Funktionsf\u00e4hig f\u00fcr bis zu 5 Jahre.<\/li>\n<\/ul>\n<p>&nbsp;<\/p>\n","protected":false},"excerpt":{"rendered":"<p>Armytek 18650 Li-Ion 3500 mAh Akkumulatoren bieten maximale Kapazit\u00e4t und Laufzeit f\u00fcr Ger\u00e4te mit hoher Stromst\u00e4rke. Sie sind mit den meisten Armytek Taschenlampen kompatibel. Hochwertige Batteriezelle mit einer Ausgangsspannung von 3,7 V. Ohne PCB (Schutzschaltung), f\u00fcr Taschenlampen mit integriertem Batterieschutz. Flachpol-Batterie. Einsatzf\u00e4higkeit auch unter hoher Belastung. Hohe Entladestromrate von bis zu 13 A. Sicherheitsventil mit [&#8230;]\n","protected":false},"featured_media":213070,"comment_status":"open","ping_status":"closed","template":"","meta":[],"product_brand":[],"product_cat":[1145],"product_tag":[],"class_list":{"0":"post-282389","1":"product","2":"type-product","3":"status-publish","4":"has-post-thumbnail","6":"product_cat-sonstiges","8":"first","9":"outofstock","10":"taxable","11":"shipping-taxable","12":"purchasable","13":"product-type-simple"},"composite_virtual":false,"composite_layout":"","composite_add_to_cart_form_location":"","composite_editable_in_cart":false,"composite_sold_individually_context":"","composite_shop_price_calc":"","composite_components":[],"composite_scenarios":[],"group_of_quantity":0,"min_quantity":0,"max_quantity":"","exclude_order_quantity_value_rules":"no","exclude_category_quantity_rules":"no","combine_variations":"no","exclude_global_add_ons":[],"addons":[],"_links":{"self":[{"href":"https:\/\/www.huntersfriend.eu\/de\/wp-json\/wp\/v2\/product\/282389","targetHints":{"allow":["GET"]}}],"collection":[{"href":"https:\/\/www.huntersfriend.eu\/de\/wp-json\/wp\/v2\/product"}],"about":[{"href":"https:\/\/www.huntersfriend.eu\/de\/wp-json\/wp\/v2\/types\/product"}],"replies":[{"embeddable":true,"href":"https:\/\/www.huntersfriend.eu\/de\/wp-json\/wp\/v2\/comments?post=282389"}],"wp:featuredmedia":[{"embeddable":true,"href":"https:\/\/www.huntersfriend.eu\/de\/wp-json\/wp\/v2\/media\/213070"}],"wp:attachment":[{"href":"https:\/\/www.huntersfriend.eu\/de\/wp-json\/wp\/v2\/media?parent=282389"}],"wp:term":[{"taxonomy":"product_brand","embeddable":true,"href":"https:\/\/www.huntersfriend.eu\/de\/wp-json\/wp\/v2\/product_brand?post=282389"},{"taxonomy":"product_cat","embeddable":true,"href":"https:\/\/www.huntersfriend.eu\/de\/wp-json\/wp\/v2\/product_cat?post=282389"},{"taxonomy":"product_tag","embeddable":true,"href":"https:\/\/www.huntersfriend.eu\/de\/wp-json\/wp\/v2\/product_tag?post=282389"}],"curies":[{"name":"wp","href":"https:\/\/api.w.org\/{rel}","templated":true}]}}