{"id":282384,"date":"2021-08-24T14:20:35","date_gmt":"2025-06-23T11:48:34","guid":{"rendered":"https:\/\/www.huntersfriend.eu\/product\/spot-hogg-grinder-mrt-5-pin-0010-micro-rh\/"},"modified":"2025-08-27T11:18:35","modified_gmt":"2025-08-27T09:18:35","slug":"spot-hogg-grinder-mrt-5-pin-0010-micro-rh","status":"publish","type":"product","link":"https:\/\/www.huntersfriend.eu\/de\/produkt\/spot-hogg-grinder-mrt-5-pin-0010-micro-rh\/","title":{"rendered":"Spot Hogg Grinder MRT \/ 5 PIN 0,010&#8243; MICRO RH"},"content":{"rendered":"<p>Der Grinder wurde unter Ber\u00fccksichtigung des hart arbeitenden, intensiv jagenden und gel\u00e4ndeg\u00e4ngigen J\u00e4gers konzipiert. Dieses Visier wurde von Grund auf solide konstruiert und als ein unkompliziertes Jagdvisier entworfen, das man einmal einstellt und dann vergessen kann. Wenn Sie auf der Suche nach einem kompakten, leicht verstellbaren Festpinvisier sind, das selbst den anspruchsvollsten Jagden<br \/>\ntag f\u00fcr Tag, Jahr f\u00fcr Jahr standhalten kann, sind Sie hier genau richtig.  <\/p>\n<div class=\"bg_title\">\n<h4 class=\"headInModule\">MERKMALE:<\/h4>\n<\/div>\n<div class=\"module_content\">\u2022 Erh\u00e4ltlich mit oder ohne Gruppen-Mikroverstellung<br \/>\n\u2022 Das leichteste Festpinvisier in unserem Sortiment<br \/>\n\u2022 Einfache, robuste Gruppenverstellungen<br \/>\n\u2022 Robustes, kompaktes Design<br \/>\n\u2022 Solide Konstruktion aus 6061 Aluminium<\/div>\n","protected":false},"excerpt":{"rendered":"<p>5 Pins, Schwarz, 0,010, Rechtsh\u00e4nder<\/p>\n","protected":false},"featured_media":214210,"comment_status":"open","ping_status":"closed","template":"","meta":[],"product_brand":[],"product_cat":[1119],"product_tag":[],"class_list":{"0":"post-282384","1":"product","2":"type-product","3":"status-publish","4":"has-post-thumbnail","6":"product_cat-jagd-visiere","8":"first","9":"instock","10":"taxable","11":"shipping-taxable","12":"purchasable","13":"product-type-simple"},"composite_virtual":false,"composite_layout":"","composite_add_to_cart_form_location":"","composite_editable_in_cart":false,"composite_sold_individually_context":"","composite_shop_price_calc":"","composite_components":[],"composite_scenarios":[],"group_of_quantity":0,"min_quantity":0,"max_quantity":"","exclude_order_quantity_value_rules":"no","exclude_category_quantity_rules":"no","combine_variations":"no","exclude_global_add_ons":[],"addons":[],"_links":{"self":[{"href":"https:\/\/www.huntersfriend.eu\/de\/wp-json\/wp\/v2\/product\/282384","targetHints":{"allow":["GET"]}}],"collection":[{"href":"https:\/\/www.huntersfriend.eu\/de\/wp-json\/wp\/v2\/product"}],"about":[{"href":"https:\/\/www.huntersfriend.eu\/de\/wp-json\/wp\/v2\/types\/product"}],"replies":[{"embeddable":true,"href":"https:\/\/www.huntersfriend.eu\/de\/wp-json\/wp\/v2\/comments?post=282384"}],"wp:featuredmedia":[{"embeddable":true,"href":"https:\/\/www.huntersfriend.eu\/de\/wp-json\/wp\/v2\/media\/214210"}],"wp:attachment":[{"href":"https:\/\/www.huntersfriend.eu\/de\/wp-json\/wp\/v2\/media?parent=282384"}],"wp:term":[{"taxonomy":"product_brand","embeddable":true,"href":"https:\/\/www.huntersfriend.eu\/de\/wp-json\/wp\/v2\/product_brand?post=282384"},{"taxonomy":"product_cat","embeddable":true,"href":"https:\/\/www.huntersfriend.eu\/de\/wp-json\/wp\/v2\/product_cat?post=282384"},{"taxonomy":"product_tag","embeddable":true,"href":"https:\/\/www.huntersfriend.eu\/de\/wp-json\/wp\/v2\/product_tag?post=282384"}],"curies":[{"name":"wp","href":"https:\/\/api.w.org\/{rel}","templated":true}]}}