{"id":282383,"date":"2021-06-16T13:50:34","date_gmt":"2021-06-16T11:50:34","guid":{"rendered":"https:\/\/www.huntersfriend.eu\/product\/bearpaw-mohican-recurve-wurfarme\/"},"modified":"2026-03-27T10:17:32","modified_gmt":"2026-03-27T08:17:32","slug":"bearpaw-mohican-recurve-wurfarme","status":"publish","type":"product","link":"https:\/\/www.huntersfriend.eu\/de\/produkt\/bearpaw-mohican-recurve-wurfarme\/","title":{"rendered":"Bearpaw Mohican Recurve-Wurfarme"},"content":{"rendered":"<p>Wenn es um zerlegbare Recurveb\u00f6gen in der Anf\u00e4ngerklasse geht, ist der Mohican ein Bogen, der nicht \u00fcbersehen werden kann. Die Recurve-Wurfarme lassen sich wunderbar geschmeidig ziehen und bieten ein hervorragendes Leistungsniveau. <\/p>\n<ul>\n<li>Zuggewichte: 25 &#8211; 50 lbs<\/li>\n<li>Bogenl\u00e4nge: 60 Zoll<\/li>\n<li>Sehne: Whisper-Sehne, Fast Flight, Dynaflight<\/li>\n<li>Qualit\u00e4t: Deutsche Konstruktion<\/li>\n<\/ul>\n<p>Dies ist der perfekte Bogen, um mit dem Bogenschie\u00dfen zu beginnen. Ausgezeichnete Qualit\u00e4t zu einem fantastischen Preis-Leistungs-Verh\u00e4ltnis. <\/p>\n","protected":false},"excerpt":{"rendered":"<p>Wenn es um zerlegbare Recurveb\u00f6gen in der Anf\u00e4ngerklasse geht, ist der Mohican ein Bogen, der nicht \u00fcbersehen werden kann. Die Recurve-Wurfarme lassen sich wunderbar geschmeidig ziehen und bieten ein hervorragendes Leistungsniveau. Zuggewichte: 25 &#8211; 50 lbs Bogenl\u00e4nge: 60 Zoll Sehne: Whisper-Sehne, Fast Flight, Dynaflight Qualit\u00e4t: Deutsche Konstruktion Dies ist der perfekte Bogen, um mit dem [&#8230;]\n","protected":false},"featured_media":206800,"comment_status":"open","ping_status":"closed","template":"","meta":[],"product_brand":[],"product_cat":[1225,1222],"product_tag":[],"class_list":{"0":"post-282383","1":"product","2":"type-product","3":"status-publish","4":"has-post-thumbnail","6":"product_cat-recurve-wurfarme-traditionell","7":"product_cat-sonderangebote","9":"first","10":"instock","11":"sale","12":"taxable","13":"shipping-taxable","14":"purchasable","15":"product-type-variable"},"composite_virtual":false,"composite_layout":"","composite_add_to_cart_form_location":"","composite_editable_in_cart":false,"composite_sold_individually_context":"","composite_shop_price_calc":"","composite_components":[],"composite_scenarios":[],"group_of_quantity":0,"min_quantity":0,"max_quantity":"","exclude_order_quantity_value_rules":"no","exclude_category_quantity_rules":"no","combine_variations":"no","exclude_global_add_ons":[],"addons":[],"_links":{"self":[{"href":"https:\/\/www.huntersfriend.eu\/de\/wp-json\/wp\/v2\/product\/282383","targetHints":{"allow":["GET"]}}],"collection":[{"href":"https:\/\/www.huntersfriend.eu\/de\/wp-json\/wp\/v2\/product"}],"about":[{"href":"https:\/\/www.huntersfriend.eu\/de\/wp-json\/wp\/v2\/types\/product"}],"replies":[{"embeddable":true,"href":"https:\/\/www.huntersfriend.eu\/de\/wp-json\/wp\/v2\/comments?post=282383"}],"wp:featuredmedia":[{"embeddable":true,"href":"https:\/\/www.huntersfriend.eu\/de\/wp-json\/wp\/v2\/media\/206800"}],"wp:attachment":[{"href":"https:\/\/www.huntersfriend.eu\/de\/wp-json\/wp\/v2\/media?parent=282383"}],"wp:term":[{"taxonomy":"product_brand","embeddable":true,"href":"https:\/\/www.huntersfriend.eu\/de\/wp-json\/wp\/v2\/product_brand?post=282383"},{"taxonomy":"product_cat","embeddable":true,"href":"https:\/\/www.huntersfriend.eu\/de\/wp-json\/wp\/v2\/product_cat?post=282383"},{"taxonomy":"product_tag","embeddable":true,"href":"https:\/\/www.huntersfriend.eu\/de\/wp-json\/wp\/v2\/product_tag?post=282383"}],"curies":[{"name":"wp","href":"https:\/\/api.w.org\/{rel}","templated":true}]}}