{"id":282382,"date":"2021-07-26T11:22:42","date_gmt":"2025-06-23T11:48:33","guid":{"rendered":"https:\/\/www.huntersfriend.eu\/product\/bohning-ferr-l-tite-cool-flex-heissschmelzklebstoff\/"},"modified":"2026-04-21T06:52:07","modified_gmt":"2026-04-21T04:52:07","slug":"bohning-ferr-l-tite-cool-flex-heissschmelzklebstoff","status":"publish","type":"product","link":"https:\/\/www.huntersfriend.eu\/de\/produkt\/bohning-ferr-l-tite-cool-flex-heissschmelzklebstoff\/","title":{"rendered":"Bohning FERR-l-TITE COOL-FLEX Hei\u00dfschmelzklebstoff"},"content":{"rendered":"<p>Ferr-L-Tite Cool Flex wurde f\u00fcr Spitzen, Eins\u00e4tze, Au\u00dfeneins\u00e4tze und Stiftbuchsen an Carbonsch\u00e4ften konzipiert. Dieser Hei\u00dfschmelzklebstoff verf\u00fcgt \u00fcber flexible Eigenschaften, die ein Rei\u00dfen selbst nach wiederholten Zieleinschl\u00e4gen verhindern. Cool Flex ist unerl\u00e4sslich f\u00fcr Carbonsch\u00e4fte, eignet sich aber auch hervorragend f\u00fcr Aluminium und Glasfaser. F\u00fcr die Installation ist eine Flamme erforderlich, jedoch gen\u00fcgt HEISSES WASSER f\u00fcr eine einfache Anpassung, den Austausch oder die Entfernung von Spitzen, Eins\u00e4tzen, Au\u00dfeneins\u00e4tzen und Stiftbuchsen. Cool Flex ist vollst\u00e4ndig ausgeh\u00e4rtet, sobald es Raumtemperatur erreicht hat (nach etwa 5 Minuten), und sein Schmelzpunkt liegt bei 280\u00b0F (137,8\u00b0C). Erh\u00e4ltlich in 12-Gramm-St\u00e4ben. Kein Verfallsdatum. Zertifiziert als kompatibel f\u00fcr Armbr\u00fcste.       <\/p>\n","protected":false},"excerpt":{"rendered":"<p>Ferr-L-Tite Cool Flex wurde f\u00fcr Spitzen, Eins\u00e4tze, Au\u00dfeneins\u00e4tze und Stiftbuchsen an Carbonsch\u00e4ften konzipiert. Dieser Hei\u00dfschmelzklebstoff verf\u00fcgt \u00fcber flexible Eigenschaften, die ein Rei\u00dfen selbst nach wiederholten Zieleinschl\u00e4gen verhindern. Cool Flex ist unerl\u00e4sslich f\u00fcr Carbonsch\u00e4fte, eignet sich aber auch hervorragend f\u00fcr Aluminium und Glasfaser. F\u00fcr die Installation ist eine Flamme erforderlich, jedoch gen\u00fcgt HEISSES WASSER f\u00fcr eine [&#8230;]\n","protected":false},"featured_media":217257,"comment_status":"open","ping_status":"closed","template":"","meta":[],"product_brand":[],"product_cat":[2988,822,1178],"product_tag":[],"class_list":{"0":"post-282382","1":"product","2":"type-product","3":"status-publish","4":"has-post-thumbnail","6":"product_cat-lim-och-fastmedel","7":"product_cat-glue-and-adhesives","8":"product_cat-kleber","10":"first","11":"instock","12":"taxable","13":"shipping-taxable","14":"purchasable","15":"product-type-simple"},"composite_virtual":false,"composite_layout":"","composite_add_to_cart_form_location":"","composite_editable_in_cart":false,"composite_sold_individually_context":"","composite_shop_price_calc":"","composite_components":[],"composite_scenarios":[],"group_of_quantity":0,"min_quantity":0,"max_quantity":"","exclude_order_quantity_value_rules":"no","exclude_category_quantity_rules":"no","combine_variations":"no","exclude_global_add_ons":[],"addons":[],"_links":{"self":[{"href":"https:\/\/www.huntersfriend.eu\/de\/wp-json\/wp\/v2\/product\/282382","targetHints":{"allow":["GET"]}}],"collection":[{"href":"https:\/\/www.huntersfriend.eu\/de\/wp-json\/wp\/v2\/product"}],"about":[{"href":"https:\/\/www.huntersfriend.eu\/de\/wp-json\/wp\/v2\/types\/product"}],"replies":[{"embeddable":true,"href":"https:\/\/www.huntersfriend.eu\/de\/wp-json\/wp\/v2\/comments?post=282382"}],"wp:featuredmedia":[{"embeddable":true,"href":"https:\/\/www.huntersfriend.eu\/de\/wp-json\/wp\/v2\/media\/217257"}],"wp:attachment":[{"href":"https:\/\/www.huntersfriend.eu\/de\/wp-json\/wp\/v2\/media?parent=282382"}],"wp:term":[{"taxonomy":"product_brand","embeddable":true,"href":"https:\/\/www.huntersfriend.eu\/de\/wp-json\/wp\/v2\/product_brand?post=282382"},{"taxonomy":"product_cat","embeddable":true,"href":"https:\/\/www.huntersfriend.eu\/de\/wp-json\/wp\/v2\/product_cat?post=282382"},{"taxonomy":"product_tag","embeddable":true,"href":"https:\/\/www.huntersfriend.eu\/de\/wp-json\/wp\/v2\/product_tag?post=282382"}],"curies":[{"name":"wp","href":"https:\/\/api.w.org\/{rel}","templated":true}]}}