{"id":282378,"date":"2021-06-01T11:40:35","date_gmt":"2021-06-01T09:40:35","guid":{"rendered":"https:\/\/www.huntersfriend.eu\/product\/bearpaw-seitenkoecher-roehre\/"},"modified":"2026-03-26T13:45:07","modified_gmt":"2026-03-26T11:45:07","slug":"bearpaw-seitenkoecher-roehre","status":"publish","type":"product","link":"https:\/\/www.huntersfriend.eu\/de\/produkt\/bearpaw-seitenkoecher-roehre\/","title":{"rendered":"Bearpaw Seitenk\u00f6cher-R\u00f6hre"},"content":{"rendered":"<p>Funktionalit\u00e4t im traditionellen Stil! Der Seitenk\u00f6cher ist aus feinstem Veloursleder gefertigt und bietet mit seinen 3 Taschen reichlich Platz f\u00fcr Pfeile und Zubeh\u00f6r. <\/p>\n<p>Qualit\u00e4t, die man sofort sp\u00fcren kann!<\/p>\n<ul>\n<li>Leder: Hirschleder honigbraun<\/li>\n<li>L\u00e4nge: ca. 47 cm<\/li>\n<li>Extras: 3 Zubeh\u00f6rtaschen und Pfeilr\u00f6hren<\/li>\n<\/ul>\n","protected":false},"excerpt":{"rendered":"<p>Honigbraunes Leder<\/p>\n","protected":false},"featured_media":205219,"comment_status":"open","ping_status":"closed","template":"","meta":[],"product_brand":[],"product_cat":[1154,1155,1222],"product_tag":[],"class_list":{"0":"post-282378","1":"product","2":"type-product","3":"status-publish","4":"has-post-thumbnail","6":"product_cat-feldkoecher","7":"product_cat-scheiben-huftkocher","8":"product_cat-sonderangebote","10":"first","11":"instock","12":"sale","13":"taxable","14":"shipping-taxable","15":"purchasable","16":"product-type-variable"},"composite_virtual":false,"composite_layout":"","composite_add_to_cart_form_location":"","composite_editable_in_cart":false,"composite_sold_individually_context":"","composite_shop_price_calc":"","composite_components":[],"composite_scenarios":[],"group_of_quantity":0,"min_quantity":0,"max_quantity":"","exclude_order_quantity_value_rules":"no","exclude_category_quantity_rules":"no","combine_variations":"no","exclude_global_add_ons":[],"addons":[],"_links":{"self":[{"href":"https:\/\/www.huntersfriend.eu\/de\/wp-json\/wp\/v2\/product\/282378","targetHints":{"allow":["GET"]}}],"collection":[{"href":"https:\/\/www.huntersfriend.eu\/de\/wp-json\/wp\/v2\/product"}],"about":[{"href":"https:\/\/www.huntersfriend.eu\/de\/wp-json\/wp\/v2\/types\/product"}],"replies":[{"embeddable":true,"href":"https:\/\/www.huntersfriend.eu\/de\/wp-json\/wp\/v2\/comments?post=282378"}],"wp:featuredmedia":[{"embeddable":true,"href":"https:\/\/www.huntersfriend.eu\/de\/wp-json\/wp\/v2\/media\/205219"}],"wp:attachment":[{"href":"https:\/\/www.huntersfriend.eu\/de\/wp-json\/wp\/v2\/media?parent=282378"}],"wp:term":[{"taxonomy":"product_brand","embeddable":true,"href":"https:\/\/www.huntersfriend.eu\/de\/wp-json\/wp\/v2\/product_brand?post=282378"},{"taxonomy":"product_cat","embeddable":true,"href":"https:\/\/www.huntersfriend.eu\/de\/wp-json\/wp\/v2\/product_cat?post=282378"},{"taxonomy":"product_tag","embeddable":true,"href":"https:\/\/www.huntersfriend.eu\/de\/wp-json\/wp\/v2\/product_tag?post=282378"}],"curies":[{"name":"wp","href":"https:\/\/api.w.org\/{rel}","templated":true}]}}